{"id":2372,"date":"2025-06-16T23:23:20","date_gmt":"2025-06-16T23:23:20","guid":{"rendered":"https:\/\/polyvagalbodyworkers.com\/?post_type=product&#038;p=2372"},"modified":"2026-03-15T20:19:23","modified_gmt":"2026-03-15T20:19:23","slug":"reserva-pvmt3-cdmx-mexico","status":"publish","type":"product","link":"https:\/\/polyvagalbodyworkers.com\/_en\/product\/reserva-pvmt3-cdmx-mexico\/","title":{"rendered":"PVMT3 | CDMX"},"content":{"rendered":"<h2 data-start=\"201\" data-end=\"267\">\ud83e\udde0 Curso Terapia Manual Polivagal CDMX \u2013 PVMT3 Mayo 2026<\/h2>\n<p data-start=\"269\" data-end=\"397\"><strong data-start=\"269\" data-end=\"314\">Polyvagal Manual Therapy CDMX \u2013 Level 3<\/strong><br data-start=\"314\" data-end=\"317\" \/>Intensive in-person course for manual therapists who have already completed PVMT2.<\/p>\n<p data-start=\"399\" data-end=\"760\">This formation of <strong data-start=\"417\" data-end=\"463\">Polyvagal Manual Therapy in Mexico City \u2013 PVMT3<\/strong> is focused on addressing the <strong data-start=\"497\" data-end=\"517\">enteric nervous system<\/strong>, the axis <strong data-start=\"526\" data-end=\"544\">body-emotion<\/strong> and somatosentimental integration through manual contact. It is a profound clinical experience that connects visceral autonomic regulation with emotional health and the support of embodied trauma.<\/p>\n<p data-start=\"762\" data-end=\"1231\">For three days you will receive intensive training in specific techniques to intervene on the <strong data-start=\"864\" data-end=\"897\">abdominal and pelvic plexuses<\/strong>, <strong data-start=\"902\" data-end=\"944\">unmyelinated vagus nerve of the abdomen<\/strong>, <strong data-start=\"949\" data-end=\"962\">diaphragm<\/strong>, <strong data-start=\"967\" data-end=\"987\">splenic plexus<\/strong>, <strong data-start=\"992\" data-end=\"1011\">visceral fascia<\/strong> and key structures involved in internal perception and physiological states. The foundations of emotional treatment and the bottom-up-top-down pathway between body, emotion, and thought will also be addressed.<\/p>\n<p data-start=\"1233\" data-end=\"1478\">By the end of the course, you will have integrated new tools to manage complex physical and emotional symptoms such as digestive dysfunction, somatizations, visceral anxiety, retained trauma in the viscera, blocked breathing, and more.<\/p>\n<p>&nbsp;<\/p>\n<hr data-start=\"1480\" data-end=\"1483\" \/>\n<h4 data-start=\"183\" data-end=\"211\">\ud83d\udcc5 Course Information<\/h4>\n<ul data-start=\"213\" data-end=\"787\">\n<li data-start=\"213\" data-end=\"279\">\n<p data-start=\"215\" data-end=\"279\"><strong data-start=\"215\" data-end=\"226\">Dates: <\/strong>29, 30 y 31 de Mayo de 2026<\/p>\n<\/li>\n<li data-start=\"281\" data-end=\"428\">\n<p data-start=\"283\" data-end=\"428\"><strong data-start=\"283\" data-end=\"295\">Daily Schedule: <\/strong>From 9:00 a.m. to 1:00 p.m. and from 2:30 p.m. to 5:30 p.m.<br data-start=\"358\" data-end=\"361\" \/>\u00a0\u00a0\u00a0\u00a0<em data-start=\"385\" data-end=\"428\">(Check-in on the first day at 8:30 a.m.)<\/em><\/p>\n<\/li>\n<li data-start=\"430\" data-end=\"487\">\n<p data-start=\"432\" data-end=\"487\"><strong data-start=\"432\" data-end=\"446\">Location <\/strong>CDMX, M\u00e9xico<\/p>\n<\/li>\n<li data-start=\"489\" data-end=\"542\">\n<p data-start=\"491\" data-end=\"542\"><strong data-start=\"491\" data-end=\"505\">Mode <\/strong>In person.<\/p>\n<\/li>\n<li data-start=\"544\" data-end=\"615\">\n<p data-start=\"546\" data-end=\"615\"><strong data-start=\"546\" data-end=\"559\">Duration: <\/strong>3 days of intensive training<\/p>\n<\/li>\n<li data-start=\"617\" data-end=\"787\">\n<p data-start=\"619\" data-end=\"787\"><strong data-start=\"619\" data-end=\"631\">Includes: <\/strong>Official diploma, study guide, and access to the private student platform.<\/p>\n<\/li>\n<\/ul>\n<p>&nbsp;<\/p>\n<hr data-start=\"1742\" data-end=\"1745\" \/>\n<h4 data-start=\"1747\" data-end=\"1765\">\ud83d\udc68\u200d\ud83c\udfeb Professor<\/h4>\n<p data-start=\"1767\" data-end=\"1861\"><strong data-start=\"1767\" data-end=\"1784\">Mat\u00edas Chahab<\/strong>, PT, DO, BI-D, PVMT<br data-start=\"1804\" data-end=\"1807\" \/>Creator and developer of Polyvagal Manual Therapy<\/p>\n<p>&nbsp;<\/p>\n<hr data-start=\"1863\" data-end=\"1866\" \/>\n<h4 data-start=\"1521\" data-end=\"1537\">\ud83d\udcb0 Investment and payment methods<\/h4>\n<p><strong data-start=\"1272\" data-end=\"1329\">Total value: \u00a0<\/strong>$12,760 MXN.<strong data-start=\"1334\" data-end=\"1345\">\u00a0<\/strong><\/p>\n<p><strong data-start=\"2019\" data-end=\"2031\">Booking:<\/strong> $2,760 MXN (transfer or Mercado Pago).<\/p>\n<p><em>Data for the realization <strong>ONLY THE RESERVATION<\/strong> by transfer:<\/em><\/p>\n<ul>\n<li><strong>Name:<\/strong> Polyvagal Bodyworkers<\/li>\n<li><strong>Bank:<\/strong> BBVA<\/li>\n<li><strong>Account number:<\/strong> 011 758 8569<\/li>\n<li><strong>Key:<\/strong> 012 691 00117588569 5<\/li>\n<\/ul>\n<p><strong data-start=\"2078\" data-end=\"2088\">Rest:<\/strong> $10,000 MXN in CASH on the first day of the course.<\/p>\n<hr data-start=\"2053\" data-end=\"2056\" \/>\n<h4 data-start=\"2058\" data-end=\"2075\">\u26a0\ufe0f Important:<\/h4>\n<ul data-start=\"2077\" data-end=\"2356\">\n<li data-start=\"2077\" data-end=\"2135\">\n<p data-start=\"2079\" data-end=\"2135\"><em><strong>Exclusive course for those who have completed PVMT2<\/strong><\/em><\/p>\n<\/li>\n<li data-start=\"2136\" data-end=\"2155\">\n<p data-start=\"2138\" data-end=\"2155\">Limited quotas<\/p>\n<\/li>\n<li data-start=\"2156\" data-end=\"2238\">\n<p data-start=\"2158\" data-end=\"2238\">Do not book accommodation or flights until you receive official course confirmation.<\/p>\n<\/li>\n<li data-start=\"2239\" data-end=\"2356\">\n<p data-start=\"2241\" data-end=\"2356\">Send your reservation receipt to: <a class=\"cursor-pointer\" rel=\"noopener\" data-start=\"2287\" data-end=\"2356\">pvmt@polyvagalbodyworkers.com<\/a><\/p>\n<\/li>\n<\/ul>\n<p>&nbsp;<\/p>\n<hr data-start=\"2358\" data-end=\"2361\" \/>\n<h4 data-start=\"2363\" data-end=\"2384\">\ud83d\udd17 Useful links<\/h4>\n<ul data-start=\"2386\" data-end=\"2629\">\n<li data-start=\"2386\" data-end=\"2487\">\n<p data-start=\"2388\" data-end=\"2487\"><a class=\"cursor-pointer\" target=\"_new\" rel=\"noopener\" data-start=\"2388\" data-end=\"2485\">What is Polyvagal Manual Therapy?<\/a><\/p>\n<\/li>\n<li data-start=\"2488\" data-end=\"2559\">\n<p data-start=\"2490\" data-end=\"2559\"><a class=\"\" href=\"https:\/\/www.stephenporges.com\/\" target=\"_new\" rel=\"noopener\" data-start=\"2490\" data-end=\"2557\">Stephen Porges \u2013 Polyvagal Theory<\/a><\/p>\n<\/li>\n<li data-start=\"2560\" data-end=\"2629\">\n<p data-start=\"2562\" data-end=\"2629\"><a class=\"\" href=\"#\" rel=\"noopener\" data-start=\"2562\" data-end=\"2629\">Returns and Refunds Policy \/ Terms and Conditions<\/a><\/p>\n<\/li>\n<\/ul>\n<p>&nbsp;<\/p>\n<hr data-start=\"2631\" data-end=\"2634\" \/>\n<h4 data-start=\"2636\" data-end=\"2664\">Secure your spot:<\/h4>\n<p data-start=\"2666\" data-end=\"2940\">Don't miss this opportunity to train in <strong data-start=\"2727\" data-end=\"2770\">Polyvagal Manual Therapy 3, PVMT3 \u2013 CDMX<\/strong> with the team <strong data-start=\"2788\" data-end=\"2813\">Polyvagal Bodyworkers<\/strong>. Delve deeper into the enteric system, the emotional body, and visceral regulation to further transform your clinical practice.<\/p>","protected":false},"excerpt":{"rendered":"<p data-start=\"45\" data-end=\"343\">\u00abImmerse yourself in revolutionary Polyvagal Manual Therapy with this in-person course in Mexico City, Mexico. Learn advanced techniques to assess and regulate the autonomic nervous system, integrating polyvagal theory with manual therapy. Essential training for manual therapists looking to transform their practice. Reserve your spot now!\u00bb<\/p>","protected":false},"featured_media":3412,"template":"","meta":[],"product_brand":[],"product_cat":[58,74],"product_tag":[50,81],"class_list":{"0":"post-2372","1":"product","2":"type-product","3":"status-publish","4":"has-post-thumbnail","6":"product_cat-cursos-mexico","7":"product_cat-pvmt3","8":"product_tag-mexico","9":"product_tag-pvmt3","11":"first","12":"instock","13":"taxable","14":"shipping-taxable","15":"purchasable","16":"product-type-variable"},"yoast_head":"<!-- This site is optimized with the Yoast SEO plugin v27.3 - https:\/\/yoast.com\/product\/yoast-seo-wordpress\/ -->\n<title>PVMT3 | CDMX - Polivagal Bodyworkers<\/title>\n<meta name=\"robots\" content=\"index, follow, max-snippet:-1, max-image-preview:large, max-video-preview:-1\" \/>\n<link rel=\"canonical\" href=\"https:\/\/polyvagalbodyworkers.com\/_en\/product\/reserva-pvmt3-cdmx-mexico\/\" \/>\n<meta property=\"og:locale\" content=\"en_US\" \/>\n<meta property=\"og:type\" content=\"article\" \/>\n<meta property=\"og:title\" content=\"PVMT3 | CDMX - Polivagal Bodyworkers\" \/>\n<meta property=\"og:description\" content=\"&quot;Sum\u00e9rgete en la revolucionaria Terapia Manual Polivagal con este curso presencial en CDMX, M\u00e9xico. Aprende t\u00e9cnicas avanzadas para evaluar y regular el sistema nervioso aut\u00f3nomo, integrando la teor\u00eda polivagal con la terapia manual. Un entrenamiento esencial para terapeutas manuales que buscan transformar su pr\u00e1ctica. \u00a1Reserva tu lugar ahora!&quot;\" \/>\n<meta property=\"og:url\" content=\"https:\/\/polyvagalbodyworkers.com\/_en\/product\/reserva-pvmt3-cdmx-mexico\/\" \/>\n<meta property=\"og:site_name\" content=\"Polivagal Bodyworkers\" \/>\n<meta property=\"article:modified_time\" content=\"2026-03-15T20:19:23+00:00\" \/>\n<meta property=\"og:image\" content=\"https:\/\/polyvagalbodyworkers.com\/wp-content\/uploads\/2025\/06\/PVMT3-MAYOCDMX-2026.webp\" \/>\n\t<meta property=\"og:image:width\" content=\"940\" \/>\n\t<meta property=\"og:image:height\" content=\"788\" \/>\n\t<meta property=\"og:image:type\" content=\"image\/webp\" \/>\n<meta name=\"twitter:card\" content=\"summary_large_image\" \/>\n<meta name=\"twitter:label1\" content=\"Est. reading time\" \/>\n\t<meta name=\"twitter:data1\" content=\"2 minutes\" \/>\n<script type=\"application\/ld+json\" class=\"yoast-schema-graph\">{\"@context\":\"https:\\\/\\\/schema.org\",\"@graph\":[{\"@type\":\"WebPage\",\"@id\":\"https:\\\/\\\/polyvagalbodyworkers.com\\\/producto\\\/reserva-pvmt3-cdmx-mexico\\\/\",\"url\":\"https:\\\/\\\/polyvagalbodyworkers.com\\\/producto\\\/reserva-pvmt3-cdmx-mexico\\\/\",\"name\":\"PVMT3 | CDMX - Polivagal Bodyworkers\",\"isPartOf\":{\"@id\":\"https:\\\/\\\/polyvagalbodyworkers.com\\\/#website\"},\"primaryImageOfPage\":{\"@id\":\"https:\\\/\\\/polyvagalbodyworkers.com\\\/producto\\\/reserva-pvmt3-cdmx-mexico\\\/#primaryimage\"},\"image\":{\"@id\":\"https:\\\/\\\/polyvagalbodyworkers.com\\\/producto\\\/reserva-pvmt3-cdmx-mexico\\\/#primaryimage\"},\"thumbnailUrl\":\"https:\\\/\\\/polyvagalbodyworkers.com\\\/wp-content\\\/uploads\\\/2025\\\/06\\\/PVMT3-MAYOCDMX-2026.webp\",\"datePublished\":\"2025-06-16T23:23:20+00:00\",\"dateModified\":\"2026-03-15T20:19:23+00:00\",\"breadcrumb\":{\"@id\":\"https:\\\/\\\/polyvagalbodyworkers.com\\\/producto\\\/reserva-pvmt3-cdmx-mexico\\\/#breadcrumb\"},\"inLanguage\":\"en-US\",\"potentialAction\":[{\"@type\":\"ReadAction\",\"target\":[\"https:\\\/\\\/polyvagalbodyworkers.com\\\/producto\\\/reserva-pvmt3-cdmx-mexico\\\/\"]}]},{\"@type\":\"ImageObject\",\"inLanguage\":\"en-US\",\"@id\":\"https:\\\/\\\/polyvagalbodyworkers.com\\\/producto\\\/reserva-pvmt3-cdmx-mexico\\\/#primaryimage\",\"url\":\"https:\\\/\\\/polyvagalbodyworkers.com\\\/wp-content\\\/uploads\\\/2025\\\/06\\\/PVMT3-MAYOCDMX-2026.webp\",\"contentUrl\":\"https:\\\/\\\/polyvagalbodyworkers.com\\\/wp-content\\\/uploads\\\/2025\\\/06\\\/PVMT3-MAYOCDMX-2026.webp\",\"width\":940,\"height\":788,\"caption\":\"Curso presencial PVMT3 en CDMX, formaci\u00f3n en Terapia Manual Polivagal\"},{\"@type\":\"BreadcrumbList\",\"@id\":\"https:\\\/\\\/polyvagalbodyworkers.com\\\/producto\\\/reserva-pvmt3-cdmx-mexico\\\/#breadcrumb\",\"itemListElement\":[{\"@type\":\"ListItem\",\"position\":1,\"name\":\"Portada\",\"item\":\"https:\\\/\\\/polyvagalbodyworkers.com\\\/_es\\\/\"},{\"@type\":\"ListItem\",\"position\":2,\"name\":\"Tienda\",\"item\":\"https:\\\/\\\/polyvagalbodyworkers.com\\\/_es\\\/tienda\\\/\"},{\"@type\":\"ListItem\",\"position\":3,\"name\":\"PVMT3 | CDMX\"}]},{\"@type\":\"WebSite\",\"@id\":\"https:\\\/\\\/polyvagalbodyworkers.com\\\/#website\",\"url\":\"https:\\\/\\\/polyvagalbodyworkers.com\\\/\",\"name\":\"Polivagal Bodyworkers\",\"description\":\"Instituto de Formaci\u00f3n Polivagal para Bodyworkers\",\"publisher\":{\"@id\":\"https:\\\/\\\/polyvagalbodyworkers.com\\\/#organization\"},\"potentialAction\":[{\"@type\":\"SearchAction\",\"target\":{\"@type\":\"EntryPoint\",\"urlTemplate\":\"https:\\\/\\\/polyvagalbodyworkers.com\\\/?s={search_term_string}\"},\"query-input\":{\"@type\":\"PropertyValueSpecification\",\"valueRequired\":true,\"valueName\":\"search_term_string\"}}],\"inLanguage\":\"en-US\"},{\"@type\":\"Organization\",\"@id\":\"https:\\\/\\\/polyvagalbodyworkers.com\\\/#organization\",\"name\":\"POLYVAGAL BODYWORKERS\",\"url\":\"https:\\\/\\\/polyvagalbodyworkers.com\\\/\",\"logo\":{\"@type\":\"ImageObject\",\"inLanguage\":\"en-US\",\"@id\":\"https:\\\/\\\/polyvagalbodyworkers.com\\\/#\\\/schema\\\/logo\\\/image\\\/\",\"url\":\"https:\\\/\\\/polyvagalbodyworkers.com\\\/wp-content\\\/uploads\\\/2025\\\/01\\\/Polyvagal-Bodyworkers-LOGO.webp\",\"contentUrl\":\"https:\\\/\\\/polyvagalbodyworkers.com\\\/wp-content\\\/uploads\\\/2025\\\/01\\\/Polyvagal-Bodyworkers-LOGO.webp\",\"width\":1350,\"height\":1350,\"caption\":\"POLYVAGAL BODYWORKERS\"},\"image\":{\"@id\":\"https:\\\/\\\/polyvagalbodyworkers.com\\\/#\\\/schema\\\/logo\\\/image\\\/\"}}]}<\/script>\n<!-- \/ Yoast SEO plugin. -->","yoast_head_json":{"title":"PVMT3 | CDMX - Polivagal Bodyworkers","robots":{"index":"index","follow":"follow","max-snippet":"max-snippet:-1","max-image-preview":"max-image-preview:large","max-video-preview":"max-video-preview:-1"},"canonical":"https:\/\/polyvagalbodyworkers.com\/_en\/product\/reserva-pvmt3-cdmx-mexico\/","og_locale":"en_US","og_type":"article","og_title":"PVMT3 | CDMX - Polivagal Bodyworkers","og_description":"\"Sum\u00e9rgete en la revolucionaria Terapia Manual Polivagal con este curso presencial en CDMX, M\u00e9xico. Aprende t\u00e9cnicas avanzadas para evaluar y regular el sistema nervioso aut\u00f3nomo, integrando la teor\u00eda polivagal con la terapia manual. Un entrenamiento esencial para terapeutas manuales que buscan transformar su pr\u00e1ctica. \u00a1Reserva tu lugar ahora!\"","og_url":"https:\/\/polyvagalbodyworkers.com\/_en\/product\/reserva-pvmt3-cdmx-mexico\/","og_site_name":"Polivagal Bodyworkers","article_modified_time":"2026-03-15T20:19:23+00:00","og_image":[{"width":940,"height":788,"url":"https:\/\/polyvagalbodyworkers.com\/wp-content\/uploads\/2025\/06\/PVMT3-MAYOCDMX-2026.webp","type":"image\/webp"}],"twitter_card":"summary_large_image","twitter_misc":{"Est. reading time":"2 minutes"},"schema":{"@context":"https:\/\/schema.org","@graph":[{"@type":"WebPage","@id":"https:\/\/polyvagalbodyworkers.com\/producto\/reserva-pvmt3-cdmx-mexico\/","url":"https:\/\/polyvagalbodyworkers.com\/producto\/reserva-pvmt3-cdmx-mexico\/","name":"PVMT3 | CDMX - Polivagal Bodyworkers","isPartOf":{"@id":"https:\/\/polyvagalbodyworkers.com\/#website"},"primaryImageOfPage":{"@id":"https:\/\/polyvagalbodyworkers.com\/producto\/reserva-pvmt3-cdmx-mexico\/#primaryimage"},"image":{"@id":"https:\/\/polyvagalbodyworkers.com\/producto\/reserva-pvmt3-cdmx-mexico\/#primaryimage"},"thumbnailUrl":"https:\/\/polyvagalbodyworkers.com\/wp-content\/uploads\/2025\/06\/PVMT3-MAYOCDMX-2026.webp","datePublished":"2025-06-16T23:23:20+00:00","dateModified":"2026-03-15T20:19:23+00:00","breadcrumb":{"@id":"https:\/\/polyvagalbodyworkers.com\/producto\/reserva-pvmt3-cdmx-mexico\/#breadcrumb"},"inLanguage":"en-US","potentialAction":[{"@type":"ReadAction","target":["https:\/\/polyvagalbodyworkers.com\/producto\/reserva-pvmt3-cdmx-mexico\/"]}]},{"@type":"ImageObject","inLanguage":"en-US","@id":"https:\/\/polyvagalbodyworkers.com\/producto\/reserva-pvmt3-cdmx-mexico\/#primaryimage","url":"https:\/\/polyvagalbodyworkers.com\/wp-content\/uploads\/2025\/06\/PVMT3-MAYOCDMX-2026.webp","contentUrl":"https:\/\/polyvagalbodyworkers.com\/wp-content\/uploads\/2025\/06\/PVMT3-MAYOCDMX-2026.webp","width":940,"height":788,"caption":"Curso presencial PVMT3 en CDMX, formaci\u00f3n en Terapia Manual Polivagal"},{"@type":"BreadcrumbList","@id":"https:\/\/polyvagalbodyworkers.com\/producto\/reserva-pvmt3-cdmx-mexico\/#breadcrumb","itemListElement":[{"@type":"ListItem","position":1,"name":"Portada","item":"https:\/\/polyvagalbodyworkers.com\/_es\/"},{"@type":"ListItem","position":2,"name":"Tienda","item":"https:\/\/polyvagalbodyworkers.com\/_es\/tienda\/"},{"@type":"ListItem","position":3,"name":"PVMT3 | CDMX"}]},{"@type":"WebSite","@id":"https:\/\/polyvagalbodyworkers.com\/#website","url":"https:\/\/polyvagalbodyworkers.com\/","name":"Polivagal Bodyworkers","description":"Instituto de Formaci\u00f3n Polivagal para Bodyworkers","publisher":{"@id":"https:\/\/polyvagalbodyworkers.com\/#organization"},"potentialAction":[{"@type":"SearchAction","target":{"@type":"EntryPoint","urlTemplate":"https:\/\/polyvagalbodyworkers.com\/?s={search_term_string}"},"query-input":{"@type":"PropertyValueSpecification","valueRequired":true,"valueName":"search_term_string"}}],"inLanguage":"en-US"},{"@type":"Organization","@id":"https:\/\/polyvagalbodyworkers.com\/#organization","name":"POLYVAGAL BODYWORKERS","url":"https:\/\/polyvagalbodyworkers.com\/","logo":{"@type":"ImageObject","inLanguage":"en-US","@id":"https:\/\/polyvagalbodyworkers.com\/#\/schema\/logo\/image\/","url":"https:\/\/polyvagalbodyworkers.com\/wp-content\/uploads\/2025\/01\/Polyvagal-Bodyworkers-LOGO.webp","contentUrl":"https:\/\/polyvagalbodyworkers.com\/wp-content\/uploads\/2025\/01\/Polyvagal-Bodyworkers-LOGO.webp","width":1350,"height":1350,"caption":"POLYVAGAL BODYWORKERS"},"image":{"@id":"https:\/\/polyvagalbodyworkers.com\/#\/schema\/logo\/image\/"}}]}},"_links":{"self":[{"href":"https:\/\/polyvagalbodyworkers.com\/_en\/wp-json\/wp\/v2\/product\/2372","targetHints":{"allow":["GET"]}}],"collection":[{"href":"https:\/\/polyvagalbodyworkers.com\/_en\/wp-json\/wp\/v2\/product"}],"about":[{"href":"https:\/\/polyvagalbodyworkers.com\/_en\/wp-json\/wp\/v2\/types\/product"}],"wp:featuredmedia":[{"embeddable":true,"href":"https:\/\/polyvagalbodyworkers.com\/_en\/wp-json\/wp\/v2\/media\/3412"}],"wp:attachment":[{"href":"https:\/\/polyvagalbodyworkers.com\/_en\/wp-json\/wp\/v2\/media?parent=2372"}],"wp:term":[{"taxonomy":"product_brand","embeddable":true,"href":"https:\/\/polyvagalbodyworkers.com\/_en\/wp-json\/wp\/v2\/product_brand?post=2372"},{"taxonomy":"product_cat","embeddable":true,"href":"https:\/\/polyvagalbodyworkers.com\/_en\/wp-json\/wp\/v2\/product_cat?post=2372"},{"taxonomy":"product_tag","embeddable":true,"href":"https:\/\/polyvagalbodyworkers.com\/_en\/wp-json\/wp\/v2\/product_tag?post=2372"}],"curies":[{"name":"wp","href":"https:\/\/api.w.org\/{rel}","templated":true}]}}