{"id":3562,"date":"2026-02-21T22:57:28","date_gmt":"2026-02-21T22:57:28","guid":{"rendered":"https:\/\/polyvagalbodyworkers.com\/?post_type=product&#038;p=3562"},"modified":"2026-03-15T19:02:56","modified_gmt":"2026-03-15T19:02:56","slug":"reserva-pvmt4-cordoba-argentina","status":"publish","type":"product","link":"https:\/\/polyvagalbodyworkers.com\/_en\/product\/reserva-pvmt4-cordoba-argentina\/","title":{"rendered":"PVMT4 | C\u00f3rdoba"},"content":{"rendered":"<h2 data-start=\"200\" data-end=\"263\">\ud83e\udde0 Terapia Manual Polivagal PVMT4 C\u00f3rdoba, Argentina<\/h2>\n<p data-start=\"265\" data-end=\"637\"><strong data-start=\"265\" data-end=\"309\">Terapia Manual Polivagal PVMT4 C\u00f3rdoba<\/strong>\u00a0It is the fourth level of training and focuses on the manual and emotional approach to <strong data-start=\"395\" data-end=\"427\">sacral parasympathetic systeme<\/strong>, and <strong data-start=\"433\" data-end=\"453\">pelvic organs<\/strong> and the impact of the <strong data-start=\"474\" data-end=\"507\">sexual and cultural traumas <\/strong>on human physiology. It is a deeply clinical and transformative module, exclusively for those who have completed PVMT3.<\/p>\n<p data-start=\"639\" data-end=\"1035\">During the <strong data-start=\"650\" data-end=\"704\">formaci\u00f3n Terapia Manual Polivagal PVMT4 C\u00f3rdoba<\/strong>, you'll study how the autonomic nervous system expresses blockages through the reproductive system, the pelvic area, sexuality, and emotional memory. Clinical tools are integrated to understand and address traumas linked to intimate contact, culture, personal history, and emotions stored in the body.<\/p>\n<p data-start=\"1037\" data-end=\"1264\">You will explore the role of emotions in memory construction, the role of the manual therapist in psychologically supporting the patient, cultural homeostasis, and the use of supplementation as a therapeutic support.<\/p>\n<p>&nbsp;<\/p>\n<hr data-start=\"1266\" data-end=\"1269\" \/>\n<h4 data-start=\"1271\" data-end=\"1301\">\ud83d\udd2c Featured Treatments<\/h4>\n<ul data-start=\"1303\" data-end=\"1693\">\n<li data-start=\"1303\" data-end=\"1354\">\n<p data-start=\"1305\" data-end=\"1354\">Regulation of <strong data-start=\"1320\" data-end=\"1352\">sacral parasympathetic systeme<\/strong><\/p>\n<\/li>\n<li data-start=\"1355\" data-end=\"1379\">\n<p data-start=\"1357\" data-end=\"1379\">Zone <strong data-start=\"1362\" data-end=\"1377\">Cannon-B\u00f6hm<\/strong><\/p>\n<\/li>\n<li data-start=\"1380\" data-end=\"1435\">\n<p data-start=\"1382\" data-end=\"1435\"><strong data-start=\"1382\" data-end=\"1403\">Splenic flexure<\/strong>, descending colon, sigmoid<\/p>\n<\/li>\n<li data-start=\"1436\" data-end=\"1484\">\n<p data-start=\"1438\" data-end=\"1484\">Splenic plexus and <strong data-start=\"1464\" data-end=\"1482\">sciatic nerve<\/strong><\/p>\n<\/li>\n<li data-start=\"1485\" data-end=\"1540\">\n<p data-start=\"1487\" data-end=\"1540\"><strong data-start=\"1487\" data-end=\"1517\">Medial cluneal nerves<\/strong> and <strong data-start=\"1520\" data-end=\"1538\">pudendal nerve<\/strong><\/p>\n<\/li>\n<li data-start=\"1541\" data-end=\"1596\">\n<p data-start=\"1543\" data-end=\"1596\">Neurological treatment of <strong data-start=\"1574\" data-end=\"1594\">pelvic organs<\/strong><\/p>\n<\/li>\n<li data-start=\"1597\" data-end=\"1626\">\n<p data-start=\"1599\" data-end=\"1626\"><strong data-start=\"1599\" data-end=\"1624\">Sacral and lumbar plexuses<\/strong><\/p>\n<\/li>\n<li data-start=\"1627\" data-end=\"1693\">\n<p data-start=\"1629\" data-end=\"1693\"><strong data-start=\"1629\" data-end=\"1669\">Emotional and sentimental treatment:<\/strong> stimulation and discharge<\/p>\n<\/li>\n<\/ul>\n<p>&nbsp;<\/p>\n<hr data-start=\"1695\" data-end=\"1698\" \/>\n<h4 data-start=\"183\" data-end=\"211\">\ud83d\udcc5 Course Information<\/h4>\n<ul data-start=\"213\" data-end=\"787\">\n<li data-start=\"213\" data-end=\"279\">\n<p data-start=\"215\" data-end=\"279\"><strong data-start=\"215\" data-end=\"226\">Dates: <\/strong>19, 20 y 21 de abril de 2026<\/p>\n<\/li>\n<li data-start=\"281\" data-end=\"428\">\n<p data-start=\"283\" data-end=\"428\"><strong data-start=\"283\" data-end=\"295\">Daily Schedule: <\/strong>From 9:00 a.m. to 1:00 p.m. and from 2:30 p.m. to 5:30 p.m.<br data-start=\"358\" data-end=\"361\" \/>\u00a0\u00a0\u00a0\u00a0<em data-start=\"385\" data-end=\"428\">(Check-in on the first day at 8:30 a.m.)<\/em><\/p>\n<\/li>\n<li data-start=\"430\" data-end=\"487\">\n<p data-start=\"432\" data-end=\"487\"><strong data-start=\"432\" data-end=\"446\">Location <\/strong>C\u00f3rdoba, Argentina.<\/p>\n<\/li>\n<li data-start=\"489\" data-end=\"542\">\n<p data-start=\"491\" data-end=\"542\"><strong data-start=\"491\" data-end=\"505\">Mode <\/strong>In person<\/p>\n<\/li>\n<li data-start=\"544\" data-end=\"615\">\n<p data-start=\"546\" data-end=\"615\"><strong data-start=\"546\" data-end=\"559\">Duration: <\/strong>3 days of intensive training<\/p>\n<\/li>\n<li data-start=\"617\" data-end=\"787\">\n<p data-start=\"619\" data-end=\"787\"><strong data-start=\"619\" data-end=\"631\">Includes: <\/strong>Official diploma, study guide, and access to the private student platform.<\/p>\n<\/li>\n<\/ul>\n<p>&nbsp;<\/p>\n<hr data-start=\"1964\" data-end=\"1967\" \/>\n<h4 data-start=\"2158\" data-end=\"2176\">\ud83d\udc68\u200d\ud83c\udfeb Professor<\/h4>\n<ul data-start=\"2178\" data-end=\"2276\">\n<li data-start=\"2178\" data-end=\"2276\">\n<p data-start=\"2180\" data-end=\"2276\"><strong data-start=\"2180\" data-end=\"2197\">Mat\u00edas Chahab<\/strong>, PT, DO, BI-D, PVMT<br data-start=\"2217\" data-end=\"2220\" \/>Creator and developer of Polyvagal Manual Therapy<\/p>\n<\/li>\n<\/ul>\n<p>&nbsp;<\/p>\n<hr data-start=\"1516\" data-end=\"1519\" \/>\n<h4 data-start=\"1521\" data-end=\"1537\">\ud83d\udcb0 Investment and payment methods<\/h4>\n<ul>\n<li><strong data-start=\"1272\" data-end=\"1329\">\u00a0\u2705 <\/strong><strong data-start=\"1334\" data-end=\"1345\">650 USD <\/strong>\u00a0In total.<\/li>\n<\/ul>\n<p>&nbsp;<\/p>\n<hr data-start=\"1421\" data-end=\"1424\" \/>\n<h4 data-start=\"1426\" data-end=\"1456\">\ud83d\udd39 To reserve your spot:<\/h4>\n<p data-start=\"1458\" data-end=\"1530\"><strong data-start=\"1458\" data-end=\"1530\">Step 1: Make a transfer of 150 USD to the following information:<\/strong><\/p>\n<ul data-start=\"1532\" data-end=\"1690\">\n<li data-start=\"1532\" data-end=\"1570\">\n<p data-start=\"1534\" data-end=\"1570\"><strong data-start=\"1534\" data-end=\"1545\">Name:<\/strong> Mat\u00edas Fernando Chahab<\/p>\n<\/li>\n<li data-start=\"1571\" data-end=\"1593\">\n<p data-start=\"1573\" data-end=\"1593\"><strong data-start=\"1573\" data-end=\"1583\">Bank:<\/strong> Galicia<\/p>\n<\/li>\n<li data-start=\"1594\" data-end=\"1630\">\n<p data-start=\"1596\" data-end=\"1630\"><strong data-start=\"1596\" data-end=\"1604\">CBU:<\/strong> 00701286-31004007568183<\/p>\n<\/li>\n<li data-start=\"1631\" data-end=\"1664\">\n<p data-start=\"1633\" data-end=\"1664\"><strong data-start=\"1633\" data-end=\"1643\">ALIAS:<\/strong> CUEVA.CEREAL.NOGAL<\/p>\n<\/li>\n<li data-start=\"1665\" data-end=\"1690\">\n<p data-start=\"1667\" data-end=\"1690\"><strong data-start=\"1667\" data-end=\"1676\">CUIL:<\/strong> 20-28279125-1<\/p>\n<\/li>\n<\/ul>\n<p data-start=\"1692\" data-end=\"1810\"><strong data-start=\"1692\" data-end=\"1703\">Step 2:<\/strong> Send your reservation receipt to: <a class=\"cursor-pointer\" rel=\"noopener\" data-start=\"1741\" data-end=\"1810\">pvmt@polyvagalbodyworkers.com<\/a><\/p>\n<p>&nbsp;<\/p>\n<hr data-start=\"1812\" data-end=\"1815\" \/>\n<h4 data-start=\"1817\" data-end=\"1888\">\ud83d\udcb5 The remainder of the fee is due in cash on the first day of the course:<\/h4>\n<ul data-start=\"1890\" data-end=\"1994\">\n<li data-start=\"1890\" data-end=\"1939\">\n<p data-start=\"1892\" data-end=\"1939\"><strong data-start=\"1896\" data-end=\"1903\">$500 US d\u00f3lares.\u00a0<\/strong><\/p>\n<\/li>\n<\/ul>\n<p>&nbsp;<\/p>\n<hr data-start=\"2480\" data-end=\"2483\" \/>\n<h4 data-start=\"2140\" data-end=\"2157\">\u26a0\ufe0f Important:<\/h4>\n<ul data-start=\"2159\" data-end=\"2428\">\n<li data-start=\"2159\" data-end=\"2217\">\n<p data-start=\"2161\" data-end=\"2217\">Exclusive course for those who have completed PVMT3<\/p>\n<\/li>\n<li data-start=\"2218\" data-end=\"2237\">\n<p data-start=\"2220\" data-end=\"2237\">Limited quotas<\/p>\n<\/li>\n<li data-start=\"2238\" data-end=\"2310\">\n<p data-start=\"2240\" data-end=\"2310\">Do not book accommodation or flights until you receive official course confirmation.<\/p>\n<\/li>\n<li data-start=\"2311\" data-end=\"2428\">\n<p data-start=\"2313\" data-end=\"2428\">Send your reservation receipt to: <a class=\"cursor-pointer\" rel=\"noopener\" data-start=\"2359\" data-end=\"2428\">pvmt@polyvagalbodyworkers.com<\/a><\/p>\n<\/li>\n<\/ul>\n<p>&nbsp;<\/p>\n<hr data-start=\"2430\" data-end=\"2433\" \/>\n<h4 data-start=\"2435\" data-end=\"2456\">\ud83d\udd17 Useful links<\/h4>\n<ul data-start=\"2458\" data-end=\"2702\">\n<li data-start=\"2458\" data-end=\"2559\">\n<p data-start=\"2460\" data-end=\"2559\"><a class=\"cursor-pointer\" target=\"_new\" rel=\"noopener\" data-start=\"2460\" data-end=\"2557\">What is Polyvagal Manual Therapy?<\/a><\/p>\n<\/li>\n<li data-start=\"2560\" data-end=\"2631\">\n<p data-start=\"2562\" data-end=\"2631\"><a class=\"\" href=\"https:\/\/www.stephenporges.com\/\" target=\"_new\" rel=\"noopener\" data-start=\"2562\" data-end=\"2629\">Stephen Porges \u2013 Polyvagal Theory<\/a><\/p>\n<\/li>\n<li data-start=\"2632\" data-end=\"2702\">\n<p data-start=\"2634\" data-end=\"2702\"><a class=\"\" href=\"#\" rel=\"noopener\" data-start=\"2634\" data-end=\"2702\">Returns and Refunds Policy \/ Terms and Conditions<\/a><\/p>\n<\/li>\n<\/ul>\n<p>&nbsp;<\/p>\n<hr data-start=\"2704\" data-end=\"2707\" \/>\n<h4 data-start=\"2709\" data-end=\"2737\">Secure your spot:<\/h4>\n<p><strong data-start=\"2739\" data-end=\"2783\">Terapia Manual Polivagal PVMT4 C\u00f3rdoba<\/strong>\u00a0It is a crucial module for addressing sexuality, emotional trauma, and the deep regulation of the autonomic nervous system from the body. Learn to support intimate processes with respect, precision, and effective clinical tools.<\/p>","protected":false},"excerpt":{"rendered":"<p>Curso avanzado de Terapia Manual Polivagal en C\u00f3rdoba. Aprende a intervenir el sistema parasimp\u00e1tico sacral, \u00f3rganos p\u00e9lvicos y memorias emocionales. Solo para quienes completaron PVMT3.<\/p>","protected":false},"featured_media":3543,"template":"","meta":[],"product_brand":[],"product_cat":[56,74,75,77],"product_tag":[61,79],"class_list":{"0":"post-3562","1":"product","2":"type-product","3":"status-publish","4":"has-post-thumbnail","6":"product_cat-cursos-argentina","7":"product_cat-pvmt3","8":"product_cat-pvmt4","9":"product_cat-pvmt5","10":"product_tag-argentina","11":"product_tag-pvmt4","13":"first","14":"instock","15":"featured","16":"taxable","17":"shipping-taxable","18":"purchasable","19":"product-type-simple"},"yoast_head":"<!-- This site is optimized with the Yoast SEO plugin v27.3 - https:\/\/yoast.com\/product\/yoast-seo-wordpress\/ -->\n<title>Terapia Manual Polivagal PVMT4 C\u00f3rdoba - curso presencial<\/title>\n<meta name=\"description\" content=\"Curso PVMT4 en C\u00f3rdoba. Sistema parasimp\u00e1tico sacral, \u00f3rganos p\u00e9lvicos y trauma emocional. Terapia Manual Polivagal avanzada. Reserva tu lugar.\" \/>\n<meta name=\"robots\" content=\"index, follow, max-snippet:-1, max-image-preview:large, max-video-preview:-1\" \/>\n<link rel=\"canonical\" href=\"https:\/\/polyvagalbodyworkers.com\/_en\/product\/reserva-pvmt4-cordoba-argentina\/\" \/>\n<meta property=\"og:locale\" content=\"en_US\" \/>\n<meta property=\"og:type\" content=\"article\" \/>\n<meta property=\"og:title\" content=\"Terapia Manual Polivagal PVMT4 C\u00f3rdoba - curso presencial\" \/>\n<meta property=\"og:description\" content=\"Curso PVMT4 en C\u00f3rdoba. Sistema parasimp\u00e1tico sacral, \u00f3rganos p\u00e9lvicos y trauma emocional. Terapia Manual Polivagal avanzada. Reserva tu lugar.\" \/>\n<meta property=\"og:url\" content=\"https:\/\/polyvagalbodyworkers.com\/_en\/product\/reserva-pvmt4-cordoba-argentina\/\" \/>\n<meta property=\"og:site_name\" content=\"Polivagal Bodyworkers\" \/>\n<meta property=\"article:modified_time\" content=\"2026-03-15T19:02:56+00:00\" \/>\n<meta property=\"og:image\" content=\"https:\/\/polyvagalbodyworkers.com\/wp-content\/uploads\/2025\/11\/PVMT4-Cordoba-2026.webp\" \/>\n\t<meta property=\"og:image:width\" content=\"940\" \/>\n\t<meta property=\"og:image:height\" content=\"788\" \/>\n\t<meta property=\"og:image:type\" content=\"image\/webp\" \/>\n<meta name=\"twitter:card\" content=\"summary_large_image\" \/>\n<meta name=\"twitter:label1\" content=\"Est. reading time\" \/>\n\t<meta name=\"twitter:data1\" content=\"3 minutes\" \/>\n<script type=\"application\/ld+json\" class=\"yoast-schema-graph\">{\"@context\":\"https:\\\/\\\/schema.org\",\"@graph\":[{\"@type\":\"WebPage\",\"@id\":\"https:\\\/\\\/polyvagalbodyworkers.com\\\/producto\\\/reserva-pvmt4-cordoba-argentina\\\/\",\"url\":\"https:\\\/\\\/polyvagalbodyworkers.com\\\/producto\\\/reserva-pvmt4-cordoba-argentina\\\/\",\"name\":\"Terapia Manual Polivagal PVMT4 C\u00f3rdoba - curso presencial\",\"isPartOf\":{\"@id\":\"https:\\\/\\\/polyvagalbodyworkers.com\\\/#website\"},\"primaryImageOfPage\":{\"@id\":\"https:\\\/\\\/polyvagalbodyworkers.com\\\/producto\\\/reserva-pvmt4-cordoba-argentina\\\/#primaryimage\"},\"image\":{\"@id\":\"https:\\\/\\\/polyvagalbodyworkers.com\\\/producto\\\/reserva-pvmt4-cordoba-argentina\\\/#primaryimage\"},\"thumbnailUrl\":\"https:\\\/\\\/polyvagalbodyworkers.com\\\/wp-content\\\/uploads\\\/2025\\\/11\\\/PVMT4-Cordoba-2026.webp\",\"datePublished\":\"2026-02-21T22:57:28+00:00\",\"dateModified\":\"2026-03-15T19:02:56+00:00\",\"description\":\"Curso PVMT4 en C\u00f3rdoba. Sistema parasimp\u00e1tico sacral, \u00f3rganos p\u00e9lvicos y trauma emocional. Terapia Manual Polivagal avanzada. Reserva tu lugar.\",\"breadcrumb\":{\"@id\":\"https:\\\/\\\/polyvagalbodyworkers.com\\\/producto\\\/reserva-pvmt4-cordoba-argentina\\\/#breadcrumb\"},\"inLanguage\":\"en-US\",\"potentialAction\":[{\"@type\":\"ReadAction\",\"target\":[\"https:\\\/\\\/polyvagalbodyworkers.com\\\/producto\\\/reserva-pvmt4-cordoba-argentina\\\/\"]}]},{\"@type\":\"ImageObject\",\"inLanguage\":\"en-US\",\"@id\":\"https:\\\/\\\/polyvagalbodyworkers.com\\\/producto\\\/reserva-pvmt4-cordoba-argentina\\\/#primaryimage\",\"url\":\"https:\\\/\\\/polyvagalbodyworkers.com\\\/wp-content\\\/uploads\\\/2025\\\/11\\\/PVMT4-Cordoba-2026.webp\",\"contentUrl\":\"https:\\\/\\\/polyvagalbodyworkers.com\\\/wp-content\\\/uploads\\\/2025\\\/11\\\/PVMT4-Cordoba-2026.webp\",\"width\":940,\"height\":788},{\"@type\":\"BreadcrumbList\",\"@id\":\"https:\\\/\\\/polyvagalbodyworkers.com\\\/producto\\\/reserva-pvmt4-cordoba-argentina\\\/#breadcrumb\",\"itemListElement\":[{\"@type\":\"ListItem\",\"position\":1,\"name\":\"Portada\",\"item\":\"https:\\\/\\\/polyvagalbodyworkers.com\\\/_es\\\/\"},{\"@type\":\"ListItem\",\"position\":2,\"name\":\"Tienda\",\"item\":\"https:\\\/\\\/polyvagalbodyworkers.com\\\/_es\\\/tienda\\\/\"},{\"@type\":\"ListItem\",\"position\":3,\"name\":\"PVMT4 | C\u00f3rdoba\"}]},{\"@type\":\"WebSite\",\"@id\":\"https:\\\/\\\/polyvagalbodyworkers.com\\\/#website\",\"url\":\"https:\\\/\\\/polyvagalbodyworkers.com\\\/\",\"name\":\"Polivagal Bodyworkers\",\"description\":\"Instituto de Formaci\u00f3n Polivagal para Bodyworkers\",\"publisher\":{\"@id\":\"https:\\\/\\\/polyvagalbodyworkers.com\\\/#organization\"},\"potentialAction\":[{\"@type\":\"SearchAction\",\"target\":{\"@type\":\"EntryPoint\",\"urlTemplate\":\"https:\\\/\\\/polyvagalbodyworkers.com\\\/?s={search_term_string}\"},\"query-input\":{\"@type\":\"PropertyValueSpecification\",\"valueRequired\":true,\"valueName\":\"search_term_string\"}}],\"inLanguage\":\"en-US\"},{\"@type\":\"Organization\",\"@id\":\"https:\\\/\\\/polyvagalbodyworkers.com\\\/#organization\",\"name\":\"POLYVAGAL BODYWORKERS\",\"url\":\"https:\\\/\\\/polyvagalbodyworkers.com\\\/\",\"logo\":{\"@type\":\"ImageObject\",\"inLanguage\":\"en-US\",\"@id\":\"https:\\\/\\\/polyvagalbodyworkers.com\\\/#\\\/schema\\\/logo\\\/image\\\/\",\"url\":\"https:\\\/\\\/polyvagalbodyworkers.com\\\/wp-content\\\/uploads\\\/2025\\\/01\\\/Polyvagal-Bodyworkers-LOGO.webp\",\"contentUrl\":\"https:\\\/\\\/polyvagalbodyworkers.com\\\/wp-content\\\/uploads\\\/2025\\\/01\\\/Polyvagal-Bodyworkers-LOGO.webp\",\"width\":1350,\"height\":1350,\"caption\":\"POLYVAGAL BODYWORKERS\"},\"image\":{\"@id\":\"https:\\\/\\\/polyvagalbodyworkers.com\\\/#\\\/schema\\\/logo\\\/image\\\/\"}}]}<\/script>\n<!-- \/ Yoast SEO plugin. -->","yoast_head_json":{"title":"Terapia Manual Polivagal PVMT4 C\u00f3rdoba - curso presencial","description":"Curso PVMT4 en C\u00f3rdoba. Sistema parasimp\u00e1tico sacral, \u00f3rganos p\u00e9lvicos y trauma emocional. Terapia Manual Polivagal avanzada. Reserva tu lugar.","robots":{"index":"index","follow":"follow","max-snippet":"max-snippet:-1","max-image-preview":"max-image-preview:large","max-video-preview":"max-video-preview:-1"},"canonical":"https:\/\/polyvagalbodyworkers.com\/_en\/product\/reserva-pvmt4-cordoba-argentina\/","og_locale":"en_US","og_type":"article","og_title":"Terapia Manual Polivagal PVMT4 C\u00f3rdoba - curso presencial","og_description":"Curso PVMT4 en C\u00f3rdoba. Sistema parasimp\u00e1tico sacral, \u00f3rganos p\u00e9lvicos y trauma emocional. Terapia Manual Polivagal avanzada. Reserva tu lugar.","og_url":"https:\/\/polyvagalbodyworkers.com\/_en\/product\/reserva-pvmt4-cordoba-argentina\/","og_site_name":"Polivagal Bodyworkers","article_modified_time":"2026-03-15T19:02:56+00:00","og_image":[{"width":940,"height":788,"url":"https:\/\/polyvagalbodyworkers.com\/wp-content\/uploads\/2025\/11\/PVMT4-Cordoba-2026.webp","type":"image\/webp"}],"twitter_card":"summary_large_image","twitter_misc":{"Est. reading time":"3 minutes"},"schema":{"@context":"https:\/\/schema.org","@graph":[{"@type":"WebPage","@id":"https:\/\/polyvagalbodyworkers.com\/producto\/reserva-pvmt4-cordoba-argentina\/","url":"https:\/\/polyvagalbodyworkers.com\/producto\/reserva-pvmt4-cordoba-argentina\/","name":"Terapia Manual Polivagal PVMT4 C\u00f3rdoba - curso presencial","isPartOf":{"@id":"https:\/\/polyvagalbodyworkers.com\/#website"},"primaryImageOfPage":{"@id":"https:\/\/polyvagalbodyworkers.com\/producto\/reserva-pvmt4-cordoba-argentina\/#primaryimage"},"image":{"@id":"https:\/\/polyvagalbodyworkers.com\/producto\/reserva-pvmt4-cordoba-argentina\/#primaryimage"},"thumbnailUrl":"https:\/\/polyvagalbodyworkers.com\/wp-content\/uploads\/2025\/11\/PVMT4-Cordoba-2026.webp","datePublished":"2026-02-21T22:57:28+00:00","dateModified":"2026-03-15T19:02:56+00:00","description":"Curso PVMT4 en C\u00f3rdoba. Sistema parasimp\u00e1tico sacral, \u00f3rganos p\u00e9lvicos y trauma emocional. Terapia Manual Polivagal avanzada. Reserva tu lugar.","breadcrumb":{"@id":"https:\/\/polyvagalbodyworkers.com\/producto\/reserva-pvmt4-cordoba-argentina\/#breadcrumb"},"inLanguage":"en-US","potentialAction":[{"@type":"ReadAction","target":["https:\/\/polyvagalbodyworkers.com\/producto\/reserva-pvmt4-cordoba-argentina\/"]}]},{"@type":"ImageObject","inLanguage":"en-US","@id":"https:\/\/polyvagalbodyworkers.com\/producto\/reserva-pvmt4-cordoba-argentina\/#primaryimage","url":"https:\/\/polyvagalbodyworkers.com\/wp-content\/uploads\/2025\/11\/PVMT4-Cordoba-2026.webp","contentUrl":"https:\/\/polyvagalbodyworkers.com\/wp-content\/uploads\/2025\/11\/PVMT4-Cordoba-2026.webp","width":940,"height":788},{"@type":"BreadcrumbList","@id":"https:\/\/polyvagalbodyworkers.com\/producto\/reserva-pvmt4-cordoba-argentina\/#breadcrumb","itemListElement":[{"@type":"ListItem","position":1,"name":"Portada","item":"https:\/\/polyvagalbodyworkers.com\/_es\/"},{"@type":"ListItem","position":2,"name":"Tienda","item":"https:\/\/polyvagalbodyworkers.com\/_es\/tienda\/"},{"@type":"ListItem","position":3,"name":"PVMT4 | C\u00f3rdoba"}]},{"@type":"WebSite","@id":"https:\/\/polyvagalbodyworkers.com\/#website","url":"https:\/\/polyvagalbodyworkers.com\/","name":"Polivagal Bodyworkers","description":"Instituto de Formaci\u00f3n Polivagal para Bodyworkers","publisher":{"@id":"https:\/\/polyvagalbodyworkers.com\/#organization"},"potentialAction":[{"@type":"SearchAction","target":{"@type":"EntryPoint","urlTemplate":"https:\/\/polyvagalbodyworkers.com\/?s={search_term_string}"},"query-input":{"@type":"PropertyValueSpecification","valueRequired":true,"valueName":"search_term_string"}}],"inLanguage":"en-US"},{"@type":"Organization","@id":"https:\/\/polyvagalbodyworkers.com\/#organization","name":"POLYVAGAL BODYWORKERS","url":"https:\/\/polyvagalbodyworkers.com\/","logo":{"@type":"ImageObject","inLanguage":"en-US","@id":"https:\/\/polyvagalbodyworkers.com\/#\/schema\/logo\/image\/","url":"https:\/\/polyvagalbodyworkers.com\/wp-content\/uploads\/2025\/01\/Polyvagal-Bodyworkers-LOGO.webp","contentUrl":"https:\/\/polyvagalbodyworkers.com\/wp-content\/uploads\/2025\/01\/Polyvagal-Bodyworkers-LOGO.webp","width":1350,"height":1350,"caption":"POLYVAGAL BODYWORKERS"},"image":{"@id":"https:\/\/polyvagalbodyworkers.com\/#\/schema\/logo\/image\/"}}]}},"_links":{"self":[{"href":"https:\/\/polyvagalbodyworkers.com\/_en\/wp-json\/wp\/v2\/product\/3562","targetHints":{"allow":["GET"]}}],"collection":[{"href":"https:\/\/polyvagalbodyworkers.com\/_en\/wp-json\/wp\/v2\/product"}],"about":[{"href":"https:\/\/polyvagalbodyworkers.com\/_en\/wp-json\/wp\/v2\/types\/product"}],"wp:featuredmedia":[{"embeddable":true,"href":"https:\/\/polyvagalbodyworkers.com\/_en\/wp-json\/wp\/v2\/media\/3543"}],"wp:attachment":[{"href":"https:\/\/polyvagalbodyworkers.com\/_en\/wp-json\/wp\/v2\/media?parent=3562"}],"wp:term":[{"taxonomy":"product_brand","embeddable":true,"href":"https:\/\/polyvagalbodyworkers.com\/_en\/wp-json\/wp\/v2\/product_brand?post=3562"},{"taxonomy":"product_cat","embeddable":true,"href":"https:\/\/polyvagalbodyworkers.com\/_en\/wp-json\/wp\/v2\/product_cat?post=3562"},{"taxonomy":"product_tag","embeddable":true,"href":"https:\/\/polyvagalbodyworkers.com\/_en\/wp-json\/wp\/v2\/product_tag?post=3562"}],"curies":[{"name":"wp","href":"https:\/\/api.w.org\/{rel}","templated":true}]}}