{"id":4284,"date":"2026-03-24T20:35:20","date_gmt":"2026-03-24T20:35:20","guid":{"rendered":"https:\/\/polyvagalbodyworkers.com\/?post_type=product&#038;p=4284"},"modified":"2026-03-24T22:59:01","modified_gmt":"2026-03-24T22:59:01","slug":"pvmt5-cdmx","status":"publish","type":"product","link":"https:\/\/polyvagalbodyworkers.com\/_en\/product\/pvmt5-cdmx\/","title":{"rendered":"PVMT5 | CDMX"},"content":{"rendered":"<h2 class=\"fusion-responsive-typography-calculated\" data-start=\"200\" data-end=\"263\" data-fontsize=\"48\" data-lineheight=\"72px\">\ud83e\udde0 Terapia Manual Polivagal PVMT5 CDMX \u2013 Agosto 2026<\/h2>\n<p data-start=\"120\" data-end=\"503\"><strong>Terapia Manual Polivagal PVMT5 CDMX<\/strong>\u00a0es el quinto nivel de la formaci\u00f3n y se centra en el abordaje terap\u00e9utico del <strong data-start=\"234\" data-end=\"255\">cerebro emocional<\/strong>, explorando la relaci\u00f3n entre las estructuras cerebrales, las emociones y el impacto del <strong data-start=\"345\" data-end=\"367\">trauma y el estr\u00e9s<\/strong> en la fisiolog\u00eda humana. Es un m\u00f3dulo profundamente cl\u00ednico y transformador, exclusivo para quienes han completado los niveles previos.<\/p>\n<p data-start=\"505\" data-end=\"870\">During training in <strong>Terapia Manual Polivagal PVMT5 CDMX<\/strong>, estudiar\u00e1s c\u00f3mo el sistema nervioso central participa en la regulaci\u00f3n emocional, profundizando en el trabajo desde el cr\u00e1neo y su conexi\u00f3n directa con el cerebro. Se integran herramientas terap\u00e9uticas para abordar la desregulaci\u00f3n auton\u00f3mica, facilitando procesos de cambio a nivel emocional y fisiol\u00f3gico.<\/p>\n<p data-start=\"872\" data-end=\"1115\" data-is-last-node=\"\" data-is-only-node=\"\">Explorar\u00e1s el rol de las creencias, la memoria emocional y el contacto terap\u00e9utico en la liberaci\u00f3n de patrones som\u00e1ticos, utilizando t\u00e9cnicas espec\u00edficas para favorecer la regulaci\u00f3n del sistema nervioso y el equilibrio integral del paciente.<\/p>\n<p>&nbsp;<\/p>\n<hr data-start=\"1266\" data-end=\"1269\" \/>\n<ul data-start=\"1303\" data-end=\"1693\">\n<li data-start=\"1627\" data-end=\"1693\">\n<h4 data-start=\"1271\" data-end=\"1301\">\ud83d\udd2c Featured Treatments<\/h4>\n<ul data-start=\"1303\" data-end=\"1693\">\n<li data-start=\"1303\" data-end=\"1354\">\n<p data-start=\"1305\" data-end=\"1354\">Regulaci\u00f3n de la <strong data-start=\"191\" data-end=\"203\">amygdala<\/strong> y respuestas del sistema nervioso central<\/p>\n<\/li>\n<li data-start=\"1355\" data-end=\"1379\">\n<p data-start=\"1357\" data-end=\"1379\">Trabajo craneal y conexiones <strong data-start=\"279\" data-end=\"311\">neurofisiol\u00f3gicas cerebrales<\/strong><\/p>\n<\/li>\n<li data-start=\"1380\" data-end=\"1435\">\n<p data-start=\"1382\" data-end=\"1435\"><strong data-start=\"316\" data-end=\"335\" data-is-only-node=\"\">Locus coeruleus<\/strong> y modulaci\u00f3n de estados de alerta<\/p>\n<\/li>\n<li data-start=\"1436\" data-end=\"1484\">\n<p data-start=\"1438\" data-end=\"1484\">Liberaci\u00f3n emocional a trav\u00e9s de <strong data-start=\"407\" data-end=\"430\">contacto consciente<\/strong><\/p>\n<\/li>\n<li data-start=\"1485\" data-end=\"1540\">\n<p data-start=\"1487\" data-end=\"1540\">Intervenci\u00f3n sobre <strong data-start=\"454\" data-end=\"478\">creencias limitantes<\/strong> y patrones som\u00e1ticos<\/p>\n<\/li>\n<li data-start=\"1541\" data-end=\"1596\">\n<p data-start=\"1543\" data-end=\"1596\">Estimulaci\u00f3n <strong data-start=\"517\" data-end=\"545\">neurofisiol\u00f3gica central<\/strong> para la regulaci\u00f3n emocional<\/p>\n<\/li>\n<li data-start=\"1597\" data-end=\"1626\">\n<p data-start=\"1599\" data-end=\"1626\">Integraci\u00f3n <strong data-start=\"591\" data-end=\"617\">cerebro\u2013emoci\u00f3n\u2013cuerpo<\/strong> en el abordaje terap\u00e9utico<\/p>\n<\/li>\n<li data-start=\"1627\" data-end=\"1693\">\n<p data-start=\"1629\" data-end=\"1693\">Tratamiento emocional y som\u00e1tico: <strong data-start=\"683\" data-end=\"708\">regulaci\u00f3n y descarga<\/strong><\/p>\n<\/li>\n<\/ul>\n<\/li>\n<\/ul>\n<p>&nbsp;<\/p>\n<hr data-start=\"1695\" data-end=\"1698\" \/>\n<h4 class=\"fusion-responsive-typography-calculated\" data-start=\"1700\" data-end=\"1728\" data-fontsize=\"40\" data-lineheight=\"60px\">\ud83d\udcc5 Course Information<\/h4>\n<ul data-start=\"1730\" data-end=\"1962\">\n<li data-start=\"1730\" data-end=\"1778\">\n<p data-start=\"1732\" data-end=\"1778\"><strong data-start=\"1732\" data-end=\"1743\">Dates:<\/strong>\u00a021, 22 y 23 de agosto de 2026.<\/p>\n<\/li>\n<li data-start=\"1867\" data-end=\"1915\"><strong>Daily Schedule: <\/strong>de 9:00 a 13:00 y de 14:30 a 17:30h. \u00a0<em data-start=\"385\" data-end=\"428\">(Check-in on the first day at 8:30 a.m.)<\/em><\/li>\n<\/ul>\n<ul data-start=\"1730\" data-end=\"1962\">\n<li data-start=\"1916\" data-end=\"1984\">\n<p data-start=\"1918\" data-end=\"1984\"><strong data-start=\"1918\" data-end=\"1932\">Location<\/strong> CDMX, M\u00e9xico.<\/p>\n<\/li>\n<li data-start=\"1916\" data-end=\"1984\"><strong>Mode<\/strong>\u00a0 In person.<\/li>\n<li data-start=\"1985\" data-end=\"2052\">\n<p data-start=\"1987\" data-end=\"2052\"><strong data-start=\"1987\" data-end=\"2000\">Duration:<\/strong> 3 days of intensive training (24 teaching hours)<\/p>\n<\/li>\n<li data-start=\"2053\" data-end=\"2151\">\n<p data-start=\"2055\" data-end=\"2151\"><strong data-start=\"2055\" data-end=\"2067\">Includes:<\/strong> Diploma oficial y gu\u00eda de estudio.<\/p>\n<\/li>\n<\/ul>\n<p>&nbsp;<\/p>\n<hr data-start=\"1964\" data-end=\"1967\" \/>\n<h4 data-start=\"2158\" data-end=\"2176\">\ud83d\udc68\u200d\ud83c\udfeb Professor<\/h4>\n<ul data-start=\"2178\" data-end=\"2276\">\n<li data-start=\"2178\" data-end=\"2276\">\n<p data-start=\"2180\" data-end=\"2276\"><strong data-start=\"2180\" data-end=\"2197\">Mat\u00edas Chahab<\/strong>, PT, DO, BI-D, PVMT<br data-start=\"2217\" data-end=\"2220\" \/>Creator and developer of Polyvagal Manual Therapy<\/p>\n<\/li>\n<\/ul>\n<p>&nbsp;<\/p>\n<hr data-start=\"1516\" data-end=\"1519\" \/>\n<h4 data-start=\"1521\" data-end=\"1537\">\ud83d\udcb0 Investment and payment methods<\/h4>\n<p><strong data-start=\"1272\" data-end=\"1329\">Total value: \u00a0<\/strong>$12,760 MXN.<strong data-start=\"1334\" data-end=\"1345\">\u00a0<\/strong><\/p>\n<p><strong data-start=\"2019\" data-end=\"2031\">Booking:<\/strong> $2,760 MXN (transfer or Mercado Pago).<\/p>\n<p><em>Data for the realization <strong>ONLY THE RESERVATION<\/strong> by transfer:<\/em><\/p>\n<ul>\n<li><strong>Name:<\/strong> Polyvagal Bodyworkers<\/li>\n<li><strong>Bank:<\/strong> BBVA<\/li>\n<li><strong> Account number:<\/strong> 011 758 8569<\/li>\n<li><strong>Key:<\/strong> 012 691 00117588569 5<\/li>\n<\/ul>\n<p><strong data-start=\"2078\" data-end=\"2088\">Rest:<\/strong> $10,000 MXN in CASH on the first day of the course.<\/p>\n<hr data-start=\"2135\" data-end=\"2138\" \/>\n<h4 class=\"fusion-responsive-typography-calculated\" data-start=\"2140\" data-end=\"2157\" data-fontsize=\"40\" data-lineheight=\"60px\">\u26a0\ufe0f Important:<\/h4>\n<ul data-start=\"2159\" data-end=\"2428\">\n<li data-start=\"2159\" data-end=\"2217\">\n<p data-start=\"2161\" data-end=\"2217\">Curso exclusivo para quienes hayan completado el PVMT4.<\/p>\n<\/li>\n<li data-start=\"2218\" data-end=\"2237\">\n<p data-start=\"2220\" data-end=\"2237\">Limited quotas<\/p>\n<\/li>\n<li data-start=\"2238\" data-end=\"2310\">\n<p data-start=\"2240\" data-end=\"2310\">Do not book accommodation or flights until you receive official course confirmation.<\/p>\n<\/li>\n<li data-start=\"2311\" data-end=\"2428\">\n<p data-start=\"2313\" data-end=\"2428\">Send your reservation receipt to: <a class=\"cursor-pointer\" rel=\"noopener\" data-start=\"2359\" data-end=\"2428\">pvmt@polyvagalbodyworkers.com<\/a><\/p>\n<\/li>\n<\/ul>\n<p>&nbsp;<\/p>\n<hr data-start=\"2430\" data-end=\"2433\" \/>\n<h4 class=\"fusion-responsive-typography-calculated\" data-start=\"2435\" data-end=\"2456\" data-fontsize=\"40\" data-lineheight=\"60px\">\ud83d\udd17 Useful links<\/h4>\n<ul data-start=\"2458\" data-end=\"2702\">\n<li data-start=\"2458\" data-end=\"2559\">\n<p data-start=\"2460\" data-end=\"2559\"><a class=\"cursor-pointer\" target=\"_new\" rel=\"noopener\" data-start=\"2460\" data-end=\"2557\">What is Polyvagal Manual Therapy?<\/a><\/p>\n<\/li>\n<li data-start=\"2560\" data-end=\"2631\">\n<p data-start=\"2562\" data-end=\"2631\"><a class=\"\" href=\"https:\/\/www.stephenporges.com\/\" target=\"_new\" rel=\"noopener\" data-start=\"2562\" data-end=\"2629\">Stephen Porges \u2013 Polyvagal Theory<\/a><\/p>\n<\/li>\n<li data-start=\"2632\" data-end=\"2702\">\n<p data-start=\"2634\" data-end=\"2702\"><a class=\"\" href=\"#\" rel=\"noopener\" data-start=\"2634\" data-end=\"2702\">Returns and Refunds Policy \/ Terms and Conditions<\/a><\/p>\n<\/li>\n<\/ul>\n<p>&nbsp;<\/p>\n<hr data-start=\"2704\" data-end=\"2707\" \/>\n<h3 class=\"fusion-responsive-typography-calculated\" data-start=\"2709\" data-end=\"2737\" data-fontsize=\"40\" data-lineheight=\"60px\">Secure your spot:<\/h3>\n<p data-start=\"2739\" data-end=\"3019\"><strong data-start=\"2739\" data-end=\"2783\">Terapia Manual Polivagal PVMT5 CDMX<\/strong>\u00a0It is a crucial module for addressing sexuality, emotional trauma, and the deep regulation of the autonomic nervous system from the body. Learn to support intimate processes with respect, precision, and effective clinical tools.<\/p>","protected":false},"excerpt":{"rendered":"<p>Curso avanzado de Terapia Manual Polivagal en CDMX. Aprende a intervenir el cerebro emocional, el sistema nervioso central y las respuestas al trauma desde el cuerpo. Solo para quienes completaron PVMT4.<\/p>","protected":false},"featured_media":4286,"template":"","meta":[],"product_brand":[],"product_cat":[58,77],"product_tag":[50,94],"class_list":{"0":"post-4284","1":"product","2":"type-product","3":"status-publish","4":"has-post-thumbnail","6":"product_cat-cursos-mexico","7":"product_cat-pvmt5","8":"product_tag-mexico","9":"product_tag-pvmt5","11":"first","12":"instock","13":"taxable","14":"shipping-taxable","15":"purchasable","16":"product-type-simple"},"yoast_head":"<!-- This site is optimized with the Yoast SEO plugin v27.5 - https:\/\/yoast.com\/product\/yoast-seo-wordpress\/ -->\n<title>Terapia Manual Polivagal PVMT5 CDMX \u2013 Agosto 2026<\/title>\n<meta name=\"description\" content=\"Curso PVMT5 en CDMX. Cerebro emocional, sistema nervioso central y trauma. Terapia Manual Polivagal avanzada. Reserva tu lugar.\" \/>\n<meta name=\"robots\" content=\"index, follow, max-snippet:-1, max-image-preview:large, max-video-preview:-1\" \/>\n<link rel=\"canonical\" href=\"https:\/\/polyvagalbodyworkers.com\/_en\/product\/pvmt5-cdmx\/\" \/>\n<meta property=\"og:locale\" content=\"en_US\" \/>\n<meta property=\"og:type\" content=\"article\" \/>\n<meta property=\"og:title\" content=\"Terapia Manual Polivagal PVMT5 CDMX \u2013 Agosto 2026\" \/>\n<meta property=\"og:description\" content=\"Curso PVMT5 en CDMX. Cerebro emocional, sistema nervioso central y trauma. Terapia Manual Polivagal avanzada. Reserva tu lugar.\" \/>\n<meta property=\"og:url\" content=\"https:\/\/polyvagalbodyworkers.com\/_en\/product\/pvmt5-cdmx\/\" \/>\n<meta property=\"og:site_name\" content=\"Polivagal Bodyworkers\" \/>\n<meta property=\"article:modified_time\" content=\"2026-03-24T22:59:01+00:00\" \/>\n<meta property=\"og:image\" content=\"https:\/\/polyvagalbodyworkers.com\/wp-content\/uploads\/2026\/03\/WhatsApp-Image-2026-03-24-at-17.44.30.jpeg\" \/>\n\t<meta property=\"og:image:width\" content=\"940\" \/>\n\t<meta property=\"og:image:height\" content=\"788\" \/>\n\t<meta property=\"og:image:type\" content=\"image\/jpeg\" \/>\n<meta name=\"twitter:card\" content=\"summary_large_image\" \/>\n<meta name=\"twitter:label1\" content=\"Est. reading time\" \/>\n\t<meta name=\"twitter:data1\" content=\"3 minutes\" \/>\n<script type=\"application\/ld+json\" class=\"yoast-schema-graph\">{\"@context\":\"https:\\\/\\\/schema.org\",\"@graph\":[{\"@type\":\"WebPage\",\"@id\":\"https:\\\/\\\/polyvagalbodyworkers.com\\\/producto\\\/pvmt5-cdmx\\\/\",\"url\":\"https:\\\/\\\/polyvagalbodyworkers.com\\\/producto\\\/pvmt5-cdmx\\\/\",\"name\":\"Terapia Manual Polivagal PVMT5 CDMX \u2013 Agosto 2026\",\"isPartOf\":{\"@id\":\"https:\\\/\\\/polyvagalbodyworkers.com\\\/#website\"},\"primaryImageOfPage\":{\"@id\":\"https:\\\/\\\/polyvagalbodyworkers.com\\\/producto\\\/pvmt5-cdmx\\\/#primaryimage\"},\"image\":{\"@id\":\"https:\\\/\\\/polyvagalbodyworkers.com\\\/producto\\\/pvmt5-cdmx\\\/#primaryimage\"},\"thumbnailUrl\":\"https:\\\/\\\/polyvagalbodyworkers.com\\\/wp-content\\\/uploads\\\/2026\\\/03\\\/WhatsApp-Image-2026-03-24-at-17.44.30.jpeg\",\"datePublished\":\"2026-03-24T20:35:20+00:00\",\"dateModified\":\"2026-03-24T22:59:01+00:00\",\"description\":\"Curso PVMT5 en CDMX. Cerebro emocional, sistema nervioso central y trauma. Terapia Manual Polivagal avanzada. Reserva tu lugar.\",\"breadcrumb\":{\"@id\":\"https:\\\/\\\/polyvagalbodyworkers.com\\\/producto\\\/pvmt5-cdmx\\\/#breadcrumb\"},\"inLanguage\":\"en-US\",\"potentialAction\":[{\"@type\":\"ReadAction\",\"target\":[\"https:\\\/\\\/polyvagalbodyworkers.com\\\/producto\\\/pvmt5-cdmx\\\/\"]}]},{\"@type\":\"ImageObject\",\"inLanguage\":\"en-US\",\"@id\":\"https:\\\/\\\/polyvagalbodyworkers.com\\\/producto\\\/pvmt5-cdmx\\\/#primaryimage\",\"url\":\"https:\\\/\\\/polyvagalbodyworkers.com\\\/wp-content\\\/uploads\\\/2026\\\/03\\\/WhatsApp-Image-2026-03-24-at-17.44.30.jpeg\",\"contentUrl\":\"https:\\\/\\\/polyvagalbodyworkers.com\\\/wp-content\\\/uploads\\\/2026\\\/03\\\/WhatsApp-Image-2026-03-24-at-17.44.30.jpeg\",\"width\":940,\"height\":788,\"caption\":\"Curso presencial PVMT5 en CDMX, formaci\u00f3n en Terapia Manual Polivagal\"},{\"@type\":\"BreadcrumbList\",\"@id\":\"https:\\\/\\\/polyvagalbodyworkers.com\\\/producto\\\/pvmt5-cdmx\\\/#breadcrumb\",\"itemListElement\":[{\"@type\":\"ListItem\",\"position\":1,\"name\":\"Portada\",\"item\":\"https:\\\/\\\/polyvagalbodyworkers.com\\\/_es\\\/\"},{\"@type\":\"ListItem\",\"position\":2,\"name\":\"Tienda\",\"item\":\"https:\\\/\\\/polyvagalbodyworkers.com\\\/_es\\\/tienda\\\/\"},{\"@type\":\"ListItem\",\"position\":3,\"name\":\"PVMT5 | CDMX\"}]},{\"@type\":\"WebSite\",\"@id\":\"https:\\\/\\\/polyvagalbodyworkers.com\\\/#website\",\"url\":\"https:\\\/\\\/polyvagalbodyworkers.com\\\/\",\"name\":\"Polivagal Bodyworkers\",\"description\":\"Instituto de Formaci\u00f3n Polivagal para Bodyworkers\",\"publisher\":{\"@id\":\"https:\\\/\\\/polyvagalbodyworkers.com\\\/#organization\"},\"potentialAction\":[{\"@type\":\"SearchAction\",\"target\":{\"@type\":\"EntryPoint\",\"urlTemplate\":\"https:\\\/\\\/polyvagalbodyworkers.com\\\/?s={search_term_string}\"},\"query-input\":{\"@type\":\"PropertyValueSpecification\",\"valueRequired\":true,\"valueName\":\"search_term_string\"}}],\"inLanguage\":\"en-US\"},{\"@type\":\"Organization\",\"@id\":\"https:\\\/\\\/polyvagalbodyworkers.com\\\/#organization\",\"name\":\"POLYVAGAL BODYWORKERS\",\"url\":\"https:\\\/\\\/polyvagalbodyworkers.com\\\/\",\"logo\":{\"@type\":\"ImageObject\",\"inLanguage\":\"en-US\",\"@id\":\"https:\\\/\\\/polyvagalbodyworkers.com\\\/#\\\/schema\\\/logo\\\/image\\\/\",\"url\":\"https:\\\/\\\/polyvagalbodyworkers.com\\\/wp-content\\\/uploads\\\/2025\\\/01\\\/Polyvagal-Bodyworkers-LOGO.webp\",\"contentUrl\":\"https:\\\/\\\/polyvagalbodyworkers.com\\\/wp-content\\\/uploads\\\/2025\\\/01\\\/Polyvagal-Bodyworkers-LOGO.webp\",\"width\":1350,\"height\":1350,\"caption\":\"POLYVAGAL BODYWORKERS\"},\"image\":{\"@id\":\"https:\\\/\\\/polyvagalbodyworkers.com\\\/#\\\/schema\\\/logo\\\/image\\\/\"}}]}<\/script>\n<!-- \/ Yoast SEO plugin. -->","yoast_head_json":{"title":"Terapia Manual Polivagal PVMT5 CDMX \u2013 Agosto 2026","description":"Curso PVMT5 en CDMX. Cerebro emocional, sistema nervioso central y trauma. Terapia Manual Polivagal avanzada. Reserva tu lugar.","robots":{"index":"index","follow":"follow","max-snippet":"max-snippet:-1","max-image-preview":"max-image-preview:large","max-video-preview":"max-video-preview:-1"},"canonical":"https:\/\/polyvagalbodyworkers.com\/_en\/product\/pvmt5-cdmx\/","og_locale":"en_US","og_type":"article","og_title":"Terapia Manual Polivagal PVMT5 CDMX \u2013 Agosto 2026","og_description":"Curso PVMT5 en CDMX. Cerebro emocional, sistema nervioso central y trauma. Terapia Manual Polivagal avanzada. Reserva tu lugar.","og_url":"https:\/\/polyvagalbodyworkers.com\/_en\/product\/pvmt5-cdmx\/","og_site_name":"Polivagal Bodyworkers","article_modified_time":"2026-03-24T22:59:01+00:00","og_image":[{"width":940,"height":788,"url":"https:\/\/polyvagalbodyworkers.com\/wp-content\/uploads\/2026\/03\/WhatsApp-Image-2026-03-24-at-17.44.30.jpeg","type":"image\/jpeg"}],"twitter_card":"summary_large_image","twitter_misc":{"Est. reading time":"3 minutes"},"schema":{"@context":"https:\/\/schema.org","@graph":[{"@type":"WebPage","@id":"https:\/\/polyvagalbodyworkers.com\/producto\/pvmt5-cdmx\/","url":"https:\/\/polyvagalbodyworkers.com\/producto\/pvmt5-cdmx\/","name":"Terapia Manual Polivagal PVMT5 CDMX \u2013 Agosto 2026","isPartOf":{"@id":"https:\/\/polyvagalbodyworkers.com\/#website"},"primaryImageOfPage":{"@id":"https:\/\/polyvagalbodyworkers.com\/producto\/pvmt5-cdmx\/#primaryimage"},"image":{"@id":"https:\/\/polyvagalbodyworkers.com\/producto\/pvmt5-cdmx\/#primaryimage"},"thumbnailUrl":"https:\/\/polyvagalbodyworkers.com\/wp-content\/uploads\/2026\/03\/WhatsApp-Image-2026-03-24-at-17.44.30.jpeg","datePublished":"2026-03-24T20:35:20+00:00","dateModified":"2026-03-24T22:59:01+00:00","description":"Curso PVMT5 en CDMX. Cerebro emocional, sistema nervioso central y trauma. Terapia Manual Polivagal avanzada. Reserva tu lugar.","breadcrumb":{"@id":"https:\/\/polyvagalbodyworkers.com\/producto\/pvmt5-cdmx\/#breadcrumb"},"inLanguage":"en-US","potentialAction":[{"@type":"ReadAction","target":["https:\/\/polyvagalbodyworkers.com\/producto\/pvmt5-cdmx\/"]}]},{"@type":"ImageObject","inLanguage":"en-US","@id":"https:\/\/polyvagalbodyworkers.com\/producto\/pvmt5-cdmx\/#primaryimage","url":"https:\/\/polyvagalbodyworkers.com\/wp-content\/uploads\/2026\/03\/WhatsApp-Image-2026-03-24-at-17.44.30.jpeg","contentUrl":"https:\/\/polyvagalbodyworkers.com\/wp-content\/uploads\/2026\/03\/WhatsApp-Image-2026-03-24-at-17.44.30.jpeg","width":940,"height":788,"caption":"Curso presencial PVMT5 en CDMX, formaci\u00f3n en Terapia Manual Polivagal"},{"@type":"BreadcrumbList","@id":"https:\/\/polyvagalbodyworkers.com\/producto\/pvmt5-cdmx\/#breadcrumb","itemListElement":[{"@type":"ListItem","position":1,"name":"Portada","item":"https:\/\/polyvagalbodyworkers.com\/_es\/"},{"@type":"ListItem","position":2,"name":"Tienda","item":"https:\/\/polyvagalbodyworkers.com\/_es\/tienda\/"},{"@type":"ListItem","position":3,"name":"PVMT5 | CDMX"}]},{"@type":"WebSite","@id":"https:\/\/polyvagalbodyworkers.com\/#website","url":"https:\/\/polyvagalbodyworkers.com\/","name":"Polivagal Bodyworkers","description":"Instituto de Formaci\u00f3n Polivagal para Bodyworkers","publisher":{"@id":"https:\/\/polyvagalbodyworkers.com\/#organization"},"potentialAction":[{"@type":"SearchAction","target":{"@type":"EntryPoint","urlTemplate":"https:\/\/polyvagalbodyworkers.com\/?s={search_term_string}"},"query-input":{"@type":"PropertyValueSpecification","valueRequired":true,"valueName":"search_term_string"}}],"inLanguage":"en-US"},{"@type":"Organization","@id":"https:\/\/polyvagalbodyworkers.com\/#organization","name":"POLYVAGAL BODYWORKERS","url":"https:\/\/polyvagalbodyworkers.com\/","logo":{"@type":"ImageObject","inLanguage":"en-US","@id":"https:\/\/polyvagalbodyworkers.com\/#\/schema\/logo\/image\/","url":"https:\/\/polyvagalbodyworkers.com\/wp-content\/uploads\/2025\/01\/Polyvagal-Bodyworkers-LOGO.webp","contentUrl":"https:\/\/polyvagalbodyworkers.com\/wp-content\/uploads\/2025\/01\/Polyvagal-Bodyworkers-LOGO.webp","width":1350,"height":1350,"caption":"POLYVAGAL BODYWORKERS"},"image":{"@id":"https:\/\/polyvagalbodyworkers.com\/#\/schema\/logo\/image\/"}}]}},"_links":{"self":[{"href":"https:\/\/polyvagalbodyworkers.com\/_en\/wp-json\/wp\/v2\/product\/4284","targetHints":{"allow":["GET"]}}],"collection":[{"href":"https:\/\/polyvagalbodyworkers.com\/_en\/wp-json\/wp\/v2\/product"}],"about":[{"href":"https:\/\/polyvagalbodyworkers.com\/_en\/wp-json\/wp\/v2\/types\/product"}],"wp:featuredmedia":[{"embeddable":true,"href":"https:\/\/polyvagalbodyworkers.com\/_en\/wp-json\/wp\/v2\/media\/4286"}],"wp:attachment":[{"href":"https:\/\/polyvagalbodyworkers.com\/_en\/wp-json\/wp\/v2\/media?parent=4284"}],"wp:term":[{"taxonomy":"product_brand","embeddable":true,"href":"https:\/\/polyvagalbodyworkers.com\/_en\/wp-json\/wp\/v2\/product_brand?post=4284"},{"taxonomy":"product_cat","embeddable":true,"href":"https:\/\/polyvagalbodyworkers.com\/_en\/wp-json\/wp\/v2\/product_cat?post=4284"},{"taxonomy":"product_tag","embeddable":true,"href":"https:\/\/polyvagalbodyworkers.com\/_en\/wp-json\/wp\/v2\/product_tag?post=4284"}],"curies":[{"name":"wp","href":"https:\/\/api.w.org\/{rel}","templated":true}]}}