{"id":4300,"date":"2026-03-25T22:01:24","date_gmt":"2026-03-25T22:01:24","guid":{"rendered":"https:\/\/polyvagalbodyworkers.com\/?post_type=product&#038;p=4300"},"modified":"2026-03-25T22:47:22","modified_gmt":"2026-03-25T22:47:22","slug":"pvmt3-cordoba","status":"publish","type":"product","link":"https:\/\/polyvagalbodyworkers.com\/_en\/product\/pvmt3-cordoba\/","title":{"rendered":"PVMT3 | C\u00f3rdoba"},"content":{"rendered":"<h2 data-start=\"157\" data-end=\"220\">\ud83e\udde0 Terapia Manual Polivagal C\u00f3rdoba \u2013 PVMT3 Octubre 2026<\/h2>\n<p data-start=\"399\" data-end=\"760\">This formation of <strong data-start=\"417\" data-end=\"463\">Terapia Manual Polivagal en C\u00f3rdoba PVMT3<\/strong> is focused on addressing the <strong data-start=\"497\" data-end=\"517\">enteric nervous system<\/strong>, the axis <strong data-start=\"526\" data-end=\"544\">body-emotion<\/strong> and somatosentimental integration through manual contact. It is a profound clinical experience that connects visceral autonomic regulation with emotional health and the support of embodied trauma.<\/p>\n<p data-start=\"762\" data-end=\"1231\">For three days you will receive intensive training in specific techniques to intervene on the <strong data-start=\"864\" data-end=\"897\">abdominal and pelvic plexuses<\/strong>, <strong data-start=\"902\" data-end=\"944\">unmyelinated vagus nerve of the abdomen<\/strong>, <strong data-start=\"949\" data-end=\"962\">diaphragm<\/strong>, <strong data-start=\"967\" data-end=\"987\">splenic plexus<\/strong>, <strong data-start=\"992\" data-end=\"1011\">visceral fascia<\/strong> and key structures involved in internal perception and physiological states. The foundations of emotional treatment and the bottom-up-top-down pathway between body, emotion, and thought will also be addressed.<\/p>\n<p data-start=\"1233\" data-end=\"1478\">By the end of the course, you will have integrated new tools to manage complex physical and emotional symptoms such as digestive dysfunction, somatizations, visceral anxiety, retained trauma in the viscera, blocked breathing, and more.<\/p>\n<p>&nbsp;<\/p>\n<hr data-start=\"1260\" data-end=\"1263\" \/>\n<h4 data-start=\"183\" data-end=\"211\">\ud83d\udcc5 Course Information<\/h4>\n<ul data-start=\"213\" data-end=\"787\">\n<li data-start=\"213\" data-end=\"279\">\n<p data-start=\"215\" data-end=\"279\"><strong data-start=\"215\" data-end=\"226\">Dates: <\/strong>11, 12 y 13 de octubre de 2026.<\/p>\n<\/li>\n<li data-start=\"281\" data-end=\"428\">\n<p data-start=\"283\" data-end=\"428\"><strong data-start=\"283\" data-end=\"295\">Daily Schedule: <\/strong>From 9:00 a.m. to 1:00 p.m. and from 2:30 p.m. to 5:30 p.m.<br data-start=\"358\" data-end=\"361\" \/>\u00a0\u00a0\u00a0\u00a0<em data-start=\"385\" data-end=\"428\">(Check-in on the first day at 8:30 a.m.)<\/em><\/p>\n<\/li>\n<li data-start=\"430\" data-end=\"487\">\n<p data-start=\"432\" data-end=\"487\"><strong data-start=\"432\" data-end=\"446\">Location <\/strong>C\u00f3rdoba, Argentina.<\/p>\n<\/li>\n<li data-start=\"489\" data-end=\"542\">\n<p data-start=\"491\" data-end=\"542\"><strong data-start=\"491\" data-end=\"505\">Mode <\/strong>In person<\/p>\n<\/li>\n<li data-start=\"544\" data-end=\"615\">\n<p data-start=\"546\" data-end=\"615\"><strong data-start=\"546\" data-end=\"559\">Duration: <\/strong>3 days of intensive training<\/p>\n<\/li>\n<li data-start=\"617\" data-end=\"787\">\n<p data-start=\"619\" data-end=\"787\"><strong data-start=\"619\" data-end=\"631\">Includes: <\/strong>Diploma oficial y gu\u00eda de estudio.<\/p>\n<\/li>\n<\/ul>\n<p>&nbsp;<\/p>\n<hr data-start=\"1516\" data-end=\"1519\" \/>\n<h4 data-start=\"1747\" data-end=\"1765\">\ud83d\udc68\u200d\ud83c\udfeb Professor<\/h4>\n<p data-start=\"1767\" data-end=\"1861\"><strong data-start=\"1767\" data-end=\"1784\">Mat\u00edas Chahab<\/strong>, PT, DO, BI-D, PVMT<br data-start=\"1804\" data-end=\"1807\" \/>Creator and developer of Polyvagal Manual Therapy<\/p>\n<p>&nbsp;<\/p>\n<hr data-start=\"1516\" data-end=\"1519\" \/>\n<h4 data-start=\"1521\" data-end=\"1537\">\ud83d\udcb0 Investment and payment methods<\/h4>\n<ul>\n<li><strong data-start=\"1272\" data-end=\"1329\">\u2705 <\/strong><strong data-start=\"1334\" data-end=\"1345\">650 US d\u00f3lares.<\/strong><\/li>\n<\/ul>\n<p>&nbsp;<\/p>\n<hr data-start=\"1421\" data-end=\"1424\" \/>\n<h4 data-start=\"1426\" data-end=\"1456\">\ud83d\udd39 To reserve your spot:<\/h4>\n<p data-start=\"1458\" data-end=\"1530\"><strong data-start=\"1458\" data-end=\"1530\">Step 1: Make a transfer of 150 USD to the following information:<\/strong><\/p>\n<ul data-start=\"1532\" data-end=\"1690\">\n<li data-start=\"1532\" data-end=\"1570\">\n<p data-start=\"1534\" data-end=\"1570\"><strong data-start=\"1534\" data-end=\"1545\">Name:<\/strong> Mat\u00edas Fernando Chahab<\/p>\n<\/li>\n<li data-start=\"1571\" data-end=\"1593\">\n<p data-start=\"1573\" data-end=\"1593\"><strong data-start=\"1573\" data-end=\"1583\">Bank:<\/strong> Galicia<\/p>\n<\/li>\n<li data-start=\"1594\" data-end=\"1630\">\n<p data-start=\"1596\" data-end=\"1630\"><strong data-start=\"1596\" data-end=\"1604\">CBU:<\/strong> 00701286-31004007568183<\/p>\n<\/li>\n<li data-start=\"1631\" data-end=\"1664\">\n<p data-start=\"1633\" data-end=\"1664\"><strong data-start=\"1633\" data-end=\"1643\">ALIAS:<\/strong> CUEVA.CEREAL.NOGAL<\/p>\n<\/li>\n<li data-start=\"1665\" data-end=\"1690\">\n<p data-start=\"1667\" data-end=\"1690\"><strong data-start=\"1667\" data-end=\"1676\">CUIL:<\/strong> 20-28279125-1<\/p>\n<\/li>\n<\/ul>\n<p data-start=\"1692\" data-end=\"1810\"><strong data-start=\"1692\" data-end=\"1703\">Step 2:<\/strong> Send your reservation receipt to: <a class=\"cursor-pointer\" rel=\"noopener\" data-start=\"1741\" data-end=\"1810\">pvmt@polyvagalbodyworkers.com<\/a><\/p>\n<hr data-start=\"1706\" data-end=\"1709\" \/>\n<h4 data-start=\"1711\" data-end=\"1728\">\u26a0\ufe0f Important:<\/h4>\n<ul data-start=\"1730\" data-end=\"1952\">\n<li>Exclusive course for those who have completed PVMT2<\/li>\n<li data-start=\"1730\" data-end=\"1750\">\n<p data-start=\"1732\" data-end=\"1750\">Limited quotas<\/p>\n<\/li>\n<li data-start=\"1751\" data-end=\"1834\">\n<p data-start=\"1753\" data-end=\"1834\">Do not book accommodation or flights until you receive official course confirmation.<\/p>\n<\/li>\n<li data-start=\"1835\" data-end=\"1952\">\n<p data-start=\"1837\" data-end=\"1952\">Send your reservation receipt to: <strong><a class=\"cursor-pointer\" rel=\"noopener\" data-start=\"1883\" data-end=\"1952\">pvmt@polyvagalbodyworkers.com<\/a><\/strong><\/p>\n<\/li>\n<\/ul>\n<p>&nbsp;<\/p>\n<hr data-start=\"1954\" data-end=\"1957\" \/>\n<h4 data-start=\"1959\" data-end=\"1980\">\ud83d\udd17 Useful links<\/h4>\n<ul data-start=\"1982\" data-end=\"2153\">\n<li data-start=\"1982\" data-end=\"2083\">\n<p data-start=\"1984\" data-end=\"2083\"><a class=\"cursor-pointer\" href=\"https:\/\/polyvagalbodyworkers.com\/_en\/faq-items\/que-es-la-terapia-manual-polivagal-y-como-puede-ayudarte\/\" rel=\"noopener\" data-start=\"1984\" data-end=\"2081\">What is Polyvagal Manual Therapy?<\/a><\/p>\n<\/li>\n<li data-start=\"2084\" data-end=\"2153\">\n<p data-start=\"2086\" data-end=\"2153\"><a class=\"\" href=\"https:\/\/www.stephenporges.com\/\" target=\"_new\" rel=\"noopener\" data-start=\"2086\" data-end=\"2153\">Stephen Porges \u2013 Polyvagal Theory<\/a><\/p>\n<\/li>\n<li data-start=\"2084\" data-end=\"2153\"><a href=\"https:\/\/polyvagalbodyworkers.com\/_en\/reembolso_devoluciones\/\">Returns and Refunds Policy<\/a>\u00a0 \/ \u00a0<a href=\"https:\/\/polyvagalbodyworkers.com\/_en\/terminos-y-condiciones\/\">Terms and Conditions<\/a><\/li>\n<\/ul>\n<p>&nbsp;<\/p>\n<hr data-start=\"2155\" data-end=\"2158\" \/>\n<h4 data-start=\"2160\" data-end=\"2188\">Secure your spot:<\/h4>\n<p data-start=\"2190\" data-end=\"2450\">Don't miss this opportunity to train in <strong data-start=\"2727\" data-end=\"2770\">Terapia Manual Polivagal C\u00f3rdoba PVMT3<\/strong> with the team <strong data-start=\"2788\" data-end=\"2813\">Polyvagal Bodyworkers<\/strong>. Delve deeper into the enteric system, the emotional body, and visceral regulation to further transform your clinical practice.<\/p>","protected":false},"excerpt":{"rendered":"<p><strong>Immerse yourself in Polyvagal Manual Therapy with this in-person course in C\u00f3rdoba.<\/strong>\u00a0Learn advanced techniques to assess and regulate the nervous system. Ideal for manual therapists looking to transform their practice. Reserve your spot now!<\/p>","protected":false},"featured_media":4302,"template":"","meta":[],"product_brand":[],"product_cat":[56,74],"product_tag":[61,81],"class_list":{"0":"post-4300","1":"product","2":"type-product","3":"status-publish","4":"has-post-thumbnail","6":"product_cat-cursos-argentina","7":"product_cat-pvmt3","8":"product_tag-argentina","9":"product_tag-pvmt3","11":"first","12":"instock","13":"featured","14":"taxable","15":"shipping-taxable","16":"purchasable","17":"product-type-simple"},"yoast_head":"<!-- This site is optimized with the Yoast SEO plugin v27.5 - https:\/\/yoast.com\/product\/yoast-seo-wordpress\/ -->\n<title>Terapia Manual Polivagal C\u00f3rdoba \u2013 Curso PVMT3<\/title>\n<meta name=\"description\" content=\"Formaci\u00f3n en Terapia Manual Polivagal (PVMT3) en C\u00f3rdoba. Abordaje somatoemocional del sistema nervioso, trauma y regulaci\u00f3n visceral.\" \/>\n<meta name=\"robots\" content=\"index, follow, max-snippet:-1, max-image-preview:large, max-video-preview:-1\" \/>\n<link rel=\"canonical\" href=\"https:\/\/polyvagalbodyworkers.com\/_en\/product\/pvmt3-cordoba\/\" \/>\n<meta property=\"og:locale\" content=\"en_US\" \/>\n<meta property=\"og:type\" content=\"article\" \/>\n<meta property=\"og:title\" content=\"Terapia Manual Polivagal C\u00f3rdoba \u2013 Curso PVMT3\" \/>\n<meta property=\"og:description\" content=\"Formaci\u00f3n en Terapia Manual Polivagal (PVMT3) en C\u00f3rdoba. Abordaje somatoemocional del sistema nervioso, trauma y regulaci\u00f3n visceral.\" \/>\n<meta property=\"og:url\" content=\"https:\/\/polyvagalbodyworkers.com\/_en\/product\/pvmt3-cordoba\/\" \/>\n<meta property=\"og:site_name\" content=\"Polivagal Bodyworkers\" \/>\n<meta property=\"article:modified_time\" content=\"2026-03-25T22:47:22+00:00\" \/>\n<meta property=\"og:image\" content=\"https:\/\/polyvagalbodyworkers.com\/wp-content\/uploads\/2026\/03\/WhatsApp-Image-2026-03-25-at-17.35.31.webp\" \/>\n\t<meta property=\"og:image:width\" content=\"940\" \/>\n\t<meta property=\"og:image:height\" content=\"788\" \/>\n\t<meta property=\"og:image:type\" content=\"image\/webp\" \/>\n<meta name=\"twitter:card\" content=\"summary_large_image\" \/>\n<meta name=\"twitter:label1\" content=\"Est. reading time\" \/>\n\t<meta name=\"twitter:data1\" content=\"2 minutes\" \/>\n<script type=\"application\/ld+json\" class=\"yoast-schema-graph\">{\"@context\":\"https:\\\/\\\/schema.org\",\"@graph\":[{\"@type\":\"WebPage\",\"@id\":\"https:\\\/\\\/polyvagalbodyworkers.com\\\/producto\\\/pvmt3-cordoba\\\/\",\"url\":\"https:\\\/\\\/polyvagalbodyworkers.com\\\/producto\\\/pvmt3-cordoba\\\/\",\"name\":\"Terapia Manual Polivagal C\u00f3rdoba \u2013 Curso PVMT3\",\"isPartOf\":{\"@id\":\"https:\\\/\\\/polyvagalbodyworkers.com\\\/#website\"},\"primaryImageOfPage\":{\"@id\":\"https:\\\/\\\/polyvagalbodyworkers.com\\\/producto\\\/pvmt3-cordoba\\\/#primaryimage\"},\"image\":{\"@id\":\"https:\\\/\\\/polyvagalbodyworkers.com\\\/producto\\\/pvmt3-cordoba\\\/#primaryimage\"},\"thumbnailUrl\":\"https:\\\/\\\/polyvagalbodyworkers.com\\\/wp-content\\\/uploads\\\/2026\\\/03\\\/WhatsApp-Image-2026-03-25-at-17.35.31.webp\",\"datePublished\":\"2026-03-25T22:01:24+00:00\",\"dateModified\":\"2026-03-25T22:47:22+00:00\",\"description\":\"Formaci\u00f3n en Terapia Manual Polivagal (PVMT3) en C\u00f3rdoba. Abordaje somatoemocional del sistema nervioso, trauma y regulaci\u00f3n visceral.\",\"breadcrumb\":{\"@id\":\"https:\\\/\\\/polyvagalbodyworkers.com\\\/producto\\\/pvmt3-cordoba\\\/#breadcrumb\"},\"inLanguage\":\"en-US\",\"potentialAction\":[{\"@type\":\"ReadAction\",\"target\":[\"https:\\\/\\\/polyvagalbodyworkers.com\\\/producto\\\/pvmt3-cordoba\\\/\"]}]},{\"@type\":\"ImageObject\",\"inLanguage\":\"en-US\",\"@id\":\"https:\\\/\\\/polyvagalbodyworkers.com\\\/producto\\\/pvmt3-cordoba\\\/#primaryimage\",\"url\":\"https:\\\/\\\/polyvagalbodyworkers.com\\\/wp-content\\\/uploads\\\/2026\\\/03\\\/WhatsApp-Image-2026-03-25-at-17.35.31.webp\",\"contentUrl\":\"https:\\\/\\\/polyvagalbodyworkers.com\\\/wp-content\\\/uploads\\\/2026\\\/03\\\/WhatsApp-Image-2026-03-25-at-17.35.31.webp\",\"width\":940,\"height\":788,\"caption\":\"Curso presencial PVMT3 en C\u00f3rdoba, formaci\u00f3n en Terapia Manual Polivagal\"},{\"@type\":\"BreadcrumbList\",\"@id\":\"https:\\\/\\\/polyvagalbodyworkers.com\\\/producto\\\/pvmt3-cordoba\\\/#breadcrumb\",\"itemListElement\":[{\"@type\":\"ListItem\",\"position\":1,\"name\":\"Portada\",\"item\":\"https:\\\/\\\/polyvagalbodyworkers.com\\\/_es\\\/\"},{\"@type\":\"ListItem\",\"position\":2,\"name\":\"Tienda\",\"item\":\"https:\\\/\\\/polyvagalbodyworkers.com\\\/_es\\\/tienda\\\/\"},{\"@type\":\"ListItem\",\"position\":3,\"name\":\"PVMT3 | C\u00f3rdoba\"}]},{\"@type\":\"WebSite\",\"@id\":\"https:\\\/\\\/polyvagalbodyworkers.com\\\/#website\",\"url\":\"https:\\\/\\\/polyvagalbodyworkers.com\\\/\",\"name\":\"Polivagal Bodyworkers\",\"description\":\"Instituto de Formaci\u00f3n Polivagal para Bodyworkers\",\"publisher\":{\"@id\":\"https:\\\/\\\/polyvagalbodyworkers.com\\\/#organization\"},\"potentialAction\":[{\"@type\":\"SearchAction\",\"target\":{\"@type\":\"EntryPoint\",\"urlTemplate\":\"https:\\\/\\\/polyvagalbodyworkers.com\\\/?s={search_term_string}\"},\"query-input\":{\"@type\":\"PropertyValueSpecification\",\"valueRequired\":true,\"valueName\":\"search_term_string\"}}],\"inLanguage\":\"en-US\"},{\"@type\":\"Organization\",\"@id\":\"https:\\\/\\\/polyvagalbodyworkers.com\\\/#organization\",\"name\":\"POLYVAGAL BODYWORKERS\",\"url\":\"https:\\\/\\\/polyvagalbodyworkers.com\\\/\",\"logo\":{\"@type\":\"ImageObject\",\"inLanguage\":\"en-US\",\"@id\":\"https:\\\/\\\/polyvagalbodyworkers.com\\\/#\\\/schema\\\/logo\\\/image\\\/\",\"url\":\"https:\\\/\\\/polyvagalbodyworkers.com\\\/wp-content\\\/uploads\\\/2025\\\/01\\\/Polyvagal-Bodyworkers-LOGO.webp\",\"contentUrl\":\"https:\\\/\\\/polyvagalbodyworkers.com\\\/wp-content\\\/uploads\\\/2025\\\/01\\\/Polyvagal-Bodyworkers-LOGO.webp\",\"width\":1350,\"height\":1350,\"caption\":\"POLYVAGAL BODYWORKERS\"},\"image\":{\"@id\":\"https:\\\/\\\/polyvagalbodyworkers.com\\\/#\\\/schema\\\/logo\\\/image\\\/\"}}]}<\/script>\n<!-- \/ Yoast SEO plugin. -->","yoast_head_json":{"title":"Terapia Manual Polivagal C\u00f3rdoba \u2013 Curso PVMT3","description":"Formaci\u00f3n en Terapia Manual Polivagal (PVMT3) en C\u00f3rdoba. Abordaje somatoemocional del sistema nervioso, trauma y regulaci\u00f3n visceral.","robots":{"index":"index","follow":"follow","max-snippet":"max-snippet:-1","max-image-preview":"max-image-preview:large","max-video-preview":"max-video-preview:-1"},"canonical":"https:\/\/polyvagalbodyworkers.com\/_en\/product\/pvmt3-cordoba\/","og_locale":"en_US","og_type":"article","og_title":"Terapia Manual Polivagal C\u00f3rdoba \u2013 Curso PVMT3","og_description":"Formaci\u00f3n en Terapia Manual Polivagal (PVMT3) en C\u00f3rdoba. Abordaje somatoemocional del sistema nervioso, trauma y regulaci\u00f3n visceral.","og_url":"https:\/\/polyvagalbodyworkers.com\/_en\/product\/pvmt3-cordoba\/","og_site_name":"Polivagal Bodyworkers","article_modified_time":"2026-03-25T22:47:22+00:00","og_image":[{"width":940,"height":788,"url":"https:\/\/polyvagalbodyworkers.com\/wp-content\/uploads\/2026\/03\/WhatsApp-Image-2026-03-25-at-17.35.31.webp","type":"image\/webp"}],"twitter_card":"summary_large_image","twitter_misc":{"Est. reading time":"2 minutes"},"schema":{"@context":"https:\/\/schema.org","@graph":[{"@type":"WebPage","@id":"https:\/\/polyvagalbodyworkers.com\/producto\/pvmt3-cordoba\/","url":"https:\/\/polyvagalbodyworkers.com\/producto\/pvmt3-cordoba\/","name":"Terapia Manual Polivagal C\u00f3rdoba \u2013 Curso PVMT3","isPartOf":{"@id":"https:\/\/polyvagalbodyworkers.com\/#website"},"primaryImageOfPage":{"@id":"https:\/\/polyvagalbodyworkers.com\/producto\/pvmt3-cordoba\/#primaryimage"},"image":{"@id":"https:\/\/polyvagalbodyworkers.com\/producto\/pvmt3-cordoba\/#primaryimage"},"thumbnailUrl":"https:\/\/polyvagalbodyworkers.com\/wp-content\/uploads\/2026\/03\/WhatsApp-Image-2026-03-25-at-17.35.31.webp","datePublished":"2026-03-25T22:01:24+00:00","dateModified":"2026-03-25T22:47:22+00:00","description":"Formaci\u00f3n en Terapia Manual Polivagal (PVMT3) en C\u00f3rdoba. Abordaje somatoemocional del sistema nervioso, trauma y regulaci\u00f3n visceral.","breadcrumb":{"@id":"https:\/\/polyvagalbodyworkers.com\/producto\/pvmt3-cordoba\/#breadcrumb"},"inLanguage":"en-US","potentialAction":[{"@type":"ReadAction","target":["https:\/\/polyvagalbodyworkers.com\/producto\/pvmt3-cordoba\/"]}]},{"@type":"ImageObject","inLanguage":"en-US","@id":"https:\/\/polyvagalbodyworkers.com\/producto\/pvmt3-cordoba\/#primaryimage","url":"https:\/\/polyvagalbodyworkers.com\/wp-content\/uploads\/2026\/03\/WhatsApp-Image-2026-03-25-at-17.35.31.webp","contentUrl":"https:\/\/polyvagalbodyworkers.com\/wp-content\/uploads\/2026\/03\/WhatsApp-Image-2026-03-25-at-17.35.31.webp","width":940,"height":788,"caption":"Curso presencial PVMT3 en C\u00f3rdoba, formaci\u00f3n en Terapia Manual Polivagal"},{"@type":"BreadcrumbList","@id":"https:\/\/polyvagalbodyworkers.com\/producto\/pvmt3-cordoba\/#breadcrumb","itemListElement":[{"@type":"ListItem","position":1,"name":"Portada","item":"https:\/\/polyvagalbodyworkers.com\/_es\/"},{"@type":"ListItem","position":2,"name":"Tienda","item":"https:\/\/polyvagalbodyworkers.com\/_es\/tienda\/"},{"@type":"ListItem","position":3,"name":"PVMT3 | C\u00f3rdoba"}]},{"@type":"WebSite","@id":"https:\/\/polyvagalbodyworkers.com\/#website","url":"https:\/\/polyvagalbodyworkers.com\/","name":"Polivagal Bodyworkers","description":"Instituto de Formaci\u00f3n Polivagal para Bodyworkers","publisher":{"@id":"https:\/\/polyvagalbodyworkers.com\/#organization"},"potentialAction":[{"@type":"SearchAction","target":{"@type":"EntryPoint","urlTemplate":"https:\/\/polyvagalbodyworkers.com\/?s={search_term_string}"},"query-input":{"@type":"PropertyValueSpecification","valueRequired":true,"valueName":"search_term_string"}}],"inLanguage":"en-US"},{"@type":"Organization","@id":"https:\/\/polyvagalbodyworkers.com\/#organization","name":"POLYVAGAL BODYWORKERS","url":"https:\/\/polyvagalbodyworkers.com\/","logo":{"@type":"ImageObject","inLanguage":"en-US","@id":"https:\/\/polyvagalbodyworkers.com\/#\/schema\/logo\/image\/","url":"https:\/\/polyvagalbodyworkers.com\/wp-content\/uploads\/2025\/01\/Polyvagal-Bodyworkers-LOGO.webp","contentUrl":"https:\/\/polyvagalbodyworkers.com\/wp-content\/uploads\/2025\/01\/Polyvagal-Bodyworkers-LOGO.webp","width":1350,"height":1350,"caption":"POLYVAGAL BODYWORKERS"},"image":{"@id":"https:\/\/polyvagalbodyworkers.com\/#\/schema\/logo\/image\/"}}]}},"_links":{"self":[{"href":"https:\/\/polyvagalbodyworkers.com\/_en\/wp-json\/wp\/v2\/product\/4300","targetHints":{"allow":["GET"]}}],"collection":[{"href":"https:\/\/polyvagalbodyworkers.com\/_en\/wp-json\/wp\/v2\/product"}],"about":[{"href":"https:\/\/polyvagalbodyworkers.com\/_en\/wp-json\/wp\/v2\/types\/product"}],"wp:featuredmedia":[{"embeddable":true,"href":"https:\/\/polyvagalbodyworkers.com\/_en\/wp-json\/wp\/v2\/media\/4302"}],"wp:attachment":[{"href":"https:\/\/polyvagalbodyworkers.com\/_en\/wp-json\/wp\/v2\/media?parent=4300"}],"wp:term":[{"taxonomy":"product_brand","embeddable":true,"href":"https:\/\/polyvagalbodyworkers.com\/_en\/wp-json\/wp\/v2\/product_brand?post=4300"},{"taxonomy":"product_cat","embeddable":true,"href":"https:\/\/polyvagalbodyworkers.com\/_en\/wp-json\/wp\/v2\/product_cat?post=4300"},{"taxonomy":"product_tag","embeddable":true,"href":"https:\/\/polyvagalbodyworkers.com\/_en\/wp-json\/wp\/v2\/product_tag?post=4300"}],"curies":[{"name":"wp","href":"https:\/\/api.w.org\/{rel}","templated":true}]}}