{"id":4341,"date":"2026-03-30T20:40:43","date_gmt":"2026-03-30T20:40:43","guid":{"rendered":"https:\/\/polyvagalbodyworkers.com\/?post_type=product&#038;p=4341"},"modified":"2026-05-12T16:50:03","modified_gmt":"2026-05-12T16:50:03","slug":"cans-2-barcelona","status":"publish","type":"product","link":"https:\/\/polyvagalbodyworkers.com\/_en\/product\/cans-2-barcelona\/","title":{"rendered":"CANS 2 | Barcelona"},"content":{"rendered":"<h2 data-start=\"242\" data-end=\"299\">\ud83e\udde0 Terapia Manual Polivagal CANS 2 Barcelona \u2013 Septiembre 2026<\/h2>\n<p data-start=\"179\" data-end=\"642\"><strong data-start=\"179\" data-end=\"230\">Terapia Manual Polivagal CANS 2 Barcelona<\/strong>\u00a0es una formaci\u00f3n avanzada de tres d\u00edas que profundiza el abordaje cl\u00ednico del <strong>sistema nervioso aut\u00f3nomo craneal,<\/strong> integrando de manera m\u00e1s precisa la interacci\u00f3n entre <strong>estructuras vasculares, neurol\u00f3gicas y fasciales<\/strong>.<\/p>\n<p data-start=\"644\" data-end=\"1071\">During training in <strong data-start=\"665\" data-end=\"694\">CANS 2 en Barcelona, <\/strong>se avanzar\u00e1 en la intervenci\u00f3n sobre circuitos auton\u00f3micos complejos, refinando la capacidad de percepci\u00f3n y tratamiento a trav\u00e9s de la escucha diferencial. Se profundiza en la coordinaci\u00f3n entre la regulaci\u00f3n simp\u00e1tica y parasimp\u00e1tica, incorporando abordajes m\u00e1s integrativos que permiten trabajar patrones disfuncionales m\u00e1s arraigados del sistema nervioso.<\/p>\n<p data-start=\"1073\" data-end=\"1438\">Esta formaci\u00f3n potencia la capacidad cl\u00ednica del terapeuta para abordar cuadros m\u00e1s complejos y persistentes, facilitando procesos de regulaci\u00f3n profunda en s\u00edntomas asociados al estr\u00e9s cr\u00f3nico, trauma, disfunciones neurol\u00f3gicas y alteraciones del equilibrio neurovegetativo, desde un enfoque preciso, respetuoso y basado en la Teor\u00eda Polivagal.<\/p>\n<hr data-start=\"1440\" data-end=\"1443\" \/>\n<h4 data-start=\"1445\" data-end=\"1476\">\ud83e\udde0 MAIN TREATMENTS<\/h4>\n<ul data-start=\"1478\" data-end=\"1830\">\n<li data-start=\"1478\" data-end=\"1532\">\n<p data-start=\"1452\" data-end=\"1531\">Intervenci\u00f3n avanzada sobre circuitos auton\u00f3micos craneales complejos<\/p>\n<\/li>\n<li data-start=\"1478\" data-end=\"1532\">\n<p data-start=\"1452\" data-end=\"1531\">Integraci\u00f3n funcional entre plexos, ganglios y sistema vascular cerebral<\/p>\n<\/li>\n<li data-start=\"1478\" data-end=\"1532\">\n<p data-start=\"1452\" data-end=\"1531\">Profundizaci\u00f3n en la regulaci\u00f3n del nervio vago y sus conexiones<\/p>\n<\/li>\n<li data-start=\"1478\" data-end=\"1532\">\n<p data-start=\"1452\" data-end=\"1531\">Escucha diferencial refinada en arterias encef\u00e1licas y din\u00e1micas de flujo<\/p>\n<\/li>\n<li data-start=\"1478\" data-end=\"1532\">\n<p data-start=\"1452\" data-end=\"1531\">Abordaje de patrones disfuncionales cr\u00f3nicos del sistema nervioso aut\u00f3nomo<\/p>\n<\/li>\n<li data-start=\"1478\" data-end=\"1532\">\n<p data-start=\"1452\" data-end=\"1531\">Aplicaci\u00f3n cl\u00ednica integrada de la ley de la arteria en contextos complejos<\/p>\n<\/li>\n<\/ul>\n<p>&nbsp;<\/p>\n<hr data-start=\"1832\" data-end=\"1835\" \/>\n<h4 data-start=\"1308\" data-end=\"1336\">\ud83d\udcc5 Course Information<\/h4>\n<ul data-start=\"213\" data-end=\"787\">\n<li data-start=\"213\" data-end=\"279\">\n<p data-start=\"215\" data-end=\"279\"><strong data-start=\"215\" data-end=\"226\">Dates: <\/strong>18, 19 y 20 de septiembre de 2026.<\/p>\n<\/li>\n<li data-start=\"281\" data-end=\"428\">\n<p data-start=\"283\" data-end=\"428\"><strong data-start=\"283\" data-end=\"295\">Daily Schedule: <\/strong>From 9:00 a.m. to 1:00 p.m. and from 2:30 p.m. to 5:30 p.m.<br data-start=\"358\" data-end=\"361\" \/>\u00a0\u00a0\u00a0\u00a0<em data-start=\"385\" data-end=\"428\">(Check-in on the first day at 8:30 a.m.)<\/em><\/p>\n<\/li>\n<li data-start=\"430\" data-end=\"487\">\n<p data-start=\"432\" data-end=\"487\"><strong data-start=\"432\" data-end=\"446\">Location <\/strong>Barcelona.<\/p>\n<\/li>\n<li data-start=\"489\" data-end=\"542\">\n<p data-start=\"491\" data-end=\"542\"><strong data-start=\"491\" data-end=\"505\">Mode <\/strong>In person.<\/p>\n<\/li>\n<li data-start=\"544\" data-end=\"615\">\n<p data-start=\"546\" data-end=\"615\"><strong data-start=\"546\" data-end=\"559\">Duration: <\/strong>3 days of intensive training<\/p>\n<\/li>\n<li data-start=\"617\" data-end=\"787\">\n<p data-start=\"619\" data-end=\"787\"><strong data-start=\"619\" data-end=\"631\">Includes: <\/strong>Diploma oficial y gu\u00eda de estudio.<\/p>\n<\/li>\n<\/ul>\n<p>&nbsp;<\/p>\n<hr data-start=\"2153\" data-end=\"2156\" \/>\n<h4 data-start=\"2158\" data-end=\"2176\">\ud83d\udc68\u200d\ud83c\udfeb Professor<\/h4>\n<ul data-start=\"2178\" data-end=\"2276\">\n<li data-start=\"2178\" data-end=\"2276\">\n<p data-start=\"2180\" data-end=\"2276\"><strong data-start=\"2180\" data-end=\"2197\">Mat\u00edas Chahab<\/strong>, PT, DO, BI-D, PVMT<br data-start=\"2217\" data-end=\"2220\" \/>Creator and developer of Polyvagal Manual Therapy<\/p>\n<\/li>\n<\/ul>\n<p>&nbsp;<\/p>\n<hr data-start=\"1516\" data-end=\"1519\" \/>\n<h4 data-start=\"1521\" data-end=\"1537\">\ud83d\udcb0 Inversi\u00f3n:<\/h4>\n<p>Valor total:\u00a0 $650 EUR.<\/p>\n<p><strong data-start=\"2019\" data-end=\"2031\">Booking:<\/strong> $150 EUR (transferencia o Mercado Pago).<\/p>\n<p>&nbsp;<\/p>\n<p><strong data-start=\"2078\" data-end=\"2088\">Rest:<\/strong> $500 EUROS en EFECTIVO el primer d\u00eda del curso.<\/p>\n<p>&nbsp;<\/p>\n<hr data-start=\"2480\" data-end=\"2483\" \/>\n<h4 data-start=\"2485\" data-end=\"2502\">\u26a0\ufe0f Important:<\/h4>\n<ul data-start=\"2504\" data-end=\"2810\">\n<li data-start=\"2504\" data-end=\"2586\">\n<p data-start=\"2506\" data-end=\"2586\">Exclusive course for osteopaths or therapists with training in cranial approach.<\/p>\n<\/li>\n<li data-start=\"2587\" data-end=\"2606\">\n<p data-start=\"2589\" data-end=\"2606\">Limited quotas<\/p>\n<\/li>\n<li data-start=\"2607\" data-end=\"2692\">\n<p data-start=\"2609\" data-end=\"2692\">Do not book accommodation or flights until you receive official course confirmation.<\/p>\n<\/li>\n<li data-start=\"2693\" data-end=\"2810\">\n<p data-start=\"2695\" data-end=\"2810\"><strong>Send your reservation receipt to: <a class=\"cursor-pointer\" rel=\"noopener\" data-start=\"2741\" data-end=\"2810\">pvmt@polyvagalbodyworkers.com<\/a><\/strong><\/p>\n<\/li>\n<\/ul>\n<p>&nbsp;<\/p>\n<hr data-start=\"2812\" data-end=\"2815\" \/>\n<h4 data-start=\"2817\" data-end=\"2838\">\ud83d\udd17 Useful links<\/h4>\n<ul data-start=\"2840\" data-end=\"3084\">\n<li data-start=\"2840\" data-end=\"2941\">\n<p data-start=\"2842\" data-end=\"2941\"><a class=\"cursor-pointer\" href=\"https:\/\/polyvagalbodyworkers.com\/_en\/cans\/\" rel=\"noopener\" data-start=\"2842\" data-end=\"2939\">CANS Course<\/a><\/p>\n<\/li>\n<li data-start=\"2942\" data-end=\"3013\">\n<p data-start=\"2944\" data-end=\"3013\"><a class=\"\" href=\"https:\/\/www.stephenporges.com\/\" target=\"_new\" rel=\"noopener\" data-start=\"2944\" data-end=\"3011\">Stephen Porges \u2013 Polyvagal Theory<\/a><\/p>\n<\/li>\n<li data-start=\"3014\" data-end=\"3084\">\n<p data-start=\"3016\" data-end=\"3084\"><a class=\"\" href=\"#\" rel=\"noopener\" data-start=\"3016\" data-end=\"3084\">Returns and Refunds Policy \/ Terms and Conditions<\/a><\/p>\n<\/li>\n<\/ul>\n<p>&nbsp;<\/p>\n<hr data-start=\"3086\" data-end=\"3089\" \/>\n<h4 data-start=\"3091\" data-end=\"3119\">Secure your spot:<\/h4>\n<p data-start=\"3121\" data-end=\"3411\"><strong data-start=\"3121\" data-end=\"3159\">Terapia Manual Polivagal CANS 2 Barcelona<\/strong> It's a unique opportunity to approach the cranial nervous system through the most advanced and precise manual practice. Regulate, rebalance, and transform the way you care for your patients with powerful, scientifically backed clinical tools.<\/p>","protected":false},"excerpt":{"rendered":"<p data-start=\"45\" data-end=\"343\">Formaci\u00f3n avanzada en Terapia Manual Polivagal centrada en el sistema nervioso aut\u00f3nomo craneal. Curso intensivo en Barcelona con Mat\u00edas Chahab. Precisi\u00f3n cl\u00ednica, neuro regulaci\u00f3n y t\u00e9cnicas manuales profundas. Solo para profesionales con experiencia en terapia craneal.<\/p>","protected":false},"featured_media":4342,"template":"","meta":[],"product_brand":[],"product_cat":[76,96,60],"product_tag":[99,89,97,49],"class_list":{"0":"post-4341","1":"product","2":"type-product","3":"status-publish","4":"has-post-thumbnail","6":"product_cat-cans","7":"product_cat-cans-2","8":"product_cat-cursos-espana","9":"product_tag-barcelona","10":"product_tag-cans","11":"product_tag-cans-2","12":"product_tag-espana","14":"first","15":"instock","16":"featured","17":"taxable","18":"shipping-taxable","19":"purchasable","20":"product-type-simple"},"yoast_head":"<!-- This site is optimized with the Yoast SEO plugin v27.5 - https:\/\/yoast.com\/product\/yoast-seo-wordpress\/ -->\n<title>Terapia Manual Polivagal CANS 2 Barcelona \u2013 Septiembre 2026<\/title>\n<meta name=\"description\" content=\"Curso CANS 2 en Barcelona. Sistema nervioso craneal, plexos y arterias. Formaci\u00f3n avanzada en Terapia Manual Polivagal. Reserva tu lugar hoy.\" \/>\n<meta name=\"robots\" content=\"index, follow, max-snippet:-1, max-image-preview:large, max-video-preview:-1\" \/>\n<link rel=\"canonical\" href=\"https:\/\/polyvagalbodyworkers.com\/_en\/product\/cans-2-barcelona\/\" \/>\n<meta property=\"og:locale\" content=\"en_US\" \/>\n<meta property=\"og:type\" content=\"article\" \/>\n<meta property=\"og:title\" content=\"Terapia Manual Polivagal CANS 2 Barcelona \u2013 Septiembre 2026\" \/>\n<meta property=\"og:description\" content=\"Curso CANS 2 en Barcelona. Sistema nervioso craneal, plexos y arterias. Formaci\u00f3n avanzada en Terapia Manual Polivagal. Reserva tu lugar hoy.\" \/>\n<meta property=\"og:url\" content=\"https:\/\/polyvagalbodyworkers.com\/_en\/product\/cans-2-barcelona\/\" \/>\n<meta property=\"og:site_name\" content=\"Polivagal Bodyworkers\" \/>\n<meta property=\"article:modified_time\" content=\"2026-05-12T16:50:03+00:00\" \/>\n<meta property=\"og:image\" content=\"https:\/\/polyvagalbodyworkers.com\/wp-content\/uploads\/2026\/03\/CANS2-SEPTIEMBRE-2026-BARCELONA.webp\" \/>\n\t<meta property=\"og:image:width\" content=\"940\" \/>\n\t<meta property=\"og:image:height\" content=\"788\" \/>\n\t<meta property=\"og:image:type\" content=\"image\/webp\" \/>\n<meta name=\"twitter:card\" content=\"summary_large_image\" \/>\n<meta name=\"twitter:label1\" content=\"Est. reading time\" \/>\n\t<meta name=\"twitter:data1\" content=\"3 minutes\" \/>\n<script type=\"application\/ld+json\" class=\"yoast-schema-graph\">{\"@context\":\"https:\\\/\\\/schema.org\",\"@graph\":[{\"@type\":\"WebPage\",\"@id\":\"https:\\\/\\\/polyvagalbodyworkers.com\\\/producto\\\/cans-2-barcelona\\\/\",\"url\":\"https:\\\/\\\/polyvagalbodyworkers.com\\\/producto\\\/cans-2-barcelona\\\/\",\"name\":\"Terapia Manual Polivagal CANS 2 Barcelona \u2013 Septiembre 2026\",\"isPartOf\":{\"@id\":\"https:\\\/\\\/polyvagalbodyworkers.com\\\/#website\"},\"primaryImageOfPage\":{\"@id\":\"https:\\\/\\\/polyvagalbodyworkers.com\\\/producto\\\/cans-2-barcelona\\\/#primaryimage\"},\"image\":{\"@id\":\"https:\\\/\\\/polyvagalbodyworkers.com\\\/producto\\\/cans-2-barcelona\\\/#primaryimage\"},\"thumbnailUrl\":\"https:\\\/\\\/polyvagalbodyworkers.com\\\/wp-content\\\/uploads\\\/2026\\\/03\\\/CANS2-SEPTIEMBRE-2026-BARCELONA.webp\",\"datePublished\":\"2026-03-30T20:40:43+00:00\",\"dateModified\":\"2026-05-12T16:50:03+00:00\",\"description\":\"Curso CANS 2 en Barcelona. Sistema nervioso craneal, plexos y arterias. Formaci\u00f3n avanzada en Terapia Manual Polivagal. Reserva tu lugar hoy.\",\"breadcrumb\":{\"@id\":\"https:\\\/\\\/polyvagalbodyworkers.com\\\/producto\\\/cans-2-barcelona\\\/#breadcrumb\"},\"inLanguage\":\"en-US\",\"potentialAction\":[{\"@type\":\"ReadAction\",\"target\":[\"https:\\\/\\\/polyvagalbodyworkers.com\\\/producto\\\/cans-2-barcelona\\\/\"]}]},{\"@type\":\"ImageObject\",\"inLanguage\":\"en-US\",\"@id\":\"https:\\\/\\\/polyvagalbodyworkers.com\\\/producto\\\/cans-2-barcelona\\\/#primaryimage\",\"url\":\"https:\\\/\\\/polyvagalbodyworkers.com\\\/wp-content\\\/uploads\\\/2026\\\/03\\\/CANS2-SEPTIEMBRE-2026-BARCELONA.webp\",\"contentUrl\":\"https:\\\/\\\/polyvagalbodyworkers.com\\\/wp-content\\\/uploads\\\/2026\\\/03\\\/CANS2-SEPTIEMBRE-2026-BARCELONA.webp\",\"width\":940,\"height\":788,\"caption\":\"CANS2 SEPTIEMBRE 2026 BARCELONA\"},{\"@type\":\"BreadcrumbList\",\"@id\":\"https:\\\/\\\/polyvagalbodyworkers.com\\\/producto\\\/cans-2-barcelona\\\/#breadcrumb\",\"itemListElement\":[{\"@type\":\"ListItem\",\"position\":1,\"name\":\"Portada\",\"item\":\"https:\\\/\\\/polyvagalbodyworkers.com\\\/_es\\\/\"},{\"@type\":\"ListItem\",\"position\":2,\"name\":\"Tienda\",\"item\":\"https:\\\/\\\/polyvagalbodyworkers.com\\\/_es\\\/tienda\\\/\"},{\"@type\":\"ListItem\",\"position\":3,\"name\":\"CANS 2 | Barcelona\"}]},{\"@type\":\"WebSite\",\"@id\":\"https:\\\/\\\/polyvagalbodyworkers.com\\\/#website\",\"url\":\"https:\\\/\\\/polyvagalbodyworkers.com\\\/\",\"name\":\"Polivagal Bodyworkers\",\"description\":\"Instituto de Formaci\u00f3n Polivagal para Bodyworkers\",\"publisher\":{\"@id\":\"https:\\\/\\\/polyvagalbodyworkers.com\\\/#organization\"},\"potentialAction\":[{\"@type\":\"SearchAction\",\"target\":{\"@type\":\"EntryPoint\",\"urlTemplate\":\"https:\\\/\\\/polyvagalbodyworkers.com\\\/?s={search_term_string}\"},\"query-input\":{\"@type\":\"PropertyValueSpecification\",\"valueRequired\":true,\"valueName\":\"search_term_string\"}}],\"inLanguage\":\"en-US\"},{\"@type\":\"Organization\",\"@id\":\"https:\\\/\\\/polyvagalbodyworkers.com\\\/#organization\",\"name\":\"POLYVAGAL BODYWORKERS\",\"url\":\"https:\\\/\\\/polyvagalbodyworkers.com\\\/\",\"logo\":{\"@type\":\"ImageObject\",\"inLanguage\":\"en-US\",\"@id\":\"https:\\\/\\\/polyvagalbodyworkers.com\\\/#\\\/schema\\\/logo\\\/image\\\/\",\"url\":\"https:\\\/\\\/polyvagalbodyworkers.com\\\/wp-content\\\/uploads\\\/2025\\\/01\\\/Polyvagal-Bodyworkers-LOGO.webp\",\"contentUrl\":\"https:\\\/\\\/polyvagalbodyworkers.com\\\/wp-content\\\/uploads\\\/2025\\\/01\\\/Polyvagal-Bodyworkers-LOGO.webp\",\"width\":1350,\"height\":1350,\"caption\":\"POLYVAGAL BODYWORKERS\"},\"image\":{\"@id\":\"https:\\\/\\\/polyvagalbodyworkers.com\\\/#\\\/schema\\\/logo\\\/image\\\/\"}}]}<\/script>\n<!-- \/ Yoast SEO plugin. -->","yoast_head_json":{"title":"Terapia Manual Polivagal CANS 2 Barcelona \u2013 Septiembre 2026","description":"Curso CANS 2 en Barcelona. Sistema nervioso craneal, plexos y arterias. Formaci\u00f3n avanzada en Terapia Manual Polivagal. Reserva tu lugar hoy.","robots":{"index":"index","follow":"follow","max-snippet":"max-snippet:-1","max-image-preview":"max-image-preview:large","max-video-preview":"max-video-preview:-1"},"canonical":"https:\/\/polyvagalbodyworkers.com\/_en\/product\/cans-2-barcelona\/","og_locale":"en_US","og_type":"article","og_title":"Terapia Manual Polivagal CANS 2 Barcelona \u2013 Septiembre 2026","og_description":"Curso CANS 2 en Barcelona. Sistema nervioso craneal, plexos y arterias. Formaci\u00f3n avanzada en Terapia Manual Polivagal. Reserva tu lugar hoy.","og_url":"https:\/\/polyvagalbodyworkers.com\/_en\/product\/cans-2-barcelona\/","og_site_name":"Polivagal Bodyworkers","article_modified_time":"2026-05-12T16:50:03+00:00","og_image":[{"width":940,"height":788,"url":"https:\/\/polyvagalbodyworkers.com\/wp-content\/uploads\/2026\/03\/CANS2-SEPTIEMBRE-2026-BARCELONA.webp","type":"image\/webp"}],"twitter_card":"summary_large_image","twitter_misc":{"Est. reading time":"3 minutes"},"schema":{"@context":"https:\/\/schema.org","@graph":[{"@type":"WebPage","@id":"https:\/\/polyvagalbodyworkers.com\/producto\/cans-2-barcelona\/","url":"https:\/\/polyvagalbodyworkers.com\/producto\/cans-2-barcelona\/","name":"Terapia Manual Polivagal CANS 2 Barcelona \u2013 Septiembre 2026","isPartOf":{"@id":"https:\/\/polyvagalbodyworkers.com\/#website"},"primaryImageOfPage":{"@id":"https:\/\/polyvagalbodyworkers.com\/producto\/cans-2-barcelona\/#primaryimage"},"image":{"@id":"https:\/\/polyvagalbodyworkers.com\/producto\/cans-2-barcelona\/#primaryimage"},"thumbnailUrl":"https:\/\/polyvagalbodyworkers.com\/wp-content\/uploads\/2026\/03\/CANS2-SEPTIEMBRE-2026-BARCELONA.webp","datePublished":"2026-03-30T20:40:43+00:00","dateModified":"2026-05-12T16:50:03+00:00","description":"Curso CANS 2 en Barcelona. Sistema nervioso craneal, plexos y arterias. Formaci\u00f3n avanzada en Terapia Manual Polivagal. Reserva tu lugar hoy.","breadcrumb":{"@id":"https:\/\/polyvagalbodyworkers.com\/producto\/cans-2-barcelona\/#breadcrumb"},"inLanguage":"en-US","potentialAction":[{"@type":"ReadAction","target":["https:\/\/polyvagalbodyworkers.com\/producto\/cans-2-barcelona\/"]}]},{"@type":"ImageObject","inLanguage":"en-US","@id":"https:\/\/polyvagalbodyworkers.com\/producto\/cans-2-barcelona\/#primaryimage","url":"https:\/\/polyvagalbodyworkers.com\/wp-content\/uploads\/2026\/03\/CANS2-SEPTIEMBRE-2026-BARCELONA.webp","contentUrl":"https:\/\/polyvagalbodyworkers.com\/wp-content\/uploads\/2026\/03\/CANS2-SEPTIEMBRE-2026-BARCELONA.webp","width":940,"height":788,"caption":"CANS2 SEPTIEMBRE 2026 BARCELONA"},{"@type":"BreadcrumbList","@id":"https:\/\/polyvagalbodyworkers.com\/producto\/cans-2-barcelona\/#breadcrumb","itemListElement":[{"@type":"ListItem","position":1,"name":"Portada","item":"https:\/\/polyvagalbodyworkers.com\/_es\/"},{"@type":"ListItem","position":2,"name":"Tienda","item":"https:\/\/polyvagalbodyworkers.com\/_es\/tienda\/"},{"@type":"ListItem","position":3,"name":"CANS 2 | Barcelona"}]},{"@type":"WebSite","@id":"https:\/\/polyvagalbodyworkers.com\/#website","url":"https:\/\/polyvagalbodyworkers.com\/","name":"Polivagal Bodyworkers","description":"Instituto de Formaci\u00f3n Polivagal para Bodyworkers","publisher":{"@id":"https:\/\/polyvagalbodyworkers.com\/#organization"},"potentialAction":[{"@type":"SearchAction","target":{"@type":"EntryPoint","urlTemplate":"https:\/\/polyvagalbodyworkers.com\/?s={search_term_string}"},"query-input":{"@type":"PropertyValueSpecification","valueRequired":true,"valueName":"search_term_string"}}],"inLanguage":"en-US"},{"@type":"Organization","@id":"https:\/\/polyvagalbodyworkers.com\/#organization","name":"POLYVAGAL BODYWORKERS","url":"https:\/\/polyvagalbodyworkers.com\/","logo":{"@type":"ImageObject","inLanguage":"en-US","@id":"https:\/\/polyvagalbodyworkers.com\/#\/schema\/logo\/image\/","url":"https:\/\/polyvagalbodyworkers.com\/wp-content\/uploads\/2025\/01\/Polyvagal-Bodyworkers-LOGO.webp","contentUrl":"https:\/\/polyvagalbodyworkers.com\/wp-content\/uploads\/2025\/01\/Polyvagal-Bodyworkers-LOGO.webp","width":1350,"height":1350,"caption":"POLYVAGAL BODYWORKERS"},"image":{"@id":"https:\/\/polyvagalbodyworkers.com\/#\/schema\/logo\/image\/"}}]}},"_links":{"self":[{"href":"https:\/\/polyvagalbodyworkers.com\/_en\/wp-json\/wp\/v2\/product\/4341","targetHints":{"allow":["GET"]}}],"collection":[{"href":"https:\/\/polyvagalbodyworkers.com\/_en\/wp-json\/wp\/v2\/product"}],"about":[{"href":"https:\/\/polyvagalbodyworkers.com\/_en\/wp-json\/wp\/v2\/types\/product"}],"wp:featuredmedia":[{"embeddable":true,"href":"https:\/\/polyvagalbodyworkers.com\/_en\/wp-json\/wp\/v2\/media\/4342"}],"wp:attachment":[{"href":"https:\/\/polyvagalbodyworkers.com\/_en\/wp-json\/wp\/v2\/media?parent=4341"}],"wp:term":[{"taxonomy":"product_brand","embeddable":true,"href":"https:\/\/polyvagalbodyworkers.com\/_en\/wp-json\/wp\/v2\/product_brand?post=4341"},{"taxonomy":"product_cat","embeddable":true,"href":"https:\/\/polyvagalbodyworkers.com\/_en\/wp-json\/wp\/v2\/product_cat?post=4341"},{"taxonomy":"product_tag","embeddable":true,"href":"https:\/\/polyvagalbodyworkers.com\/_en\/wp-json\/wp\/v2\/product_tag?post=4341"}],"curies":[{"name":"wp","href":"https:\/\/api.w.org\/{rel}","templated":true}]}}