{"id":4368,"date":"2026-03-31T15:07:01","date_gmt":"2026-03-31T15:07:01","guid":{"rendered":"https:\/\/polyvagalbodyworkers.com\/?post_type=product&#038;p=4368"},"modified":"2026-05-13T17:19:06","modified_gmt":"2026-05-13T17:19:06","slug":"pvmtu2-cdmx","status":"publish","type":"product","link":"https:\/\/polyvagalbodyworkers.com\/_en\/product\/pvmtu2-cdmx\/","title":{"rendered":"PVMTU2 | CDMX"},"content":{"rendered":"<h2 data-start=\"201\" data-end=\"266\">\ud83e\udde0 Curso Terapia Manual Polivagal Urogenital 2 en CDMX \u2013 PVMTU2 | Agosto 2026<\/h2>\n<p data-start=\"205\" data-end=\"569\">The training in <strong data-start=\"208\" data-end=\"257\">Terapia Manual Polivagal Urogenital (PVMTU 2)<\/strong> es un enfoque avanzado que profundiza la integraci\u00f3n entre la <strong data-start=\"320\" data-end=\"340\">Polyvagal Theory<\/strong> y t\u00e9cnicas manuales <strong data-start=\"361\" data-end=\"397\">precisas, seguras y no invasivas<\/strong>, orientadas a la evaluaci\u00f3n y regulaci\u00f3n del <strong data-start=\"443\" data-end=\"480\">sistema nervioso aut\u00f3nomo p\u00e9lvico<\/strong>, su conexi\u00f3n con el <strong data-start=\"501\" data-end=\"529\">sistema nervioso craneal<\/strong> y su influencia en la salud urogenital.<\/p>\n<p data-start=\"571\" data-end=\"873\">Este curso ha sido dise\u00f1ado para profesionales que buscan <strong data-start=\"629\" data-end=\"674\">profundizar y refinar su abordaje cl\u00ednico<\/strong>, incorporando herramientas m\u00e1s avanzadas para trabajar desde una perspectiva <strong data-start=\"752\" data-end=\"796\">corporal, neurofisiol\u00f3gica y terap\u00e9utica<\/strong>, respetando la fisiolog\u00eda, las emociones y los ritmos internos del paciente.<\/p>\n<h3 data-start=\"928\" data-end=\"987\"><strong data-start=\"932\" data-end=\"987\">\u00bfQu\u00e9 aprender\u00e1s durante estos tres d\u00edas intensivos?<\/strong><\/h3>\n<ul data-start=\"989\" data-end=\"1852\">\n<li data-start=\"989\" data-end=\"1191\">\n<p data-start=\"937\" data-end=\"1169\">A evaluar el sistema urogenital desde una mirada <strong data-start=\"986\" data-end=\"1016\">neurofuncional m\u00e1s precisa<\/strong>, entendiendo la relaci\u00f3n entre las <strong data-start=\"1052\" data-end=\"1073\">v\u00edsceras p\u00e9lvicas<\/strong>, <strong data-start=\"1078\" data-end=\"1103\">tensi\u00f3n neuromen\u00edngea<\/strong>, <strong data-start=\"1108\" data-end=\"1137\">autonomic nervous system<\/strong> y los <strong data-start=\"1144\" data-end=\"1168\">estados de seguridad<\/strong>.<\/p>\n<\/li>\n<li data-start=\"989\" data-end=\"1191\">\n<p data-start=\"937\" data-end=\"1169\">Protocolos manuales <strong data-start=\"1191\" data-end=\"1216\">avanzados y refinados<\/strong> para trabajar <strong data-start=\"1231\" data-end=\"1288\">vejiga, \u00fatero\/pr\u00f3stata, diafragma p\u00e9lvico, ligamentos<\/strong> y estructuras relacionadas con la funci\u00f3n urogenital.<\/p>\n<\/li>\n<li data-start=\"989\" data-end=\"1191\">\n<p data-start=\"937\" data-end=\"1169\">T\u00e9cnicas de <strong data-start=\"1356\" data-end=\"1381\">regulaci\u00f3n auton\u00f3mica<\/strong> aplicadas a disfunciones como: <strong data-start=\"1413\" data-end=\"1544\">dolor p\u00e9lvico cr\u00f3nico, incontinencia, urgencia urinaria, tensiones postquir\u00fargicas, alteraciones del ciclo y secuelas de trauma<\/strong>, abordando <strong data-start=\"1556\" data-end=\"1597\">patrones m\u00e1s persistentes y complejos<\/strong>.<\/p>\n<\/li>\n<li data-start=\"989\" data-end=\"1191\">\n<p data-start=\"937\" data-end=\"1169\">Abordajes som\u00e1ticos que integran <strong data-start=\"1633\" data-end=\"1701\">percepci\u00f3n interoceptiva, seguridad y acompa\u00f1amiento terap\u00e9utico<\/strong>, profundizando en la capacidad de regulaci\u00f3n del paciente.<\/p>\n<\/li>\n<li data-start=\"989\" data-end=\"1191\">\n<p data-start=\"937\" data-end=\"1169\">Herramientas cl\u00ednicas para <strong data-start=\"1789\" data-end=\"1859\">identificar bloqueos m\u00e1s complejos, intervenir con mayor precisi\u00f3n<\/strong> y guiar procesos terap\u00e9uticos desde un enfoque <strong data-start=\"1907\" data-end=\"1960\">respetuoso y basado en evidencia neurofisiol\u00f3gica<\/strong>.<\/p>\n<\/li>\n<\/ul>\n<h3 data-start=\"1854\" data-end=\"1912\"><strong data-start=\"1858\" data-end=\"1912\">Resultados que obtendr\u00e1s al finalizar la formaci\u00f3n<\/strong><\/h3>\n<ul data-start=\"1914\" data-end=\"2322\">\n<li data-start=\"1914\" data-end=\"2015\">\n<p data-start=\"2024\" data-end=\"2145\">Una comprensi\u00f3n <strong data-start=\"2040\" data-end=\"2068\">m\u00e1s profunda e integrada<\/strong> del <strong data-start=\"2073\" data-end=\"2101\">sistema nervioso p\u00e9lvico<\/strong> y su papel en la salud global del paciente.<\/p>\n<\/li>\n<li data-start=\"1914\" data-end=\"2015\">\n<p data-start=\"2024\" data-end=\"2145\">La capacidad de aplicar <strong data-start=\"2171\" data-end=\"2214\">t\u00e9cnicas manuales polivagales avanzadas<\/strong>, con mayor <strong data-start=\"2226\" data-end=\"2273\">precisi\u00f3n cl\u00ednica y efectividad terap\u00e9utica<\/strong>.<\/p>\n<\/li>\n<li data-start=\"1914\" data-end=\"2015\">\n<p data-start=\"2024\" data-end=\"2145\">Nuevas perspectivas sobre la relaci\u00f3n entre <strong data-start=\"2320\" data-end=\"2365\">cuerpo, emociones y regulaci\u00f3n auton\u00f3mica<\/strong>, desde un enfoque m\u00e1s integrativo.<\/p>\n<\/li>\n<li data-start=\"1914\" data-end=\"2015\">\n<p data-start=\"2024\" data-end=\"2145\">Mayor confianza para acompa\u00f1ar <strong data-start=\"2433\" data-end=\"2467\">casos complejos y persistentes<\/strong> en el \u00e1mbito urogenital y del suelo p\u00e9lvico.<\/p>\n<p data-start=\"2514\" data-end=\"2682\">Esta formaci\u00f3n ofrece un puente entre el <strong data-start=\"2555\" data-end=\"2591\">conocimiento cient\u00edfico avanzado<\/strong> and <strong data-start=\"2597\" data-end=\"2629\">trabajo manual especializado<\/strong>, expandiendo tu pr\u00e1ctica y tu capacidad terap\u00e9utica.<\/p>\n<\/li>\n<\/ul>\n<hr data-start=\"1303\" data-end=\"1306\" \/>\n<h4 data-start=\"1308\" data-end=\"1336\">\ud83d\udcc5 Course Information<\/h4>\n<ul data-start=\"213\" data-end=\"787\">\n<li data-start=\"213\" data-end=\"279\">\n<p data-start=\"215\" data-end=\"279\"><strong data-start=\"215\" data-end=\"226\">Dates: <\/strong>31 Julio, 1 y 2 de Agosto de 2026<\/p>\n<\/li>\n<li data-start=\"281\" data-end=\"428\">\n<p data-start=\"283\" data-end=\"428\"><strong data-start=\"283\" data-end=\"295\">Daily Schedule: <\/strong>From 9:00 a.m. to 1:00 p.m. and from 2:30 p.m. to 5:30 p.m.<br data-start=\"358\" data-end=\"361\" \/>\u00a0\u00a0\u00a0\u00a0<em data-start=\"385\" data-end=\"428\">(Check-in on the first day at 8:30 a.m.)<\/em><\/p>\n<\/li>\n<li data-start=\"430\" data-end=\"487\">\n<p data-start=\"432\" data-end=\"487\"><strong data-start=\"432\" data-end=\"446\">Location <\/strong>Guanajuato 224, 5ta planta, Roma Norte, CDMX.<\/p>\n<\/li>\n<li data-start=\"489\" data-end=\"542\">\n<p data-start=\"491\" data-end=\"542\"><strong data-start=\"491\" data-end=\"505\">Mode <\/strong>In person<\/p>\n<\/li>\n<li data-start=\"544\" data-end=\"615\">\n<p data-start=\"546\" data-end=\"615\"><strong data-start=\"546\" data-end=\"559\">Duration: <\/strong>3 days of intensive training<\/p>\n<\/li>\n<li data-start=\"617\" data-end=\"787\">\n<p data-start=\"619\" data-end=\"787\"><strong data-start=\"619\" data-end=\"631\">Includes: <\/strong>Diploma oficial y gu\u00eda de estudio.<\/p>\n<\/li>\n<\/ul>\n<p>&nbsp;<\/p>\n<hr data-start=\"1677\" data-end=\"1680\" \/>\n<h4 data-start=\"1682\" data-end=\"1700\">\ud83d\udc68\u200d\ud83c\udfeb Professor<\/h4>\n<p data-start=\"1702\" data-end=\"1796\"><strong data-start=\"1702\" data-end=\"1719\">Mat\u00edas Chahab<\/strong>, PT, DO, BI-D, PVMT<br data-start=\"1739\" data-end=\"1742\" \/>Creator and developer of Polyvagal Manual Therapy<\/p>\n<p>&nbsp;<\/p>\n<hr data-start=\"1798\" data-end=\"1801\" \/>\n<h4 data-start=\"1803\" data-end=\"1836\">\ud83d\udcb0 Investment and payment methods<\/h4>\n<p data-start=\"1838\" data-end=\"1927\"><strong data-start=\"1838\" data-end=\"1854\">Total value:<\/strong> $12,760 MXN<br data-start=\"1866\" data-end=\"1869\" \/><strong data-start=\"1869\" data-end=\"1881\">Booking:<\/strong> $2,760 MXN (por transferencia o Mercado Pago)<\/p>\n<p data-start=\"1929\" data-end=\"1982\"><strong data-start=\"1929\" data-end=\"1982\">Data to make the reservation by transfer:<\/strong><\/p>\n<ul data-start=\"1984\" data-end=\"2107\">\n<li data-start=\"1984\" data-end=\"2021\">\n<p data-start=\"1986\" data-end=\"2021\"><strong data-start=\"1986\" data-end=\"1997\">Name:<\/strong> Polyvagal Bodyworkers<\/p>\n<\/li>\n<li data-start=\"2022\" data-end=\"2041\">\n<p data-start=\"2024\" data-end=\"2041\"><strong data-start=\"2024\" data-end=\"2034\">Bank:<\/strong> BBVA<\/p>\n<\/li>\n<li data-start=\"2042\" data-end=\"2070\">\n<p data-start=\"2044\" data-end=\"2070\"><strong data-start=\"2044\" data-end=\"2055\">Account number:<\/strong> 011 758 8569<\/p>\n<\/li>\n<li data-start=\"2071\" data-end=\"2107\">\n<p data-start=\"2073\" data-end=\"2107\"><strong data-start=\"2073\" data-end=\"2083\">Key:<\/strong> 012 691 00117588569 5<\/p>\n<\/li>\n<\/ul>\n<p data-start=\"2109\" data-end=\"2167\"><strong data-start=\"2109\" data-end=\"2119\">Rest:<\/strong> $10,000 MXN in cash on the first day of the course<\/p>\n<p>&nbsp;<\/p>\n<hr data-start=\"2169\" data-end=\"2172\" \/>\n<h4 data-start=\"2174\" data-end=\"2191\">\u26a0\ufe0f Important:<\/h4>\n<ul data-start=\"2193\" data-end=\"2408\">\n<li data-start=\"2193\" data-end=\"2212\">\n<p data-start=\"2195\" data-end=\"2212\">Limited quotas<\/p>\n<\/li>\n<li data-start=\"2213\" data-end=\"2298\">\n<p data-start=\"2215\" data-end=\"2298\">Do not book accommodation or flights until you receive official course confirmation.<\/p>\n<\/li>\n<li data-start=\"2299\" data-end=\"2408\">\n<p data-start=\"2301\" data-end=\"2408\">Send your reservation receipt to: <a class=\"cursor-pointer\" rel=\"noopener\" data-start=\"2339\" data-end=\"2408\">pvmt@polyvagalbodyworkers.com<\/a><\/p>\n<\/li>\n<\/ul>\n<p>&nbsp;<\/p>\n<hr data-start=\"2410\" data-end=\"2413\" \/>\n<h4 data-start=\"2415\" data-end=\"2436\">\ud83d\udd17 Useful links<\/h4>\n<ul data-start=\"2438\" data-end=\"2680\">\n<li data-start=\"2438\" data-end=\"2539\">\n<p data-start=\"2440\" data-end=\"2539\"><a class=\"cursor-pointer\" target=\"_new\" rel=\"noopener\" data-start=\"2440\" data-end=\"2537\">\u00bfQu\u00e9 es la Terapia Manual Polivagal Urogenital?<\/a><\/p>\n<\/li>\n<li data-start=\"2540\" data-end=\"2610\">\n<p data-start=\"2542\" data-end=\"2610\"><a class=\"\" href=\"https:\/\/www.stephenporges.com\/\" target=\"_new\" rel=\"noopener\" data-start=\"2542\" data-end=\"2608\">Stephen Porges \u2013 Polyvagal Theory<\/a><\/p>\n<\/li>\n<li data-start=\"2611\" data-end=\"2680\">\n<p data-start=\"2613\" data-end=\"2680\"><a class=\"\" href=\"#\" rel=\"noopener\" data-start=\"2613\" data-end=\"2680\">Returns and Refunds Policy \/ Terms and Conditions<\/a><\/p>\n<\/li>\n<\/ul>\n<p>&nbsp;<\/p>\n<hr data-start=\"2682\" data-end=\"2685\" \/>\n<h4 data-start=\"2687\" data-end=\"2715\">Secure your spot:<\/h4>\n<p data-start=\"2717\" data-end=\"2977\">Don't miss this opportunity to train in <strong data-start=\"2764\" data-end=\"2799\">Terapia Manual Polivagal Urogenital 2<\/strong> with the team <strong data-start=\"2817\" data-end=\"2842\">Polyvagal Bodyworkers<\/strong>. Transform your practice, expand your therapeutic tools, and more deeply support your patients' health journeys.<\/p>","protected":false},"excerpt":{"rendered":"<p data-start=\"45\" data-end=\"343\"><strong>Sum\u00e9rgete en la Terapia Manual Polivagal Urogenital 2 con este curso presencial en CDMX. <\/strong>Ideal para terapeutas manuales que desean transformar su pr\u00e1ctica. \u00a1Reserva tu lugar ahora!<\/p>","protected":false},"featured_media":4371,"template":"","meta":[],"product_brand":[],"product_cat":[58,42,95,43],"product_tag":[50,93,100],"class_list":{"0":"post-4368","1":"product","2":"type-product","3":"status-publish","4":"has-post-thumbnail","6":"product_cat-cursos-mexico","7":"product_cat-formaciones","8":"product_cat-pvmtu2","9":"product_cat-terapia-manual-polivagal","10":"product_tag-mexico","11":"product_tag-pvmtu","12":"product_tag-pvmtu-2","14":"first","15":"instock","16":"featured","17":"taxable","18":"shipping-taxable","19":"purchasable","20":"product-type-variable"},"yoast_head":"<!-- This site is optimized with the Yoast SEO plugin v27.5 - https:\/\/yoast.com\/product\/yoast-seo-wordpress\/ -->\n<title>Terapia Manual Polivagal Urogenital 2 \u2013 PVMTU2 Agosto 2026<\/title>\n<meta name=\"description\" content=\"Curso de Terapia Manual Polivagal Urogenital 2 en CDMX. Aprende a regular el sistema nervioso aut\u00f3nomo desde el cuerpo. \u00a1Reserva tu lugar hoy!\" \/>\n<meta name=\"robots\" content=\"index, follow, max-snippet:-1, max-image-preview:large, max-video-preview:-1\" \/>\n<link rel=\"canonical\" href=\"https:\/\/polyvagalbodyworkers.com\/_en\/product\/pvmtu2-cdmx\/\" \/>\n<meta property=\"og:locale\" content=\"en_US\" \/>\n<meta property=\"og:type\" content=\"article\" \/>\n<meta property=\"og:title\" content=\"Terapia Manual Polivagal Urogenital 2 \u2013 PVMTU2 Agosto 2026\" \/>\n<meta property=\"og:description\" content=\"Curso de Terapia Manual Polivagal Urogenital 2 en CDMX. Aprende a regular el sistema nervioso aut\u00f3nomo desde el cuerpo. \u00a1Reserva tu lugar hoy!\" \/>\n<meta property=\"og:url\" content=\"https:\/\/polyvagalbodyworkers.com\/_en\/product\/pvmtu2-cdmx\/\" \/>\n<meta property=\"og:site_name\" content=\"Polivagal Bodyworkers\" \/>\n<meta property=\"article:modified_time\" content=\"2026-05-13T17:19:06+00:00\" \/>\n<meta property=\"og:image\" content=\"https:\/\/polyvagalbodyworkers.com\/wp-content\/uploads\/2026\/03\/WhatsApp-Image-2026-03-30-at-18.15.41.webp\" \/>\n\t<meta property=\"og:image:width\" content=\"940\" \/>\n\t<meta property=\"og:image:height\" content=\"788\" \/>\n\t<meta property=\"og:image:type\" content=\"image\/webp\" \/>\n<meta name=\"twitter:card\" content=\"summary_large_image\" \/>\n<meta name=\"twitter:label1\" content=\"Est. reading time\" \/>\n\t<meta name=\"twitter:data1\" content=\"3 minutes\" \/>\n<script type=\"application\/ld+json\" class=\"yoast-schema-graph\">{\"@context\":\"https:\\\/\\\/schema.org\",\"@graph\":[{\"@type\":\"WebPage\",\"@id\":\"https:\\\/\\\/polyvagalbodyworkers.com\\\/producto\\\/pvmtu2-cdmx\\\/\",\"url\":\"https:\\\/\\\/polyvagalbodyworkers.com\\\/producto\\\/pvmtu2-cdmx\\\/\",\"name\":\"Terapia Manual Polivagal Urogenital 2 \u2013 PVMTU2 Agosto 2026\",\"isPartOf\":{\"@id\":\"https:\\\/\\\/polyvagalbodyworkers.com\\\/#website\"},\"primaryImageOfPage\":{\"@id\":\"https:\\\/\\\/polyvagalbodyworkers.com\\\/producto\\\/pvmtu2-cdmx\\\/#primaryimage\"},\"image\":{\"@id\":\"https:\\\/\\\/polyvagalbodyworkers.com\\\/producto\\\/pvmtu2-cdmx\\\/#primaryimage\"},\"thumbnailUrl\":\"https:\\\/\\\/polyvagalbodyworkers.com\\\/wp-content\\\/uploads\\\/2026\\\/03\\\/WhatsApp-Image-2026-03-30-at-18.15.41.webp\",\"datePublished\":\"2026-03-31T15:07:01+00:00\",\"dateModified\":\"2026-05-13T17:19:06+00:00\",\"description\":\"Curso de Terapia Manual Polivagal Urogenital 2 en CDMX. Aprende a regular el sistema nervioso aut\u00f3nomo desde el cuerpo. \u00a1Reserva tu lugar hoy!\",\"breadcrumb\":{\"@id\":\"https:\\\/\\\/polyvagalbodyworkers.com\\\/producto\\\/pvmtu2-cdmx\\\/#breadcrumb\"},\"inLanguage\":\"en-US\",\"potentialAction\":[{\"@type\":\"ReadAction\",\"target\":[\"https:\\\/\\\/polyvagalbodyworkers.com\\\/producto\\\/pvmtu2-cdmx\\\/\"]}]},{\"@type\":\"ImageObject\",\"inLanguage\":\"en-US\",\"@id\":\"https:\\\/\\\/polyvagalbodyworkers.com\\\/producto\\\/pvmtu2-cdmx\\\/#primaryimage\",\"url\":\"https:\\\/\\\/polyvagalbodyworkers.com\\\/wp-content\\\/uploads\\\/2026\\\/03\\\/WhatsApp-Image-2026-03-30-at-18.15.41.webp\",\"contentUrl\":\"https:\\\/\\\/polyvagalbodyworkers.com\\\/wp-content\\\/uploads\\\/2026\\\/03\\\/WhatsApp-Image-2026-03-30-at-18.15.41.webp\",\"width\":940,\"height\":788,\"caption\":\"Curso presencial PVMTU 2 en CDMX, formaci\u00f3n en Terapia Manual Polivagal Urogenital\"},{\"@type\":\"BreadcrumbList\",\"@id\":\"https:\\\/\\\/polyvagalbodyworkers.com\\\/producto\\\/pvmtu2-cdmx\\\/#breadcrumb\",\"itemListElement\":[{\"@type\":\"ListItem\",\"position\":1,\"name\":\"Portada\",\"item\":\"https:\\\/\\\/polyvagalbodyworkers.com\\\/_es\\\/\"},{\"@type\":\"ListItem\",\"position\":2,\"name\":\"Tienda\",\"item\":\"https:\\\/\\\/polyvagalbodyworkers.com\\\/_es\\\/tienda\\\/\"},{\"@type\":\"ListItem\",\"position\":3,\"name\":\"PVMTU2 | CDMX\"}]},{\"@type\":\"WebSite\",\"@id\":\"https:\\\/\\\/polyvagalbodyworkers.com\\\/#website\",\"url\":\"https:\\\/\\\/polyvagalbodyworkers.com\\\/\",\"name\":\"Polivagal Bodyworkers\",\"description\":\"Instituto de Formaci\u00f3n Polivagal para Bodyworkers\",\"publisher\":{\"@id\":\"https:\\\/\\\/polyvagalbodyworkers.com\\\/#organization\"},\"potentialAction\":[{\"@type\":\"SearchAction\",\"target\":{\"@type\":\"EntryPoint\",\"urlTemplate\":\"https:\\\/\\\/polyvagalbodyworkers.com\\\/?s={search_term_string}\"},\"query-input\":{\"@type\":\"PropertyValueSpecification\",\"valueRequired\":true,\"valueName\":\"search_term_string\"}}],\"inLanguage\":\"en-US\"},{\"@type\":\"Organization\",\"@id\":\"https:\\\/\\\/polyvagalbodyworkers.com\\\/#organization\",\"name\":\"POLYVAGAL BODYWORKERS\",\"url\":\"https:\\\/\\\/polyvagalbodyworkers.com\\\/\",\"logo\":{\"@type\":\"ImageObject\",\"inLanguage\":\"en-US\",\"@id\":\"https:\\\/\\\/polyvagalbodyworkers.com\\\/#\\\/schema\\\/logo\\\/image\\\/\",\"url\":\"https:\\\/\\\/polyvagalbodyworkers.com\\\/wp-content\\\/uploads\\\/2025\\\/01\\\/Polyvagal-Bodyworkers-LOGO.webp\",\"contentUrl\":\"https:\\\/\\\/polyvagalbodyworkers.com\\\/wp-content\\\/uploads\\\/2025\\\/01\\\/Polyvagal-Bodyworkers-LOGO.webp\",\"width\":1350,\"height\":1350,\"caption\":\"POLYVAGAL BODYWORKERS\"},\"image\":{\"@id\":\"https:\\\/\\\/polyvagalbodyworkers.com\\\/#\\\/schema\\\/logo\\\/image\\\/\"}}]}<\/script>\n<!-- \/ Yoast SEO plugin. -->","yoast_head_json":{"title":"Terapia Manual Polivagal Urogenital 2 \u2013 PVMTU2 Agosto 2026","description":"Curso de Terapia Manual Polivagal Urogenital 2 en CDMX. Aprende a regular el sistema nervioso aut\u00f3nomo desde el cuerpo. \u00a1Reserva tu lugar hoy!","robots":{"index":"index","follow":"follow","max-snippet":"max-snippet:-1","max-image-preview":"max-image-preview:large","max-video-preview":"max-video-preview:-1"},"canonical":"https:\/\/polyvagalbodyworkers.com\/_en\/product\/pvmtu2-cdmx\/","og_locale":"en_US","og_type":"article","og_title":"Terapia Manual Polivagal Urogenital 2 \u2013 PVMTU2 Agosto 2026","og_description":"Curso de Terapia Manual Polivagal Urogenital 2 en CDMX. Aprende a regular el sistema nervioso aut\u00f3nomo desde el cuerpo. \u00a1Reserva tu lugar hoy!","og_url":"https:\/\/polyvagalbodyworkers.com\/_en\/product\/pvmtu2-cdmx\/","og_site_name":"Polivagal Bodyworkers","article_modified_time":"2026-05-13T17:19:06+00:00","og_image":[{"width":940,"height":788,"url":"https:\/\/polyvagalbodyworkers.com\/wp-content\/uploads\/2026\/03\/WhatsApp-Image-2026-03-30-at-18.15.41.webp","type":"image\/webp"}],"twitter_card":"summary_large_image","twitter_misc":{"Est. reading time":"3 minutes"},"schema":{"@context":"https:\/\/schema.org","@graph":[{"@type":"WebPage","@id":"https:\/\/polyvagalbodyworkers.com\/producto\/pvmtu2-cdmx\/","url":"https:\/\/polyvagalbodyworkers.com\/producto\/pvmtu2-cdmx\/","name":"Terapia Manual Polivagal Urogenital 2 \u2013 PVMTU2 Agosto 2026","isPartOf":{"@id":"https:\/\/polyvagalbodyworkers.com\/#website"},"primaryImageOfPage":{"@id":"https:\/\/polyvagalbodyworkers.com\/producto\/pvmtu2-cdmx\/#primaryimage"},"image":{"@id":"https:\/\/polyvagalbodyworkers.com\/producto\/pvmtu2-cdmx\/#primaryimage"},"thumbnailUrl":"https:\/\/polyvagalbodyworkers.com\/wp-content\/uploads\/2026\/03\/WhatsApp-Image-2026-03-30-at-18.15.41.webp","datePublished":"2026-03-31T15:07:01+00:00","dateModified":"2026-05-13T17:19:06+00:00","description":"Curso de Terapia Manual Polivagal Urogenital 2 en CDMX. Aprende a regular el sistema nervioso aut\u00f3nomo desde el cuerpo. \u00a1Reserva tu lugar hoy!","breadcrumb":{"@id":"https:\/\/polyvagalbodyworkers.com\/producto\/pvmtu2-cdmx\/#breadcrumb"},"inLanguage":"en-US","potentialAction":[{"@type":"ReadAction","target":["https:\/\/polyvagalbodyworkers.com\/producto\/pvmtu2-cdmx\/"]}]},{"@type":"ImageObject","inLanguage":"en-US","@id":"https:\/\/polyvagalbodyworkers.com\/producto\/pvmtu2-cdmx\/#primaryimage","url":"https:\/\/polyvagalbodyworkers.com\/wp-content\/uploads\/2026\/03\/WhatsApp-Image-2026-03-30-at-18.15.41.webp","contentUrl":"https:\/\/polyvagalbodyworkers.com\/wp-content\/uploads\/2026\/03\/WhatsApp-Image-2026-03-30-at-18.15.41.webp","width":940,"height":788,"caption":"Curso presencial PVMTU 2 en CDMX, formaci\u00f3n en Terapia Manual Polivagal Urogenital"},{"@type":"BreadcrumbList","@id":"https:\/\/polyvagalbodyworkers.com\/producto\/pvmtu2-cdmx\/#breadcrumb","itemListElement":[{"@type":"ListItem","position":1,"name":"Portada","item":"https:\/\/polyvagalbodyworkers.com\/_es\/"},{"@type":"ListItem","position":2,"name":"Tienda","item":"https:\/\/polyvagalbodyworkers.com\/_es\/tienda\/"},{"@type":"ListItem","position":3,"name":"PVMTU2 | CDMX"}]},{"@type":"WebSite","@id":"https:\/\/polyvagalbodyworkers.com\/#website","url":"https:\/\/polyvagalbodyworkers.com\/","name":"Polivagal Bodyworkers","description":"Instituto de Formaci\u00f3n Polivagal para Bodyworkers","publisher":{"@id":"https:\/\/polyvagalbodyworkers.com\/#organization"},"potentialAction":[{"@type":"SearchAction","target":{"@type":"EntryPoint","urlTemplate":"https:\/\/polyvagalbodyworkers.com\/?s={search_term_string}"},"query-input":{"@type":"PropertyValueSpecification","valueRequired":true,"valueName":"search_term_string"}}],"inLanguage":"en-US"},{"@type":"Organization","@id":"https:\/\/polyvagalbodyworkers.com\/#organization","name":"POLYVAGAL BODYWORKERS","url":"https:\/\/polyvagalbodyworkers.com\/","logo":{"@type":"ImageObject","inLanguage":"en-US","@id":"https:\/\/polyvagalbodyworkers.com\/#\/schema\/logo\/image\/","url":"https:\/\/polyvagalbodyworkers.com\/wp-content\/uploads\/2025\/01\/Polyvagal-Bodyworkers-LOGO.webp","contentUrl":"https:\/\/polyvagalbodyworkers.com\/wp-content\/uploads\/2025\/01\/Polyvagal-Bodyworkers-LOGO.webp","width":1350,"height":1350,"caption":"POLYVAGAL BODYWORKERS"},"image":{"@id":"https:\/\/polyvagalbodyworkers.com\/#\/schema\/logo\/image\/"}}]}},"_links":{"self":[{"href":"https:\/\/polyvagalbodyworkers.com\/_en\/wp-json\/wp\/v2\/product\/4368","targetHints":{"allow":["GET"]}}],"collection":[{"href":"https:\/\/polyvagalbodyworkers.com\/_en\/wp-json\/wp\/v2\/product"}],"about":[{"href":"https:\/\/polyvagalbodyworkers.com\/_en\/wp-json\/wp\/v2\/types\/product"}],"wp:featuredmedia":[{"embeddable":true,"href":"https:\/\/polyvagalbodyworkers.com\/_en\/wp-json\/wp\/v2\/media\/4371"}],"wp:attachment":[{"href":"https:\/\/polyvagalbodyworkers.com\/_en\/wp-json\/wp\/v2\/media?parent=4368"}],"wp:term":[{"taxonomy":"product_brand","embeddable":true,"href":"https:\/\/polyvagalbodyworkers.com\/_en\/wp-json\/wp\/v2\/product_brand?post=4368"},{"taxonomy":"product_cat","embeddable":true,"href":"https:\/\/polyvagalbodyworkers.com\/_en\/wp-json\/wp\/v2\/product_cat?post=4368"},{"taxonomy":"product_tag","embeddable":true,"href":"https:\/\/polyvagalbodyworkers.com\/_en\/wp-json\/wp\/v2\/product_tag?post=4368"}],"curies":[{"name":"wp","href":"https:\/\/api.w.org\/{rel}","templated":true}]}}