{"id":1686,"date":"2025-02-23T14:12:47","date_gmt":"2025-02-23T14:12:47","guid":{"rendered":"https:\/\/polyvagalbodyworkers.com\/?page_id=1686"},"modified":"2025-02-23T14:12:47","modified_gmt":"2025-02-23T14:12:47","slug":"reembolso_devoluciones","status":"publish","type":"page","link":"https:\/\/polyvagalbodyworkers.com\/_es\/reembolso_devoluciones\/","title":{"rendered":"Pol\u00edtica de devoluciones y reembolsos"},"content":{"rendered":"\r\n<h1 data-start=\"549\" data-end=\"594\"><strong data-start=\"551\" data-end=\"592\">POL\u00cdTICA DE DEVOLUCIONES Y REEMBOLSOS<\/strong><\/h1>\r\n<p data-start=\"596\" data-end=\"634\">\ud83d\udcc5 <strong data-start=\"599\" data-end=\"624\">\u00daltima actualizaci\u00f3n:<\/strong> Febrero 2025<\/p>\r\n<p data-start=\"636\" data-end=\"973\">En <strong data-start=\"639\" data-end=\"664\">Polyvagal Bodyworkers<\/strong>, nos comprometemos a ofrecer formaciones de alta calidad en Terapia Manual Polivagal, Educaci\u00f3n Polivagal y Movimiento Polivagal. Debido a la naturaleza de nuestros servicios (cursos presenciales y online), tenemos una pol\u00edtica de <strong data-start=\"852\" data-end=\"893\">reembolsos y cancelaciones espec\u00edfica<\/strong>, dise\u00f1ada para garantizar transparencia y equidad para todos los estudiantes.<\/p>\r\n<p data-start=\"975\" data-end=\"1081\">Al inscribirte en cualquiera de nuestros cursos, <strong data-start=\"1024\" data-end=\"1078\">aceptas esta Pol\u00edtica de Devoluciones y Reembolsos<\/strong>.<\/p>\r\n<hr data-start=\"1083\" data-end=\"1086\" \/>\r\n<h2 data-start=\"1088\" data-end=\"1113\"><strong data-start=\"1091\" data-end=\"1111\">1. GENERALIDADES<\/strong><\/h2>\r\n<p data-start=\"1115\" data-end=\"1268\">Esta pol\u00edtica aplica a <strong data-start=\"1138\" data-end=\"1253\">todas las formaciones vendidas a trav\u00e9s de <a href=\"https:\/\/polyvagalbodyworkers.com\/\" target=\"_new\" rel=\"noopener\" data-start=\"1183\" data-end=\"1251\">https:\/\/polyvagalbodyworkers.com<\/a><\/strong>, incluyendo:<\/p>\r\n<p data-start=\"1270\" data-end=\"1390\">\u2705 <strong data-start=\"1272\" data-end=\"1295\">Cursos presenciales<\/strong> (talleres, certificaciones, seminarios&#8230;)<br data-start=\"1336\" data-end=\"1339\" \/>\u2705 <strong data-start=\"1341\" data-end=\"1363\">Formaciones online<\/strong> (en vivo o pregrabadas).<\/p>\r\n<p data-start=\"1392\" data-end=\"1412\">\ud83d\udccc <strong data-start=\"1395\" data-end=\"1410\">Importante:<\/strong><\/p>\r\n<ul data-start=\"1413\" data-end=\"1738\">\r\n<li data-start=\"1413\" data-end=\"1502\"><strong data-start=\"1415\" data-end=\"1465\">No ofrecemos reembolsos completos ni parciales<\/strong> una vez que un curso ha comenzado.<\/li>\r\n<li data-start=\"1503\" data-end=\"1609\">Las solicitudes de reembolso deben realizarse <strong data-start=\"1551\" data-end=\"1583\">dentro del plazo establecido<\/strong> seg\u00fan el tipo de curso.<\/li>\r\n<li data-start=\"1610\" data-end=\"1738\">No se reembolsan costos adicionales asociados a la transacci\u00f3n (tarifas de pasarelas de pago, costos administrativos, etc.).<\/li>\r\n<\/ul>\r\n<hr data-start=\"1740\" data-end=\"1743\" \/>\r\n<h2 data-start=\"1745\" data-end=\"1806\"><strong data-start=\"1748\" data-end=\"1804\">2. POL\u00cdTICA DE REEMBOLSOS SEG\u00daN EL TIPO DE FORMACI\u00d3N<\/strong><\/h2>\r\n<h3 data-start=\"1808\" data-end=\"1845\"><strong data-start=\"1812\" data-end=\"1843\">\ud83d\udd39 2.1. Cursos Presenciales<\/strong><\/h3>\r\n<p data-start=\"1846\" data-end=\"2096\">\ud83d\udccc <strong data-start=\"1849\" data-end=\"1894\">Cancelaciones antes del inicio del curso:<\/strong><br data-start=\"1894\" data-end=\"1897\" \/>\u2714 Hasta <strong data-start=\"1905\" data-end=\"1922\">30 d\u00edas antes<\/strong> \u2192 Reembolso del <strong data-start=\"1939\" data-end=\"1946\">80%<\/strong>.<br data-start=\"1947\" data-end=\"1950\" \/>\u2714 Entre <strong data-start=\"1958\" data-end=\"1980\">30 y 15 d\u00edas antes<\/strong> \u2192 Reembolso del <strong data-start=\"1997\" data-end=\"2004\">50%<\/strong>.<br data-start=\"2005\" data-end=\"2008\" \/>\u2714 Menos de <strong data-start=\"2019\" data-end=\"2036\">15 d\u00edas antes<\/strong> \u2192 <strong data-start=\"2039\" data-end=\"2067\">No se otorgar\u00e1 reembolso<\/strong>, pero el estudiante podr\u00e1:<\/p>\r\n<ul data-start=\"2100\" data-end=\"2254\">\r\n<li data-start=\"2100\" data-end=\"2157\"><strong data-start=\"2102\" data-end=\"2130\">Trasladar su inscripci\u00f3n<\/strong> a otra fecha disponible.<\/li>\r\n<li data-start=\"2161\" data-end=\"2254\"><strong data-start=\"2163\" data-end=\"2207\">Transferir su inscripci\u00f3n a otra persona<\/strong>, notificando con <strong data-start=\"2225\" data-end=\"2251\">72 horas de antelaci\u00f3n<\/strong>.<\/li>\r\n<\/ul>\r\n<p data-start=\"2256\" data-end=\"2357\">\ud83d\udccc <strong data-start=\"2259\" data-end=\"2303\">Cancelaciones una vez iniciado el curso:<\/strong><br data-start=\"2303\" data-end=\"2306\" \/>\u274c <strong data-start=\"2308\" data-end=\"2355\">No se realizar\u00e1n reembolsos en ning\u00fan caso.<\/strong><\/p>\r\n<p data-start=\"2359\" data-end=\"2504\">\ud83d\udccc <strong data-start=\"2362\" data-end=\"2408\">Si Polyvagal Bodyworkers cancela un curso:<\/strong><br data-start=\"2408\" data-end=\"2411\" \/>\u2714 Se ofrecer\u00e1 la opci\u00f3n de <strong data-start=\"2438\" data-end=\"2460\">reembolso completo<\/strong> o <strong data-start=\"2463\" data-end=\"2501\">reprogramaci\u00f3n sin costo adicional<\/strong>.<\/p>\r\n<hr data-start=\"2506\" data-end=\"2509\" \/>\r\n<h3 data-start=\"2511\" data-end=\"2566\"><strong data-start=\"2515\" data-end=\"2564\">\ud83d\udd39 2.2. Cursos Online (En Vivo y Pregrabados)<\/strong><\/h3>\r\n<p data-start=\"2567\" data-end=\"2713\">\ud83d\udccc <strong data-start=\"2570\" data-end=\"2589\">Cursos en vivo:<\/strong><br data-start=\"2589\" data-end=\"2592\" \/>\u2714 <strong data-start=\"2594\" data-end=\"2629\">Hasta 15 d\u00edas antes del inicio:<\/strong> Reembolso del <strong data-start=\"2644\" data-end=\"2651\">80%<\/strong>.<br data-start=\"2652\" data-end=\"2655\" \/>\u2714 <strong data-start=\"2657\" data-end=\"2682\">Despu\u00e9s de ese plazo:<\/strong> No se realizar\u00e1n reembolsos.<\/p>\r\n<p data-start=\"2715\" data-end=\"2958\">\ud83d\udccc <strong data-start=\"2718\" data-end=\"2741\">Cursos pregrabados:<\/strong><br data-start=\"2741\" data-end=\"2744\" \/>\u2714 <strong data-start=\"2746\" data-end=\"2827\">No se realizan reembolsos una vez que el estudiante ha accedido al contenido.<\/strong><br data-start=\"2827\" data-end=\"2830\" \/>\u2714 Si el estudiante <strong data-start=\"2849\" data-end=\"2914\">no ha accedido al curso en los primeros 7 d\u00edas tras la compra<\/strong>, puede solicitar un <strong data-start=\"2935\" data-end=\"2955\">80% de reembolso<\/strong>.<\/p>\r\n<p data-start=\"2960\" data-end=\"3276\">\ud83d\udccc <strong data-start=\"2963\" data-end=\"2986\">Problemas t\u00e9cnicos:<\/strong><br data-start=\"2986\" data-end=\"2989\" \/>\u2714 Si el usuario <strong data-start=\"3005\" data-end=\"3025\">no puede acceder<\/strong> al curso por problemas t\u00e9cnicos, deber\u00e1 <strong data-start=\"3066\" data-end=\"3104\">reportarlo en un plazo de 48 horas<\/strong>.<br data-start=\"3105\" data-end=\"3108\" \/>\u2714 Se ofrecer\u00e1 <strong data-start=\"3122\" data-end=\"3141\">soporte t\u00e9cnico<\/strong> para solucionar el problema.<br data-start=\"3170\" data-end=\"3173\" \/>\u2714 Si el problema persiste debido a un error de la plataforma, se podr\u00e1 emitir un <strong data-start=\"3254\" data-end=\"3273\">reembolso total<\/strong>.<\/p>\r\n<hr data-start=\"3278\" data-end=\"3281\" \/>\r\n<h2 data-start=\"3283\" data-end=\"3336\"><strong data-start=\"3286\" data-end=\"3334\">3. PROCEDIMIENTO PARA SOLICITAR UN REEMBOLSO<\/strong><\/h2>\r\n<p data-start=\"3338\" data-end=\"3375\">Para solicitar un reembolso, debes:<\/p>\r\n<p data-start=\"3377\" data-end=\"3555\">1\ufe0f\u20e3 <strong data-start=\"3381\" data-end=\"3404\">Enviar un correo a:<\/strong> <a rel=\"noopener\" data-start=\"3405\" data-end=\"3434\">pvmt@polyvagalbodyworkers.com<\/a><br data-start=\"3434\" data-end=\"3437\" \/>2\ufe0f\u20e3 <strong data-start=\"3441\" data-end=\"3463\">Asunto del correo:<\/strong> \u00abSolicitud de Reembolso \u2013 [Nombre del Curso]\u00bb<br data-start=\"3509\" data-end=\"3512\" \/>3\ufe0f\u20e3 <strong data-start=\"3516\" data-end=\"3553\">Incluir la siguiente informaci\u00f3n:<\/strong><\/p>\r\n<ul data-start=\"3559\" data-end=\"3743\">\r\n<li data-start=\"3559\" data-end=\"3579\">Nombre completo.<\/li>\r\n<li data-start=\"3583\" data-end=\"3625\">Correo electr\u00f3nico usado en la compra.<\/li>\r\n<li data-start=\"3629\" data-end=\"3650\">Nombre del curso.<\/li>\r\n<li data-start=\"3654\" data-end=\"3702\">Fecha de compra y fecha de inicio del curso.<\/li>\r\n<li data-start=\"3706\" data-end=\"3743\">Motivo detallado de la solicitud.<\/li>\r\n<\/ul>\r\n<p data-start=\"3745\" data-end=\"3841\">\ud83d\udccc <strong data-start=\"3748\" data-end=\"3772\">Tiempo de respuesta:<\/strong><br data-start=\"3772\" data-end=\"3775\" \/>\u2714 Procesaremos tu solicitud en un m\u00e1ximo de <strong data-start=\"3819\" data-end=\"3838\">10 d\u00edas h\u00e1biles<\/strong>.<\/p>\r\n<p data-start=\"3843\" data-end=\"4067\">\ud83d\udccc <strong data-start=\"3846\" data-end=\"3869\">Forma de reembolso:<\/strong><br data-start=\"3869\" data-end=\"3872\" \/>\u2714 Se realizar\u00e1 a trav\u00e9s del <strong data-start=\"3900\" data-end=\"3934\">mismo m\u00e9todo de pago utilizado<\/strong> en la compra.<br data-start=\"3948\" data-end=\"3951\" \/>\u2714 Los tiempos de procesamiento dependen del banco\/emisor de la tarjeta (usualmente entre <strong data-start=\"4040\" data-end=\"4063\">7 y 14 d\u00edas h\u00e1biles<\/strong>).<\/p>\r\n<hr data-start=\"4069\" data-end=\"4072\" \/>\r\n<h2 data-start=\"4074\" data-end=\"4125\"><strong data-start=\"4077\" data-end=\"4123\">4. EXCEPCIONES DONDE NO APLICAN REEMBOLSOS<\/strong><\/h2>\r\n<p data-start=\"4127\" data-end=\"4544\">\u274c <strong data-start=\"4129\" data-end=\"4196\">Si el usuario no asiste a un curso presencial sin previo aviso.<\/strong><br data-start=\"4196\" data-end=\"4199\" \/>\u274c <strong data-start=\"4201\" data-end=\"4274\">Si el usuario ha accedido al contenido de un curso online pregrabado.<\/strong><br data-start=\"4274\" data-end=\"4277\" \/>\u274c <strong data-start=\"4279\" data-end=\"4366\">Si el usuario ha descargado materiales del curso antes de solicitar la cancelaci\u00f3n.<\/strong><br data-start=\"4366\" data-end=\"4369\" \/>\u274c <strong data-start=\"4371\" data-end=\"4446\">Si la compra se realiz\u00f3 por error y el usuario ya ha accedido al curso.<\/strong><br data-start=\"4446\" data-end=\"4449\" \/>\u274c <strong data-start=\"4451\" data-end=\"4542\">Si la solicitud de reembolso se hace fuera de los plazos establecidos en esta pol\u00edtica.<\/strong><\/p>\r\n<hr data-start=\"4546\" data-end=\"4549\" \/>\r\n<h2 data-start=\"4551\" data-end=\"4593\"><strong data-start=\"4554\" data-end=\"4591\">5. CANCELACIONES POR FUERZA MAYOR<\/strong><\/h2>\r\n<p data-start=\"4595\" data-end=\"4884\">Si el usuario no puede asistir por razones de <strong data-start=\"4641\" data-end=\"4670\">fuerza mayor justificadas<\/strong> (enfermedad grave, emergencia familiar, restricciones gubernamentales), podr\u00e1:<br data-start=\"4749\" data-end=\"4752\" \/>\u2714 <strong data-start=\"4754\" data-end=\"4784\">Reprogramar su inscripci\u00f3n<\/strong> para otra fecha disponible.<br data-start=\"4812\" data-end=\"4815\" \/>\u2714 <strong data-start=\"4817\" data-end=\"4861\">Transferir su inscripci\u00f3n a otra persona<\/strong> sin costo adicional.<\/p>\r\n<p data-start=\"4886\" data-end=\"5009\">\ud83d\udccc <strong data-start=\"4889\" data-end=\"5007\">Es obligatorio presentar documentaci\u00f3n que respalde la solicitud (certificado m\u00e9dico, documentos oficiales, etc.).<\/strong><\/p>\r\n<hr data-start=\"5011\" data-end=\"5014\" \/>\r\n<h2 data-start=\"5016\" data-end=\"5064\"><strong data-start=\"5019\" data-end=\"5062\">6. TRANSPARENCIA Y DERECHOS DEL USUARIO<\/strong><\/h2>\r\n<p data-start=\"5066\" data-end=\"5382\">\u2714 <strong data-start=\"5068\" data-end=\"5140\">Garantizamos que esta pol\u00edtica cumple con normativas internacionales<\/strong> de comercio electr\u00f3nico y derechos del consumidor.<br data-start=\"5191\" data-end=\"5194\" \/>\u2714 <strong data-start=\"5196\" data-end=\"5297\">Si tienes dudas sobre tu elegibilidad para un reembolso, cont\u00e1ctanos antes de realizar la compra.<\/strong><br data-start=\"5297\" data-end=\"5300\" \/>\u2714 <strong data-start=\"5302\" data-end=\"5380\">Nos reservamos el derecho de modificar esta pol\u00edtica en cualquier momento.<\/strong><\/p>\r\n<p data-start=\"5384\" data-end=\"5422\">\ud83d\udccc <strong data-start=\"5387\" data-end=\"5412\">\u00daltima actualizaci\u00f3n:<\/strong> Febrero 2025<\/p>\r\n<hr data-start=\"5424\" data-end=\"5427\" \/>","protected":false},"excerpt":{"rendered":"<p>  [&#8230;]<\/p>\n","protected":false},"author":1,"featured_media":0,"parent":0,"menu_order":0,"comment_status":"closed","ping_status":"closed","template":"","meta":{"footnotes":""},"class_list":["post-1686","page","type-page","status-publish","hentry"],"yoast_head":"<!-- This site is optimized with the Yoast SEO plugin v27.5 - https:\/\/yoast.com\/product\/yoast-seo-wordpress\/ -->\n<title>Pol\u00edtica de devoluciones y reembolsos<\/title>\n<meta name=\"robots\" content=\"index, follow, max-snippet:-1, max-image-preview:large, max-video-preview:-1\" \/>\n<link rel=\"canonical\" href=\"https:\/\/polyvagalbodyworkers.com\/_es\/reembolso_devoluciones\/\" \/>\n<meta property=\"og:locale\" content=\"es_ES\" \/>\n<meta property=\"og:type\" content=\"article\" \/>\n<meta property=\"og:title\" content=\"Pol\u00edtica de devoluciones y reembolsos\" \/>\n<meta property=\"og:description\" content=\"[...]\" \/>\n<meta property=\"og:url\" content=\"https:\/\/polyvagalbodyworkers.com\/_es\/reembolso_devoluciones\/\" \/>\n<meta property=\"og:site_name\" content=\"Polivagal Bodyworkers\" \/>\n<meta name=\"twitter:card\" content=\"summary_large_image\" \/>\n<meta name=\"twitter:label1\" content=\"Tiempo de lectura\" \/>\n\t<meta name=\"twitter:data1\" content=\"3 minutos\" \/>\n<script type=\"application\/ld+json\" class=\"yoast-schema-graph\">{\"@context\":\"https:\\\/\\\/schema.org\",\"@graph\":[{\"@type\":\"WebPage\",\"@id\":\"https:\\\/\\\/polyvagalbodyworkers.com\\\/reembolso_devoluciones\\\/\",\"url\":\"https:\\\/\\\/polyvagalbodyworkers.com\\\/reembolso_devoluciones\\\/\",\"name\":\"Pol\u00edtica de devoluciones y reembolsos\",\"isPartOf\":{\"@id\":\"https:\\\/\\\/polyvagalbodyworkers.com\\\/#website\"},\"datePublished\":\"2025-02-23T14:12:47+00:00\",\"breadcrumb\":{\"@id\":\"https:\\\/\\\/polyvagalbodyworkers.com\\\/reembolso_devoluciones\\\/#breadcrumb\"},\"inLanguage\":\"es\",\"potentialAction\":[{\"@type\":\"ReadAction\",\"target\":[\"https:\\\/\\\/polyvagalbodyworkers.com\\\/reembolso_devoluciones\\\/\"]}]},{\"@type\":\"BreadcrumbList\",\"@id\":\"https:\\\/\\\/polyvagalbodyworkers.com\\\/reembolso_devoluciones\\\/#breadcrumb\",\"itemListElement\":[{\"@type\":\"ListItem\",\"position\":1,\"name\":\"Portada\",\"item\":\"https:\\\/\\\/polyvagalbodyworkers.com\\\/_es\\\/\"},{\"@type\":\"ListItem\",\"position\":2,\"name\":\"Pol\u00edtica de devoluciones y reembolsos\"}]},{\"@type\":\"WebSite\",\"@id\":\"https:\\\/\\\/polyvagalbodyworkers.com\\\/#website\",\"url\":\"https:\\\/\\\/polyvagalbodyworkers.com\\\/\",\"name\":\"Polivagal Bodyworkers\",\"description\":\"Instituto de Formaci\u00f3n Polivagal para Bodyworkers\",\"publisher\":{\"@id\":\"https:\\\/\\\/polyvagalbodyworkers.com\\\/#organization\"},\"potentialAction\":[{\"@type\":\"SearchAction\",\"target\":{\"@type\":\"EntryPoint\",\"urlTemplate\":\"https:\\\/\\\/polyvagalbodyworkers.com\\\/?s={search_term_string}\"},\"query-input\":{\"@type\":\"PropertyValueSpecification\",\"valueRequired\":true,\"valueName\":\"search_term_string\"}}],\"inLanguage\":\"es\"},{\"@type\":\"Organization\",\"@id\":\"https:\\\/\\\/polyvagalbodyworkers.com\\\/#organization\",\"name\":\"POLYVAGAL BODYWORKERS\",\"url\":\"https:\\\/\\\/polyvagalbodyworkers.com\\\/\",\"logo\":{\"@type\":\"ImageObject\",\"inLanguage\":\"es\",\"@id\":\"https:\\\/\\\/polyvagalbodyworkers.com\\\/#\\\/schema\\\/logo\\\/image\\\/\",\"url\":\"https:\\\/\\\/polyvagalbodyworkers.com\\\/wp-content\\\/uploads\\\/2025\\\/01\\\/Polyvagal-Bodyworkers-LOGO.webp\",\"contentUrl\":\"https:\\\/\\\/polyvagalbodyworkers.com\\\/wp-content\\\/uploads\\\/2025\\\/01\\\/Polyvagal-Bodyworkers-LOGO.webp\",\"width\":1350,\"height\":1350,\"caption\":\"POLYVAGAL BODYWORKERS\"},\"image\":{\"@id\":\"https:\\\/\\\/polyvagalbodyworkers.com\\\/#\\\/schema\\\/logo\\\/image\\\/\"}}]}<\/script>\n<!-- \/ Yoast SEO plugin. -->","yoast_head_json":{"title":"Pol\u00edtica de devoluciones y reembolsos","robots":{"index":"index","follow":"follow","max-snippet":"max-snippet:-1","max-image-preview":"max-image-preview:large","max-video-preview":"max-video-preview:-1"},"canonical":"https:\/\/polyvagalbodyworkers.com\/_es\/reembolso_devoluciones\/","og_locale":"es_ES","og_type":"article","og_title":"Pol\u00edtica de devoluciones y reembolsos","og_description":"[...]","og_url":"https:\/\/polyvagalbodyworkers.com\/_es\/reembolso_devoluciones\/","og_site_name":"Polivagal Bodyworkers","twitter_card":"summary_large_image","twitter_misc":{"Tiempo de lectura":"3 minutos"},"schema":{"@context":"https:\/\/schema.org","@graph":[{"@type":"WebPage","@id":"https:\/\/polyvagalbodyworkers.com\/reembolso_devoluciones\/","url":"https:\/\/polyvagalbodyworkers.com\/reembolso_devoluciones\/","name":"Pol\u00edtica de devoluciones y reembolsos","isPartOf":{"@id":"https:\/\/polyvagalbodyworkers.com\/#website"},"datePublished":"2025-02-23T14:12:47+00:00","breadcrumb":{"@id":"https:\/\/polyvagalbodyworkers.com\/reembolso_devoluciones\/#breadcrumb"},"inLanguage":"es","potentialAction":[{"@type":"ReadAction","target":["https:\/\/polyvagalbodyworkers.com\/reembolso_devoluciones\/"]}]},{"@type":"BreadcrumbList","@id":"https:\/\/polyvagalbodyworkers.com\/reembolso_devoluciones\/#breadcrumb","itemListElement":[{"@type":"ListItem","position":1,"name":"Portada","item":"https:\/\/polyvagalbodyworkers.com\/_es\/"},{"@type":"ListItem","position":2,"name":"Pol\u00edtica de devoluciones y reembolsos"}]},{"@type":"WebSite","@id":"https:\/\/polyvagalbodyworkers.com\/#website","url":"https:\/\/polyvagalbodyworkers.com\/","name":"Polivagal Bodyworkers","description":"Instituto de Formaci\u00f3n Polivagal para Bodyworkers","publisher":{"@id":"https:\/\/polyvagalbodyworkers.com\/#organization"},"potentialAction":[{"@type":"SearchAction","target":{"@type":"EntryPoint","urlTemplate":"https:\/\/polyvagalbodyworkers.com\/?s={search_term_string}"},"query-input":{"@type":"PropertyValueSpecification","valueRequired":true,"valueName":"search_term_string"}}],"inLanguage":"es"},{"@type":"Organization","@id":"https:\/\/polyvagalbodyworkers.com\/#organization","name":"POLYVAGAL BODYWORKERS","url":"https:\/\/polyvagalbodyworkers.com\/","logo":{"@type":"ImageObject","inLanguage":"es","@id":"https:\/\/polyvagalbodyworkers.com\/#\/schema\/logo\/image\/","url":"https:\/\/polyvagalbodyworkers.com\/wp-content\/uploads\/2025\/01\/Polyvagal-Bodyworkers-LOGO.webp","contentUrl":"https:\/\/polyvagalbodyworkers.com\/wp-content\/uploads\/2025\/01\/Polyvagal-Bodyworkers-LOGO.webp","width":1350,"height":1350,"caption":"POLYVAGAL BODYWORKERS"},"image":{"@id":"https:\/\/polyvagalbodyworkers.com\/#\/schema\/logo\/image\/"}}]}},"_links":{"self":[{"href":"https:\/\/polyvagalbodyworkers.com\/_es\/wp-json\/wp\/v2\/pages\/1686","targetHints":{"allow":["GET"]}}],"collection":[{"href":"https:\/\/polyvagalbodyworkers.com\/_es\/wp-json\/wp\/v2\/pages"}],"about":[{"href":"https:\/\/polyvagalbodyworkers.com\/_es\/wp-json\/wp\/v2\/types\/page"}],"author":[{"embeddable":true,"href":"https:\/\/polyvagalbodyworkers.com\/_es\/wp-json\/wp\/v2\/users\/1"}],"replies":[{"embeddable":true,"href":"https:\/\/polyvagalbodyworkers.com\/_es\/wp-json\/wp\/v2\/comments?post=1686"}],"version-history":[{"count":1,"href":"https:\/\/polyvagalbodyworkers.com\/_es\/wp-json\/wp\/v2\/pages\/1686\/revisions"}],"predecessor-version":[{"id":1805,"href":"https:\/\/polyvagalbodyworkers.com\/_es\/wp-json\/wp\/v2\/pages\/1686\/revisions\/1805"}],"wp:attachment":[{"href":"https:\/\/polyvagalbodyworkers.com\/_es\/wp-json\/wp\/v2\/media?parent=1686"}],"curies":[{"name":"wp","href":"https:\/\/api.w.org\/{rel}","templated":true}]}}