{"id":1774,"date":"2025-02-22T03:47:06","date_gmt":"2025-02-22T03:47:06","guid":{"rendered":"https:\/\/polyvagalbodyworkers.com\/?post_type=product&#038;p=1774"},"modified":"2026-03-16T09:02:26","modified_gmt":"2026-03-16T09:02:26","slug":"terapia-manual-polivagal-madrid","status":"publish","type":"product","link":"https:\/\/polyvagalbodyworkers.com\/_es\/producto\/terapia-manual-polivagal-madrid\/","title":{"rendered":"PVMT1 | Madrid"},"content":{"rendered":"<h2 data-start=\"157\" data-end=\"220\">\ud83e\udde0 Curso Terapia Manual Polivagal Madrid \u2013 PVMT1 Mayo 2026<\/h2>\n<p data-start=\"222\" data-end=\"340\"><strong data-start=\"222\" data-end=\"257\">Terapia Manual Polivagal Madrid<\/strong>\u00a0\u2013 Curso presencial intensivo para terapeutas manuales y profesionales de la salud.<\/p>\n<p data-start=\"342\" data-end=\"747\">Esta formaci\u00f3n en <strong data-start=\"360\" data-end=\"395\">Terapia Manual Polivagal Madrid<\/strong>\u00a0est\u00e1 dise\u00f1ada para ayudarte a integrar la teor\u00eda polivagal con t\u00e9cnicas manuales espec\u00edficas, no invasivas y efectivas, enfocadas en la evaluaci\u00f3n y regulaci\u00f3n del sistema nervioso aut\u00f3nomo desde el cuerpo. Es una propuesta innovadora y transformadora que conecta el trabajo manual de alta precisi\u00f3n con los fundamentos neurofisiol\u00f3gicos m\u00e1s actuales.<\/p>\n<p data-start=\"749\" data-end=\"1053\">Durante tres d\u00edas, recibir\u00e1s entrenamiento intensivo en abordajes terap\u00e9uticos aplicables a disfunciones f\u00edsicas, emocionales y auton\u00f3micas. Aprender\u00e1s a identificar bloqueos, intervenir con precisi\u00f3n y acompa\u00f1ar procesos cl\u00ednicos complejos desde un enfoque integrador, seguro y respetuoso con el cuerpo.<\/p>\n<p data-start=\"1055\" data-end=\"1258\">Al finalizar el curso, habr\u00e1s desarrollado una mirada m\u00e1s profunda sobre el sistema nervioso, sus estados, su relaci\u00f3n con la salud integral y el impacto de la terapia manual en la regulaci\u00f3n auton\u00f3mica.<\/p>\n<hr data-start=\"1260\" data-end=\"1263\" \/>\n<h4 data-start=\"183\" data-end=\"211\">\ud83d\udcc5 Informaci\u00f3n del Curso<\/h4>\n<ul data-start=\"213\" data-end=\"787\">\n<li data-start=\"213\" data-end=\"279\">\n<p data-start=\"215\" data-end=\"279\"><strong data-start=\"215\" data-end=\"226\">Fechas: <\/strong>15, 16 y 17 de mayo de 2026<\/p>\n<\/li>\n<li data-start=\"281\" data-end=\"428\">\n<p data-start=\"283\" data-end=\"428\"><strong data-start=\"283\" data-end=\"295\">Horario: <\/strong>De 9:00 a 13:00 y de 14:30 a 17:30 h<br data-start=\"358\" data-end=\"361\" \/>\u00a0\u00a0\u00a0\u00a0<em data-start=\"385\" data-end=\"428\">(Registro el primer d\u00eda a las 8:30 a.\u202fm.)<\/em><\/p>\n<\/li>\n<li data-start=\"430\" data-end=\"487\">\n<p data-start=\"432\" data-end=\"487\"><strong data-start=\"432\" data-end=\"446\">Ubicaci\u00f3n: <\/strong>Madrid, Espa\u00f1a<\/p>\n<\/li>\n<li data-start=\"489\" data-end=\"542\">\n<p data-start=\"491\" data-end=\"542\"><strong data-start=\"491\" data-end=\"505\">Modalidad: <\/strong>Presencial<\/p>\n<\/li>\n<li data-start=\"544\" data-end=\"615\">\n<p data-start=\"546\" data-end=\"615\"><strong data-start=\"546\" data-end=\"559\">Duraci\u00f3n: <\/strong>3 d\u00edas de formaci\u00f3n intensiva<\/p>\n<\/li>\n<li data-start=\"617\" data-end=\"787\">\n<p data-start=\"619\" data-end=\"787\"><strong data-start=\"619\" data-end=\"631\">Incluye: <\/strong>Diploma oficial, gu\u00eda de estudio y acceso a la plataforma privada de estudiantes.<\/p>\n<\/li>\n<\/ul>\n<p>&nbsp;<\/p>\n<hr data-start=\"1812\" data-end=\"1815\" \/>\n<h4 class=\"fusion-responsive-typography-calculated\" data-start=\"1969\" data-end=\"1985\" data-fontsize=\"32\" data-lineheight=\"48px\">\ud83d\udcb0 Inversi\u00f3n y formas de pago<\/h4>\n<p><strong data-start=\"1272\" data-end=\"1329\">Inscripci\u00f3n anticipada hasta el 15 de abril de 2026:<\/strong><\/p>\n<ul>\n<li><strong data-start=\"1272\" data-end=\"1329\">\u2705 <\/strong><strong data-start=\"1334\" data-end=\"1345\">650\u20ac <\/strong>en total.<\/li>\n<\/ul>\n<p><strong data-start=\"1356\" data-end=\"1386\">A partir del 16 de abril:<\/strong><\/p>\n<ul>\n<li><strong data-start=\"1392\" data-end=\"1403\">750\u20ac <\/strong>(valor regular)<\/li>\n<\/ul>\n<p>&nbsp;<\/p>\n<hr data-start=\"1812\" data-end=\"1815\" \/>\n<h4 class=\"fusion-responsive-typography-calculated\" data-start=\"1426\" data-end=\"1456\" data-fontsize=\"32\" data-lineheight=\"48px\">\ud83d\udd39 Para reservar tu lugar:<\/h4>\n<p data-start=\"1458\" data-end=\"1530\"><strong data-start=\"1458\" data-end=\"1530\">Paso 1: Realiza una transferencia de 150\u20ac a:<\/strong><\/p>\n<ul data-start=\"1532\" data-end=\"1690\">\n<li data-start=\"1532\" data-end=\"1570\">\n<p data-start=\"1534\" data-end=\"1570\"><strong data-start=\"1534\" data-end=\"1545\">Nombre:<\/strong> Laura G\u00f3mez Gu\u00edo<\/p>\n<\/li>\n<li data-start=\"1571\" data-end=\"1593\">\n<p data-start=\"1573\" data-end=\"1593\"><strong data-start=\"1573\" data-end=\"1583\">Banco:<\/strong> ING<\/p>\n<\/li>\n<li data-start=\"1594\" data-end=\"1630\">\n<p data-start=\"1596\" data-end=\"1630\"><strong data-start=\"1596\" data-end=\"1604\">Cuenta:<\/strong> ES16 1465 0100 91 1756445478<\/p>\n<\/li>\n<li data-start=\"1631\" data-end=\"1664\">\n<p data-start=\"1633\" data-end=\"1664\"><strong data-start=\"1633\" data-end=\"1643\">BIC:<\/strong> INGDESMMXXX<\/p>\n<\/li>\n<\/ul>\n<p data-start=\"1692\" data-end=\"1810\"><strong data-start=\"1692\" data-end=\"1703\">Paso 2:<\/strong> Env\u00eda el comprobante de tu reserva a <a class=\"cursor-pointer\" rel=\"noopener\" data-start=\"1741\" data-end=\"1810\">pvmt@polyvagalbodyworkers.com<\/a><\/p>\n<p>&nbsp;<\/p>\n<hr data-start=\"1812\" data-end=\"1815\" \/>\n<h4 class=\"fusion-responsive-typography-calculated\" data-start=\"1817\" data-end=\"1888\" data-fontsize=\"32\" data-lineheight=\"48px\">\ud83d\udcb5 El resto del valor se abona en efectivo el primer d\u00eda del curso:<\/h4>\n<ul data-start=\"1890\" data-end=\"1994\">\n<li data-start=\"1890\" data-end=\"1939\">\n<p data-start=\"1892\" data-end=\"1939\"><strong data-start=\"1896\" data-end=\"1903\">500\u20ac <\/strong>si hiciste inscripci\u00f3n anticipada.<\/p>\n<\/li>\n<li data-start=\"1940\" data-end=\"1994\">\n<p data-start=\"1942\" data-end=\"1994\"><strong data-start=\"1946\" data-end=\"1953\">600\u20ac <\/strong>si te inscribiste despu\u00e9s del 20 de julio.<\/p>\n<\/li>\n<\/ul>\n<p>&nbsp;<\/p>\n<hr data-start=\"1706\" data-end=\"1709\" \/>\n<h4 data-start=\"1711\" data-end=\"1728\">\u26a0\ufe0f Importante<\/h4>\n<ul data-start=\"1730\" data-end=\"1952\">\n<li data-start=\"1730\" data-end=\"1750\">\n<p data-start=\"1732\" data-end=\"1750\">Cupos limitados.<\/p>\n<\/li>\n<li data-start=\"1751\" data-end=\"1834\">\n<p data-start=\"1753\" data-end=\"1834\"><strong>No reserves alojamiento ni vuelos hasta recibir confirmaci\u00f3n oficial del curso.<\/strong><\/p>\n<\/li>\n<li data-start=\"1835\" data-end=\"1952\">\n<p data-start=\"1837\" data-end=\"1952\">Env\u00eda el comprobante de pago de tu reserva a: <strong><a class=\"cursor-pointer\" rel=\"noopener\" data-start=\"1883\" data-end=\"1952\">pvmt@polyvagalbodyworkers.com<\/a><\/strong><\/p>\n<\/li>\n<\/ul>\n<p>&nbsp;<\/p>\n<hr data-start=\"1954\" data-end=\"1957\" \/>\n<h4 data-start=\"1959\" data-end=\"1980\">\ud83d\udd17 Enlaces \u00fatiles<\/h4>\n<ul data-start=\"1982\" data-end=\"2153\">\n<li data-start=\"1982\" data-end=\"2083\">\n<p data-start=\"1984\" data-end=\"2083\"><a class=\"cursor-pointer\" href=\"https:\/\/polyvagalbodyworkers.com\/faq-items\/que-es-la-terapia-manual-polivagal-y-como-puede-ayudarte\/\" rel=\"noopener\" data-start=\"1984\" data-end=\"2081\">\u00bfQu\u00e9 es la Terapia Manual Polivagal?<\/a><\/p>\n<\/li>\n<li data-start=\"2084\" data-end=\"2153\">\n<p data-start=\"2086\" data-end=\"2153\"><a class=\"\" href=\"https:\/\/www.stephenporges.com\/\" target=\"_new\" rel=\"noopener\" data-start=\"2086\" data-end=\"2153\">Stephen Porges \u2013 Teor\u00eda Polivagal<\/a><\/p>\n<\/li>\n<li data-start=\"2084\" data-end=\"2153\"><a href=\"https:\/\/polyvagalbodyworkers.com\/reembolso_devoluciones\/\">Pol\u00edtica de\u00a0Devoluciones y Reembolsos\u00a0<\/a> \/ <a href=\"https:\/\/polyvagalbodyworkers.com\/terminos-y-condiciones\/\">T\u00e9rminos y Condiciones<\/a><\/li>\n<\/ul>\n<p>&nbsp;<\/p>\n<hr data-start=\"2155\" data-end=\"2158\" \/>\n<h4 data-start=\"2160\" data-end=\"2188\">\u2705 Reserva ahora tu lugar<\/h4>\n<p data-start=\"2190\" data-end=\"2450\">No dejes pasar esta oportunidad de formarte en <strong data-start=\"2237\" data-end=\"2272\">Terapia Manual Polivagal Madrid<\/strong>\u00a0con el equipo de <strong data-start=\"2290\" data-end=\"2315\">Polyvagal Bodyworkers<\/strong>. Transforma tu pr\u00e1ctica, ampl\u00eda tus herramientas terap\u00e9uticas y acompa\u00f1a de forma m\u00e1s profunda los procesos de salud de tus pacientes.<\/p>\n","protected":false},"excerpt":{"rendered":"<p data-start=\"45\" data-end=\"343\"><strong>Sum\u00e9rgete en la Terapia Manual Polivagal con este curso presencial en Madrid.<\/strong> Aprende t\u00e9cnicas avanzadas para evaluar y regular el sistema nervioso. Ideal para terapeutas manuales que desean transformar su pr\u00e1ctica. \u00a1Reserva tu lugar ahora!<\/p>\n","protected":false},"featured_media":3829,"template":"","meta":[],"product_brand":[],"product_cat":[60,46],"product_tag":[49,36],"class_list":{"0":"post-1774","1":"product","2":"type-product","3":"status-publish","4":"has-post-thumbnail","6":"product_cat-cursos-espana","7":"product_cat-pvmt1","8":"product_tag-espana","9":"product_tag-pvmt1","11":"first","12":"instock","13":"sale","14":"taxable","15":"shipping-taxable","16":"purchasable","17":"product-type-variable"},"yoast_head":"<!-- This site is optimized with the Yoast SEO plugin v27.3 - https:\/\/yoast.com\/product\/yoast-seo-wordpress\/ -->\n<title>Terapia Manual Polivagal Madrid \u2013 Curso PVMT1 Septiembre 2025<\/title>\n<meta name=\"description\" content=\"Curso de Terapia Manual Polivagal en Madrid. Aprende a regular el sistema nervioso aut\u00f3nomo desde el cuerpo. \u00a1Reserva tu lugar hoy!\" \/>\n<meta name=\"robots\" content=\"index, follow, max-snippet:-1, max-image-preview:large, max-video-preview:-1\" \/>\n<link rel=\"canonical\" href=\"https:\/\/polyvagalbodyworkers.com\/_es\/producto\/terapia-manual-polivagal-madrid\/\" \/>\n<meta property=\"og:locale\" content=\"es_ES\" \/>\n<meta property=\"og:type\" content=\"article\" \/>\n<meta property=\"og:title\" content=\"Terapia Manual Polivagal Madrid \u2013 Curso PVMT1 Septiembre 2025\" \/>\n<meta property=\"og:description\" content=\"Curso de Terapia Manual Polivagal en Madrid. Aprende a regular el sistema nervioso aut\u00f3nomo desde el cuerpo. \u00a1Reserva tu lugar hoy!\" \/>\n<meta property=\"og:url\" content=\"https:\/\/polyvagalbodyworkers.com\/_es\/producto\/terapia-manual-polivagal-madrid\/\" \/>\n<meta property=\"og:site_name\" content=\"Polivagal Bodyworkers\" \/>\n<meta property=\"article:modified_time\" content=\"2026-03-16T09:02:26+00:00\" \/>\n<meta property=\"og:image\" content=\"https:\/\/polyvagalbodyworkers.com\/wp-content\/uploads\/2025\/02\/WhatsApp-Image-2026-03-13-at-18.49.03.webp\" \/>\n\t<meta property=\"og:image:width\" content=\"940\" \/>\n\t<meta property=\"og:image:height\" content=\"788\" \/>\n\t<meta property=\"og:image:type\" content=\"image\/webp\" \/>\n<meta name=\"twitter:card\" content=\"summary_large_image\" \/>\n<meta name=\"twitter:label1\" content=\"Tiempo de lectura\" \/>\n\t<meta name=\"twitter:data1\" content=\"3 minutos\" \/>\n<script type=\"application\/ld+json\" class=\"yoast-schema-graph\">{\"@context\":\"https:\\\/\\\/schema.org\",\"@graph\":[{\"@type\":\"WebPage\",\"@id\":\"https:\\\/\\\/polyvagalbodyworkers.com\\\/producto\\\/terapia-manual-polivagal-madrid\\\/\",\"url\":\"https:\\\/\\\/polyvagalbodyworkers.com\\\/producto\\\/terapia-manual-polivagal-madrid\\\/\",\"name\":\"Terapia Manual Polivagal Madrid \u2013 Curso PVMT1 Septiembre 2025\",\"isPartOf\":{\"@id\":\"https:\\\/\\\/polyvagalbodyworkers.com\\\/#website\"},\"primaryImageOfPage\":{\"@id\":\"https:\\\/\\\/polyvagalbodyworkers.com\\\/producto\\\/terapia-manual-polivagal-madrid\\\/#primaryimage\"},\"image\":{\"@id\":\"https:\\\/\\\/polyvagalbodyworkers.com\\\/producto\\\/terapia-manual-polivagal-madrid\\\/#primaryimage\"},\"thumbnailUrl\":\"https:\\\/\\\/polyvagalbodyworkers.com\\\/wp-content\\\/uploads\\\/2025\\\/02\\\/WhatsApp-Image-2026-03-13-at-18.49.03.webp\",\"datePublished\":\"2025-02-22T03:47:06+00:00\",\"dateModified\":\"2026-03-16T09:02:26+00:00\",\"description\":\"Curso de Terapia Manual Polivagal en Madrid. Aprende a regular el sistema nervioso aut\u00f3nomo desde el cuerpo. \u00a1Reserva tu lugar hoy!\",\"breadcrumb\":{\"@id\":\"https:\\\/\\\/polyvagalbodyworkers.com\\\/producto\\\/terapia-manual-polivagal-madrid\\\/#breadcrumb\"},\"inLanguage\":\"es\",\"potentialAction\":[{\"@type\":\"ReadAction\",\"target\":[\"https:\\\/\\\/polyvagalbodyworkers.com\\\/producto\\\/terapia-manual-polivagal-madrid\\\/\"]}]},{\"@type\":\"ImageObject\",\"inLanguage\":\"es\",\"@id\":\"https:\\\/\\\/polyvagalbodyworkers.com\\\/producto\\\/terapia-manual-polivagal-madrid\\\/#primaryimage\",\"url\":\"https:\\\/\\\/polyvagalbodyworkers.com\\\/wp-content\\\/uploads\\\/2025\\\/02\\\/WhatsApp-Image-2026-03-13-at-18.49.03.webp\",\"contentUrl\":\"https:\\\/\\\/polyvagalbodyworkers.com\\\/wp-content\\\/uploads\\\/2025\\\/02\\\/WhatsApp-Image-2026-03-13-at-18.49.03.webp\",\"width\":940,\"height\":788,\"caption\":\"Curso presencial PVMT1 en Madrid, formaci\u00f3n en Terapia Manual Polivagal\"},{\"@type\":\"BreadcrumbList\",\"@id\":\"https:\\\/\\\/polyvagalbodyworkers.com\\\/producto\\\/terapia-manual-polivagal-madrid\\\/#breadcrumb\",\"itemListElement\":[{\"@type\":\"ListItem\",\"position\":1,\"name\":\"Portada\",\"item\":\"https:\\\/\\\/polyvagalbodyworkers.com\\\/_es\\\/\"},{\"@type\":\"ListItem\",\"position\":2,\"name\":\"Tienda\",\"item\":\"https:\\\/\\\/polyvagalbodyworkers.com\\\/_es\\\/tienda\\\/\"},{\"@type\":\"ListItem\",\"position\":3,\"name\":\"PVMT1 | Madrid\"}]},{\"@type\":\"WebSite\",\"@id\":\"https:\\\/\\\/polyvagalbodyworkers.com\\\/#website\",\"url\":\"https:\\\/\\\/polyvagalbodyworkers.com\\\/\",\"name\":\"Polivagal Bodyworkers\",\"description\":\"Instituto de Formaci\u00f3n Polivagal para Bodyworkers\",\"publisher\":{\"@id\":\"https:\\\/\\\/polyvagalbodyworkers.com\\\/#organization\"},\"potentialAction\":[{\"@type\":\"SearchAction\",\"target\":{\"@type\":\"EntryPoint\",\"urlTemplate\":\"https:\\\/\\\/polyvagalbodyworkers.com\\\/?s={search_term_string}\"},\"query-input\":{\"@type\":\"PropertyValueSpecification\",\"valueRequired\":true,\"valueName\":\"search_term_string\"}}],\"inLanguage\":\"es\"},{\"@type\":\"Organization\",\"@id\":\"https:\\\/\\\/polyvagalbodyworkers.com\\\/#organization\",\"name\":\"POLYVAGAL BODYWORKERS\",\"url\":\"https:\\\/\\\/polyvagalbodyworkers.com\\\/\",\"logo\":{\"@type\":\"ImageObject\",\"inLanguage\":\"es\",\"@id\":\"https:\\\/\\\/polyvagalbodyworkers.com\\\/#\\\/schema\\\/logo\\\/image\\\/\",\"url\":\"https:\\\/\\\/polyvagalbodyworkers.com\\\/wp-content\\\/uploads\\\/2025\\\/01\\\/Polyvagal-Bodyworkers-LOGO.webp\",\"contentUrl\":\"https:\\\/\\\/polyvagalbodyworkers.com\\\/wp-content\\\/uploads\\\/2025\\\/01\\\/Polyvagal-Bodyworkers-LOGO.webp\",\"width\":1350,\"height\":1350,\"caption\":\"POLYVAGAL BODYWORKERS\"},\"image\":{\"@id\":\"https:\\\/\\\/polyvagalbodyworkers.com\\\/#\\\/schema\\\/logo\\\/image\\\/\"}}]}<\/script>\n<!-- \/ Yoast SEO plugin. -->","yoast_head_json":{"title":"Terapia Manual Polivagal Madrid \u2013 Curso PVMT1 Septiembre 2025","description":"Curso de Terapia Manual Polivagal en Madrid. Aprende a regular el sistema nervioso aut\u00f3nomo desde el cuerpo. \u00a1Reserva tu lugar hoy!","robots":{"index":"index","follow":"follow","max-snippet":"max-snippet:-1","max-image-preview":"max-image-preview:large","max-video-preview":"max-video-preview:-1"},"canonical":"https:\/\/polyvagalbodyworkers.com\/_es\/producto\/terapia-manual-polivagal-madrid\/","og_locale":"es_ES","og_type":"article","og_title":"Terapia Manual Polivagal Madrid \u2013 Curso PVMT1 Septiembre 2025","og_description":"Curso de Terapia Manual Polivagal en Madrid. Aprende a regular el sistema nervioso aut\u00f3nomo desde el cuerpo. \u00a1Reserva tu lugar hoy!","og_url":"https:\/\/polyvagalbodyworkers.com\/_es\/producto\/terapia-manual-polivagal-madrid\/","og_site_name":"Polivagal Bodyworkers","article_modified_time":"2026-03-16T09:02:26+00:00","og_image":[{"width":940,"height":788,"url":"https:\/\/polyvagalbodyworkers.com\/wp-content\/uploads\/2025\/02\/WhatsApp-Image-2026-03-13-at-18.49.03.webp","type":"image\/webp"}],"twitter_card":"summary_large_image","twitter_misc":{"Tiempo de lectura":"3 minutos"},"schema":{"@context":"https:\/\/schema.org","@graph":[{"@type":"WebPage","@id":"https:\/\/polyvagalbodyworkers.com\/producto\/terapia-manual-polivagal-madrid\/","url":"https:\/\/polyvagalbodyworkers.com\/producto\/terapia-manual-polivagal-madrid\/","name":"Terapia Manual Polivagal Madrid \u2013 Curso PVMT1 Septiembre 2025","isPartOf":{"@id":"https:\/\/polyvagalbodyworkers.com\/#website"},"primaryImageOfPage":{"@id":"https:\/\/polyvagalbodyworkers.com\/producto\/terapia-manual-polivagal-madrid\/#primaryimage"},"image":{"@id":"https:\/\/polyvagalbodyworkers.com\/producto\/terapia-manual-polivagal-madrid\/#primaryimage"},"thumbnailUrl":"https:\/\/polyvagalbodyworkers.com\/wp-content\/uploads\/2025\/02\/WhatsApp-Image-2026-03-13-at-18.49.03.webp","datePublished":"2025-02-22T03:47:06+00:00","dateModified":"2026-03-16T09:02:26+00:00","description":"Curso de Terapia Manual Polivagal en Madrid. Aprende a regular el sistema nervioso aut\u00f3nomo desde el cuerpo. \u00a1Reserva tu lugar hoy!","breadcrumb":{"@id":"https:\/\/polyvagalbodyworkers.com\/producto\/terapia-manual-polivagal-madrid\/#breadcrumb"},"inLanguage":"es","potentialAction":[{"@type":"ReadAction","target":["https:\/\/polyvagalbodyworkers.com\/producto\/terapia-manual-polivagal-madrid\/"]}]},{"@type":"ImageObject","inLanguage":"es","@id":"https:\/\/polyvagalbodyworkers.com\/producto\/terapia-manual-polivagal-madrid\/#primaryimage","url":"https:\/\/polyvagalbodyworkers.com\/wp-content\/uploads\/2025\/02\/WhatsApp-Image-2026-03-13-at-18.49.03.webp","contentUrl":"https:\/\/polyvagalbodyworkers.com\/wp-content\/uploads\/2025\/02\/WhatsApp-Image-2026-03-13-at-18.49.03.webp","width":940,"height":788,"caption":"Curso presencial PVMT1 en Madrid, formaci\u00f3n en Terapia Manual Polivagal"},{"@type":"BreadcrumbList","@id":"https:\/\/polyvagalbodyworkers.com\/producto\/terapia-manual-polivagal-madrid\/#breadcrumb","itemListElement":[{"@type":"ListItem","position":1,"name":"Portada","item":"https:\/\/polyvagalbodyworkers.com\/_es\/"},{"@type":"ListItem","position":2,"name":"Tienda","item":"https:\/\/polyvagalbodyworkers.com\/_es\/tienda\/"},{"@type":"ListItem","position":3,"name":"PVMT1 | Madrid"}]},{"@type":"WebSite","@id":"https:\/\/polyvagalbodyworkers.com\/#website","url":"https:\/\/polyvagalbodyworkers.com\/","name":"Polivagal Bodyworkers","description":"Instituto de Formaci\u00f3n Polivagal para Bodyworkers","publisher":{"@id":"https:\/\/polyvagalbodyworkers.com\/#organization"},"potentialAction":[{"@type":"SearchAction","target":{"@type":"EntryPoint","urlTemplate":"https:\/\/polyvagalbodyworkers.com\/?s={search_term_string}"},"query-input":{"@type":"PropertyValueSpecification","valueRequired":true,"valueName":"search_term_string"}}],"inLanguage":"es"},{"@type":"Organization","@id":"https:\/\/polyvagalbodyworkers.com\/#organization","name":"POLYVAGAL BODYWORKERS","url":"https:\/\/polyvagalbodyworkers.com\/","logo":{"@type":"ImageObject","inLanguage":"es","@id":"https:\/\/polyvagalbodyworkers.com\/#\/schema\/logo\/image\/","url":"https:\/\/polyvagalbodyworkers.com\/wp-content\/uploads\/2025\/01\/Polyvagal-Bodyworkers-LOGO.webp","contentUrl":"https:\/\/polyvagalbodyworkers.com\/wp-content\/uploads\/2025\/01\/Polyvagal-Bodyworkers-LOGO.webp","width":1350,"height":1350,"caption":"POLYVAGAL BODYWORKERS"},"image":{"@id":"https:\/\/polyvagalbodyworkers.com\/#\/schema\/logo\/image\/"}}]}},"_links":{"self":[{"href":"https:\/\/polyvagalbodyworkers.com\/_es\/wp-json\/wp\/v2\/product\/1774","targetHints":{"allow":["GET"]}}],"collection":[{"href":"https:\/\/polyvagalbodyworkers.com\/_es\/wp-json\/wp\/v2\/product"}],"about":[{"href":"https:\/\/polyvagalbodyworkers.com\/_es\/wp-json\/wp\/v2\/types\/product"}],"wp:featuredmedia":[{"embeddable":true,"href":"https:\/\/polyvagalbodyworkers.com\/_es\/wp-json\/wp\/v2\/media\/3829"}],"wp:attachment":[{"href":"https:\/\/polyvagalbodyworkers.com\/_es\/wp-json\/wp\/v2\/media?parent=1774"}],"wp:term":[{"taxonomy":"product_brand","embeddable":true,"href":"https:\/\/polyvagalbodyworkers.com\/_es\/wp-json\/wp\/v2\/product_brand?post=1774"},{"taxonomy":"product_cat","embeddable":true,"href":"https:\/\/polyvagalbodyworkers.com\/_es\/wp-json\/wp\/v2\/product_cat?post=1774"},{"taxonomy":"product_tag","embeddable":true,"href":"https:\/\/polyvagalbodyworkers.com\/_es\/wp-json\/wp\/v2\/product_tag?post=1774"}],"curies":[{"name":"wp","href":"https:\/\/api.w.org\/{rel}","templated":true}]}}