{"id":2372,"date":"2025-06-16T23:23:20","date_gmt":"2025-06-16T23:23:20","guid":{"rendered":"https:\/\/polyvagalbodyworkers.com\/?post_type=product&#038;p=2372"},"modified":"2026-03-15T20:19:23","modified_gmt":"2026-03-15T20:19:23","slug":"reserva-pvmt3-cdmx-mexico","status":"publish","type":"product","link":"https:\/\/polyvagalbodyworkers.com\/_es\/producto\/reserva-pvmt3-cdmx-mexico\/","title":{"rendered":"PVMT3 | CDMX"},"content":{"rendered":"<h2 data-start=\"201\" data-end=\"267\">\ud83e\udde0 Curso Terapia Manual Polivagal CDMX \u2013 PVMT3 Mayo 2026<\/h2>\n<p data-start=\"269\" data-end=\"397\"><strong data-start=\"269\" data-end=\"314\">Terapia Manual Polivagal CDMX \u2013 Nivel 3<\/strong><br data-start=\"314\" data-end=\"317\" \/>Curso presencial intensivo para terapeutas manuales que ya han completado PVMT2.<\/p>\n<p data-start=\"399\" data-end=\"760\">Esta formaci\u00f3n de <strong data-start=\"417\" data-end=\"463\">Terapia Manual Polivagal en CDMX \u2013 PVMT3<\/strong> est\u00e1 centrada en el abordaje del <strong data-start=\"497\" data-end=\"517\">sistema ent\u00e9rico<\/strong>, el eje <strong data-start=\"526\" data-end=\"544\">cuerpo-emoci\u00f3n<\/strong> y la integraci\u00f3n somatosentimental a trav\u00e9s del contacto manual. Es una experiencia cl\u00ednica profunda que conecta la regulaci\u00f3n auton\u00f3mica visceral con la salud emocional y el acompa\u00f1amiento del trauma corporalizado.<\/p>\n<p data-start=\"762\" data-end=\"1231\">Durante tres d\u00edas recibir\u00e1s entrenamiento intensivo en t\u00e9cnicas espec\u00edficas para intervenir sobre los <strong data-start=\"864\" data-end=\"897\">plexos abdominales y p\u00e9lvicos<\/strong>, el <strong data-start=\"902\" data-end=\"944\">nervio vago no mielinizado del abdomen<\/strong>, el <strong data-start=\"949\" data-end=\"962\">diafragma<\/strong>, el <strong data-start=\"967\" data-end=\"987\">plexo espl\u00e1cnico<\/strong>, la <strong data-start=\"992\" data-end=\"1011\">fascia visceral<\/strong> y estructuras clave que participan en la percepci\u00f3n interna y los estados fisiol\u00f3gicos. Tambi\u00e9n se abordar\u00e1n los fundamentos del tratamiento emocional y la v\u00eda ascendente-descendente entre cuerpo, emoci\u00f3n y pensamiento.<\/p>\n<p data-start=\"1233\" data-end=\"1478\">Al finalizar el curso, habr\u00e1s integrado nuevas herramientas para acompa\u00f1ar s\u00edntomas f\u00edsicos y emocionales complejos como disfunciones digestivas, somatizaciones, ansiedad visceral, trauma retenido en v\u00edsceras, respiraci\u00f3n bloqueada, entre otros.<\/p>\n<p>&nbsp;<\/p>\n<hr data-start=\"1480\" data-end=\"1483\" \/>\n<h4 data-start=\"183\" data-end=\"211\">\ud83d\udcc5 Informaci\u00f3n del Curso<\/h4>\n<ul data-start=\"213\" data-end=\"787\">\n<li data-start=\"213\" data-end=\"279\">\n<p data-start=\"215\" data-end=\"279\"><strong data-start=\"215\" data-end=\"226\">Fechas: <\/strong>29, 30 y 31 de Mayo de 2026<\/p>\n<\/li>\n<li data-start=\"281\" data-end=\"428\">\n<p data-start=\"283\" data-end=\"428\"><strong data-start=\"283\" data-end=\"295\">Horario: <\/strong>De 9:00 a 13:00 y de 14:30 a 17:30 h<br data-start=\"358\" data-end=\"361\" \/>\u00a0\u00a0\u00a0\u00a0<em data-start=\"385\" data-end=\"428\">(Registro el primer d\u00eda a las 8:30 a.\u202fm.)<\/em><\/p>\n<\/li>\n<li data-start=\"430\" data-end=\"487\">\n<p data-start=\"432\" data-end=\"487\"><strong data-start=\"432\" data-end=\"446\">Ubicaci\u00f3n: <\/strong>CDMX, M\u00e9xico<\/p>\n<\/li>\n<li data-start=\"489\" data-end=\"542\">\n<p data-start=\"491\" data-end=\"542\"><strong data-start=\"491\" data-end=\"505\">Modalidad: <\/strong>Presencial.<\/p>\n<\/li>\n<li data-start=\"544\" data-end=\"615\">\n<p data-start=\"546\" data-end=\"615\"><strong data-start=\"546\" data-end=\"559\">Duraci\u00f3n: <\/strong>3 d\u00edas de formaci\u00f3n intensiva.<\/p>\n<\/li>\n<li data-start=\"617\" data-end=\"787\">\n<p data-start=\"619\" data-end=\"787\"><strong data-start=\"619\" data-end=\"631\">Incluye: <\/strong>Diploma oficial, gu\u00eda de estudio y acceso a la plataforma privada de estudiantes.<\/p>\n<\/li>\n<\/ul>\n<p>&nbsp;<\/p>\n<hr data-start=\"1742\" data-end=\"1745\" \/>\n<h4 data-start=\"1747\" data-end=\"1765\">\ud83d\udc68\u200d\ud83c\udfeb Profesor<\/h4>\n<p data-start=\"1767\" data-end=\"1861\"><strong data-start=\"1767\" data-end=\"1784\">Mat\u00edas Chahab<\/strong>, PT, DO, BI-D, PVMT<br data-start=\"1804\" data-end=\"1807\" \/>Creador y desarrollador de la Terapia Manual Polivagal<\/p>\n<p>&nbsp;<\/p>\n<hr data-start=\"1863\" data-end=\"1866\" \/>\n<h4 data-start=\"1521\" data-end=\"1537\">\ud83d\udcb0 Inversi\u00f3n y formas de pago<\/h4>\n<p><strong data-start=\"1272\" data-end=\"1329\">Valor total: \u00a0<\/strong>$12,760 MXN.<strong data-start=\"1334\" data-end=\"1345\">\u00a0<\/strong><\/p>\n<p><strong data-start=\"2019\" data-end=\"2031\">Reserva:<\/strong> $2,760 MXN (transferencia o Mercado Pago).<\/p>\n<p><em>Datos para la realizar <strong>SOLO LA RESERVA<\/strong> por transferencia:<\/em><\/p>\n<ul>\n<li><strong>Nombre:<\/strong> Polyvagal Bodyworkers<\/li>\n<li><strong>Banco:<\/strong> BBVA<\/li>\n<li><strong>Cuenta:<\/strong> 011 758 8569<\/li>\n<li><strong>CLABE:<\/strong> 012 691 00117588569 5<\/li>\n<\/ul>\n<p><strong data-start=\"2078\" data-end=\"2088\">Resto:<\/strong> $10,000 MXN en EFECTIVO el primer d\u00eda del curso.<\/p>\n<hr data-start=\"2053\" data-end=\"2056\" \/>\n<h4 data-start=\"2058\" data-end=\"2075\">\u26a0\ufe0f Importante<\/h4>\n<ul data-start=\"2077\" data-end=\"2356\">\n<li data-start=\"2077\" data-end=\"2135\">\n<p data-start=\"2079\" data-end=\"2135\"><em><strong>Curso exclusivo para quienes hayan completado el PVMT2<\/strong><\/em><\/p>\n<\/li>\n<li data-start=\"2136\" data-end=\"2155\">\n<p data-start=\"2138\" data-end=\"2155\">Cupos limitados<\/p>\n<\/li>\n<li data-start=\"2156\" data-end=\"2238\">\n<p data-start=\"2158\" data-end=\"2238\">No reserves alojamiento ni vuelos hasta recibir confirmaci\u00f3n oficial del curso<\/p>\n<\/li>\n<li data-start=\"2239\" data-end=\"2356\">\n<p data-start=\"2241\" data-end=\"2356\">Env\u00eda el comprobante de pago de tu reserva a: <a class=\"cursor-pointer\" rel=\"noopener\" data-start=\"2287\" data-end=\"2356\">pvmt@polyvagalbodyworkers.com<\/a><\/p>\n<\/li>\n<\/ul>\n<p>&nbsp;<\/p>\n<hr data-start=\"2358\" data-end=\"2361\" \/>\n<h4 data-start=\"2363\" data-end=\"2384\">\ud83d\udd17 Enlaces \u00fatiles<\/h4>\n<ul data-start=\"2386\" data-end=\"2629\">\n<li data-start=\"2386\" data-end=\"2487\">\n<p data-start=\"2388\" data-end=\"2487\"><a class=\"cursor-pointer\" target=\"_new\" rel=\"noopener\" data-start=\"2388\" data-end=\"2485\">\u00bfQu\u00e9 es la Terapia Manual Polivagal?<\/a><\/p>\n<\/li>\n<li data-start=\"2488\" data-end=\"2559\">\n<p data-start=\"2490\" data-end=\"2559\"><a class=\"\" href=\"https:\/\/www.stephenporges.com\/\" target=\"_new\" rel=\"noopener\" data-start=\"2490\" data-end=\"2557\">Stephen Porges \u2013 Teor\u00eda Polivagal<\/a><\/p>\n<\/li>\n<li data-start=\"2560\" data-end=\"2629\">\n<p data-start=\"2562\" data-end=\"2629\"><a class=\"\" href=\"#\" rel=\"noopener\" data-start=\"2562\" data-end=\"2629\">Pol\u00edtica de Devoluciones y Reembolsos \/ T\u00e9rminos y Condiciones<\/a><\/p>\n<\/li>\n<\/ul>\n<p>&nbsp;<\/p>\n<hr data-start=\"2631\" data-end=\"2634\" \/>\n<h4 data-start=\"2636\" data-end=\"2664\">\u2705 Reserva ahora tu lugar<\/h4>\n<p data-start=\"2666\" data-end=\"2940\">No dejes pasar esta oportunidad de continuar tu formaci\u00f3n en <strong data-start=\"2727\" data-end=\"2770\">Terapia Manual Polivagal CDMX \u2013 PVMT3<\/strong> con el equipo de <strong data-start=\"2788\" data-end=\"2813\">Polyvagal Bodyworkers<\/strong>. Profundiza en el sistema ent\u00e9rico, el cuerpo emocional y la regulaci\u00f3n visceral para transformar a\u00fan m\u00e1s tu pr\u00e1ctica cl\u00ednica.<\/p>\n","protected":false},"excerpt":{"rendered":"<p data-start=\"45\" data-end=\"343\">\u00abSum\u00e9rgete en la revolucionaria Terapia Manual Polivagal con este curso presencial en CDMX, M\u00e9xico. Aprende t\u00e9cnicas avanzadas para evaluar y regular el sistema nervioso aut\u00f3nomo, integrando la teor\u00eda polivagal con la terapia manual. Un entrenamiento esencial para terapeutas manuales que buscan transformar su pr\u00e1ctica. \u00a1Reserva tu lugar ahora!\u00bb<\/p>\n","protected":false},"featured_media":3412,"template":"","meta":[],"product_brand":[],"product_cat":[58,74],"product_tag":[50,81],"class_list":{"0":"post-2372","1":"product","2":"type-product","3":"status-publish","4":"has-post-thumbnail","6":"product_cat-cursos-mexico","7":"product_cat-pvmt3","8":"product_tag-mexico","9":"product_tag-pvmt3","11":"first","12":"instock","13":"taxable","14":"shipping-taxable","15":"purchasable","16":"product-type-variable"},"yoast_head":"<!-- This site is optimized with the Yoast SEO plugin v27.3 - https:\/\/yoast.com\/product\/yoast-seo-wordpress\/ -->\n<title>PVMT3 | CDMX - Polivagal Bodyworkers<\/title>\n<meta name=\"robots\" content=\"index, follow, max-snippet:-1, max-image-preview:large, max-video-preview:-1\" \/>\n<link rel=\"canonical\" href=\"https:\/\/polyvagalbodyworkers.com\/_es\/producto\/reserva-pvmt3-cdmx-mexico\/\" \/>\n<meta property=\"og:locale\" content=\"es_ES\" \/>\n<meta property=\"og:type\" content=\"article\" \/>\n<meta property=\"og:title\" content=\"PVMT3 | CDMX - Polivagal Bodyworkers\" \/>\n<meta property=\"og:description\" content=\"&quot;Sum\u00e9rgete en la revolucionaria Terapia Manual Polivagal con este curso presencial en CDMX, M\u00e9xico. Aprende t\u00e9cnicas avanzadas para evaluar y regular el sistema nervioso aut\u00f3nomo, integrando la teor\u00eda polivagal con la terapia manual. Un entrenamiento esencial para terapeutas manuales que buscan transformar su pr\u00e1ctica. \u00a1Reserva tu lugar ahora!&quot;\" \/>\n<meta property=\"og:url\" content=\"https:\/\/polyvagalbodyworkers.com\/_es\/producto\/reserva-pvmt3-cdmx-mexico\/\" \/>\n<meta property=\"og:site_name\" content=\"Polivagal Bodyworkers\" \/>\n<meta property=\"article:modified_time\" content=\"2026-03-15T20:19:23+00:00\" \/>\n<meta property=\"og:image\" content=\"https:\/\/polyvagalbodyworkers.com\/wp-content\/uploads\/2025\/06\/PVMT3-MAYOCDMX-2026.webp\" \/>\n\t<meta property=\"og:image:width\" content=\"940\" \/>\n\t<meta property=\"og:image:height\" content=\"788\" \/>\n\t<meta property=\"og:image:type\" content=\"image\/webp\" \/>\n<meta name=\"twitter:card\" content=\"summary_large_image\" \/>\n<meta name=\"twitter:label1\" content=\"Tiempo de lectura\" \/>\n\t<meta name=\"twitter:data1\" content=\"2 minutos\" \/>\n<script type=\"application\/ld+json\" class=\"yoast-schema-graph\">{\"@context\":\"https:\\\/\\\/schema.org\",\"@graph\":[{\"@type\":\"WebPage\",\"@id\":\"https:\\\/\\\/polyvagalbodyworkers.com\\\/producto\\\/reserva-pvmt3-cdmx-mexico\\\/\",\"url\":\"https:\\\/\\\/polyvagalbodyworkers.com\\\/producto\\\/reserva-pvmt3-cdmx-mexico\\\/\",\"name\":\"PVMT3 | CDMX - Polivagal Bodyworkers\",\"isPartOf\":{\"@id\":\"https:\\\/\\\/polyvagalbodyworkers.com\\\/#website\"},\"primaryImageOfPage\":{\"@id\":\"https:\\\/\\\/polyvagalbodyworkers.com\\\/producto\\\/reserva-pvmt3-cdmx-mexico\\\/#primaryimage\"},\"image\":{\"@id\":\"https:\\\/\\\/polyvagalbodyworkers.com\\\/producto\\\/reserva-pvmt3-cdmx-mexico\\\/#primaryimage\"},\"thumbnailUrl\":\"https:\\\/\\\/polyvagalbodyworkers.com\\\/wp-content\\\/uploads\\\/2025\\\/06\\\/PVMT3-MAYOCDMX-2026.webp\",\"datePublished\":\"2025-06-16T23:23:20+00:00\",\"dateModified\":\"2026-03-15T20:19:23+00:00\",\"breadcrumb\":{\"@id\":\"https:\\\/\\\/polyvagalbodyworkers.com\\\/producto\\\/reserva-pvmt3-cdmx-mexico\\\/#breadcrumb\"},\"inLanguage\":\"es\",\"potentialAction\":[{\"@type\":\"ReadAction\",\"target\":[\"https:\\\/\\\/polyvagalbodyworkers.com\\\/producto\\\/reserva-pvmt3-cdmx-mexico\\\/\"]}]},{\"@type\":\"ImageObject\",\"inLanguage\":\"es\",\"@id\":\"https:\\\/\\\/polyvagalbodyworkers.com\\\/producto\\\/reserva-pvmt3-cdmx-mexico\\\/#primaryimage\",\"url\":\"https:\\\/\\\/polyvagalbodyworkers.com\\\/wp-content\\\/uploads\\\/2025\\\/06\\\/PVMT3-MAYOCDMX-2026.webp\",\"contentUrl\":\"https:\\\/\\\/polyvagalbodyworkers.com\\\/wp-content\\\/uploads\\\/2025\\\/06\\\/PVMT3-MAYOCDMX-2026.webp\",\"width\":940,\"height\":788,\"caption\":\"Curso presencial PVMT3 en CDMX, formaci\u00f3n en Terapia Manual Polivagal\"},{\"@type\":\"BreadcrumbList\",\"@id\":\"https:\\\/\\\/polyvagalbodyworkers.com\\\/producto\\\/reserva-pvmt3-cdmx-mexico\\\/#breadcrumb\",\"itemListElement\":[{\"@type\":\"ListItem\",\"position\":1,\"name\":\"Portada\",\"item\":\"https:\\\/\\\/polyvagalbodyworkers.com\\\/_es\\\/\"},{\"@type\":\"ListItem\",\"position\":2,\"name\":\"Tienda\",\"item\":\"https:\\\/\\\/polyvagalbodyworkers.com\\\/_es\\\/tienda\\\/\"},{\"@type\":\"ListItem\",\"position\":3,\"name\":\"PVMT3 | CDMX\"}]},{\"@type\":\"WebSite\",\"@id\":\"https:\\\/\\\/polyvagalbodyworkers.com\\\/#website\",\"url\":\"https:\\\/\\\/polyvagalbodyworkers.com\\\/\",\"name\":\"Polivagal Bodyworkers\",\"description\":\"Instituto de Formaci\u00f3n Polivagal para Bodyworkers\",\"publisher\":{\"@id\":\"https:\\\/\\\/polyvagalbodyworkers.com\\\/#organization\"},\"potentialAction\":[{\"@type\":\"SearchAction\",\"target\":{\"@type\":\"EntryPoint\",\"urlTemplate\":\"https:\\\/\\\/polyvagalbodyworkers.com\\\/?s={search_term_string}\"},\"query-input\":{\"@type\":\"PropertyValueSpecification\",\"valueRequired\":true,\"valueName\":\"search_term_string\"}}],\"inLanguage\":\"es\"},{\"@type\":\"Organization\",\"@id\":\"https:\\\/\\\/polyvagalbodyworkers.com\\\/#organization\",\"name\":\"POLYVAGAL BODYWORKERS\",\"url\":\"https:\\\/\\\/polyvagalbodyworkers.com\\\/\",\"logo\":{\"@type\":\"ImageObject\",\"inLanguage\":\"es\",\"@id\":\"https:\\\/\\\/polyvagalbodyworkers.com\\\/#\\\/schema\\\/logo\\\/image\\\/\",\"url\":\"https:\\\/\\\/polyvagalbodyworkers.com\\\/wp-content\\\/uploads\\\/2025\\\/01\\\/Polyvagal-Bodyworkers-LOGO.webp\",\"contentUrl\":\"https:\\\/\\\/polyvagalbodyworkers.com\\\/wp-content\\\/uploads\\\/2025\\\/01\\\/Polyvagal-Bodyworkers-LOGO.webp\",\"width\":1350,\"height\":1350,\"caption\":\"POLYVAGAL BODYWORKERS\"},\"image\":{\"@id\":\"https:\\\/\\\/polyvagalbodyworkers.com\\\/#\\\/schema\\\/logo\\\/image\\\/\"}}]}<\/script>\n<!-- \/ Yoast SEO plugin. -->","yoast_head_json":{"title":"PVMT3 | CDMX - Polivagal Bodyworkers","robots":{"index":"index","follow":"follow","max-snippet":"max-snippet:-1","max-image-preview":"max-image-preview:large","max-video-preview":"max-video-preview:-1"},"canonical":"https:\/\/polyvagalbodyworkers.com\/_es\/producto\/reserva-pvmt3-cdmx-mexico\/","og_locale":"es_ES","og_type":"article","og_title":"PVMT3 | CDMX - Polivagal Bodyworkers","og_description":"\"Sum\u00e9rgete en la revolucionaria Terapia Manual Polivagal con este curso presencial en CDMX, M\u00e9xico. Aprende t\u00e9cnicas avanzadas para evaluar y regular el sistema nervioso aut\u00f3nomo, integrando la teor\u00eda polivagal con la terapia manual. Un entrenamiento esencial para terapeutas manuales que buscan transformar su pr\u00e1ctica. \u00a1Reserva tu lugar ahora!\"","og_url":"https:\/\/polyvagalbodyworkers.com\/_es\/producto\/reserva-pvmt3-cdmx-mexico\/","og_site_name":"Polivagal Bodyworkers","article_modified_time":"2026-03-15T20:19:23+00:00","og_image":[{"width":940,"height":788,"url":"https:\/\/polyvagalbodyworkers.com\/wp-content\/uploads\/2025\/06\/PVMT3-MAYOCDMX-2026.webp","type":"image\/webp"}],"twitter_card":"summary_large_image","twitter_misc":{"Tiempo de lectura":"2 minutos"},"schema":{"@context":"https:\/\/schema.org","@graph":[{"@type":"WebPage","@id":"https:\/\/polyvagalbodyworkers.com\/producto\/reserva-pvmt3-cdmx-mexico\/","url":"https:\/\/polyvagalbodyworkers.com\/producto\/reserva-pvmt3-cdmx-mexico\/","name":"PVMT3 | CDMX - Polivagal Bodyworkers","isPartOf":{"@id":"https:\/\/polyvagalbodyworkers.com\/#website"},"primaryImageOfPage":{"@id":"https:\/\/polyvagalbodyworkers.com\/producto\/reserva-pvmt3-cdmx-mexico\/#primaryimage"},"image":{"@id":"https:\/\/polyvagalbodyworkers.com\/producto\/reserva-pvmt3-cdmx-mexico\/#primaryimage"},"thumbnailUrl":"https:\/\/polyvagalbodyworkers.com\/wp-content\/uploads\/2025\/06\/PVMT3-MAYOCDMX-2026.webp","datePublished":"2025-06-16T23:23:20+00:00","dateModified":"2026-03-15T20:19:23+00:00","breadcrumb":{"@id":"https:\/\/polyvagalbodyworkers.com\/producto\/reserva-pvmt3-cdmx-mexico\/#breadcrumb"},"inLanguage":"es","potentialAction":[{"@type":"ReadAction","target":["https:\/\/polyvagalbodyworkers.com\/producto\/reserva-pvmt3-cdmx-mexico\/"]}]},{"@type":"ImageObject","inLanguage":"es","@id":"https:\/\/polyvagalbodyworkers.com\/producto\/reserva-pvmt3-cdmx-mexico\/#primaryimage","url":"https:\/\/polyvagalbodyworkers.com\/wp-content\/uploads\/2025\/06\/PVMT3-MAYOCDMX-2026.webp","contentUrl":"https:\/\/polyvagalbodyworkers.com\/wp-content\/uploads\/2025\/06\/PVMT3-MAYOCDMX-2026.webp","width":940,"height":788,"caption":"Curso presencial PVMT3 en CDMX, formaci\u00f3n en Terapia Manual Polivagal"},{"@type":"BreadcrumbList","@id":"https:\/\/polyvagalbodyworkers.com\/producto\/reserva-pvmt3-cdmx-mexico\/#breadcrumb","itemListElement":[{"@type":"ListItem","position":1,"name":"Portada","item":"https:\/\/polyvagalbodyworkers.com\/_es\/"},{"@type":"ListItem","position":2,"name":"Tienda","item":"https:\/\/polyvagalbodyworkers.com\/_es\/tienda\/"},{"@type":"ListItem","position":3,"name":"PVMT3 | CDMX"}]},{"@type":"WebSite","@id":"https:\/\/polyvagalbodyworkers.com\/#website","url":"https:\/\/polyvagalbodyworkers.com\/","name":"Polivagal Bodyworkers","description":"Instituto de Formaci\u00f3n Polivagal para Bodyworkers","publisher":{"@id":"https:\/\/polyvagalbodyworkers.com\/#organization"},"potentialAction":[{"@type":"SearchAction","target":{"@type":"EntryPoint","urlTemplate":"https:\/\/polyvagalbodyworkers.com\/?s={search_term_string}"},"query-input":{"@type":"PropertyValueSpecification","valueRequired":true,"valueName":"search_term_string"}}],"inLanguage":"es"},{"@type":"Organization","@id":"https:\/\/polyvagalbodyworkers.com\/#organization","name":"POLYVAGAL BODYWORKERS","url":"https:\/\/polyvagalbodyworkers.com\/","logo":{"@type":"ImageObject","inLanguage":"es","@id":"https:\/\/polyvagalbodyworkers.com\/#\/schema\/logo\/image\/","url":"https:\/\/polyvagalbodyworkers.com\/wp-content\/uploads\/2025\/01\/Polyvagal-Bodyworkers-LOGO.webp","contentUrl":"https:\/\/polyvagalbodyworkers.com\/wp-content\/uploads\/2025\/01\/Polyvagal-Bodyworkers-LOGO.webp","width":1350,"height":1350,"caption":"POLYVAGAL BODYWORKERS"},"image":{"@id":"https:\/\/polyvagalbodyworkers.com\/#\/schema\/logo\/image\/"}}]}},"_links":{"self":[{"href":"https:\/\/polyvagalbodyworkers.com\/_es\/wp-json\/wp\/v2\/product\/2372","targetHints":{"allow":["GET"]}}],"collection":[{"href":"https:\/\/polyvagalbodyworkers.com\/_es\/wp-json\/wp\/v2\/product"}],"about":[{"href":"https:\/\/polyvagalbodyworkers.com\/_es\/wp-json\/wp\/v2\/types\/product"}],"wp:featuredmedia":[{"embeddable":true,"href":"https:\/\/polyvagalbodyworkers.com\/_es\/wp-json\/wp\/v2\/media\/3412"}],"wp:attachment":[{"href":"https:\/\/polyvagalbodyworkers.com\/_es\/wp-json\/wp\/v2\/media?parent=2372"}],"wp:term":[{"taxonomy":"product_brand","embeddable":true,"href":"https:\/\/polyvagalbodyworkers.com\/_es\/wp-json\/wp\/v2\/product_brand?post=2372"},{"taxonomy":"product_cat","embeddable":true,"href":"https:\/\/polyvagalbodyworkers.com\/_es\/wp-json\/wp\/v2\/product_cat?post=2372"},{"taxonomy":"product_tag","embeddable":true,"href":"https:\/\/polyvagalbodyworkers.com\/_es\/wp-json\/wp\/v2\/product_tag?post=2372"}],"curies":[{"name":"wp","href":"https:\/\/api.w.org\/{rel}","templated":true}]}}