{"id":3561,"date":"2026-02-21T22:52:28","date_gmt":"2026-02-21T22:52:28","guid":{"rendered":"https:\/\/polyvagalbodyworkers.com\/?post_type=product&#038;p=3561"},"modified":"2026-03-15T20:15:34","modified_gmt":"2026-03-15T20:15:34","slug":"reserva-pvmt2-cordoba-argentina","status":"publish","type":"product","link":"https:\/\/polyvagalbodyworkers.com\/_es\/producto\/reserva-pvmt2-cordoba-argentina\/","title":{"rendered":"PVMT2 | C\u00f3rdoba"},"content":{"rendered":"<h2 data-start=\"484\" data-end=\"545\">\ud83e\udde0 Terapia Manual Polivagal PVMT2 Cordoba \u2013 Abril 2026<\/h2>\n<p data-start=\"547\" data-end=\"820\">Es un curso avanzado e intensivo dirigido a terapeutas manuales que ya han completado el nivel 1 (PVMT1) y desean seguir desarrollando su pr\u00e1ctica profesional en el abordaje del sistema nervioso aut\u00f3nomo desde la terapia manual.<\/p>\n<p data-start=\"822\" data-end=\"1179\">Durante la formaci\u00f3n, profundizar\u00e1s en el sistema nervioso aut\u00f3nomo craneal, las estructuras vasculares del enc\u00e9falo y su relaci\u00f3n con los pares craneales como el nervio vago, trig\u00e9mino y glosofar\u00edngeo. Tambi\u00e9n se exploran el desarrollo embriol\u00f3gico cerebral y su impacto en la organizaci\u00f3n auton\u00f3mica adulta.<\/p>\n<p data-start=\"1181\" data-end=\"1439\">Este curso ofrece herramientas cl\u00ednicas avanzadas, abordajes manuales espec\u00edficos y una comprensi\u00f3n ampliada del funcionamiento del sistema nervioso. Aprender\u00e1s a intervenir de forma respetuosa, precisa y eficaz sobre zonas clave de la regulaci\u00f3n auton\u00f3mica.<\/p>\n<p data-start=\"1441\" data-end=\"1675\">Al finalizar la <strong data-start=\"1457\" data-end=\"1501\">Terapia Manual Polivagal PVMT2 Cordoba<\/strong>, habr\u00e1s integrado un nivel m\u00e1s profundo de conocimiento y pr\u00e1ctica cl\u00ednica, listo para aplicar en casos complejos que requieren una intervenci\u00f3n terap\u00e9utica de alta calidad.<\/p>\n<p>&nbsp;<\/p>\n<hr data-start=\"1260\" data-end=\"1263\" \/>\n<h4 data-start=\"183\" data-end=\"211\">\ud83d\udcc5 Informaci\u00f3n del Curso<\/h4>\n<ul data-start=\"213\" data-end=\"787\">\n<li data-start=\"213\" data-end=\"279\">\n<p data-start=\"215\" data-end=\"279\"><strong data-start=\"215\" data-end=\"226\">Fechas: 16<\/strong>, 17 y 18 de Abril de 2026<\/p>\n<\/li>\n<li data-start=\"281\" data-end=\"428\">\n<p data-start=\"283\" data-end=\"428\"><strong data-start=\"283\" data-end=\"295\">Horario: <\/strong>De 9:00 a 13:00 y de 14:30 a 17:30 h<br data-start=\"358\" data-end=\"361\" \/>\u00a0\u00a0\u00a0\u00a0<em data-start=\"385\" data-end=\"428\">(Registro el primer d\u00eda a las 8:30 a.\u202fm.)<\/em><\/p>\n<\/li>\n<li data-start=\"430\" data-end=\"487\">\n<p data-start=\"432\" data-end=\"487\"><strong data-start=\"432\" data-end=\"446\">Ubicaci\u00f3n: <\/strong>Cordoba, Argentina.<\/p>\n<\/li>\n<li data-start=\"489\" data-end=\"542\">\n<p data-start=\"491\" data-end=\"542\"><strong data-start=\"491\" data-end=\"505\">Modalidad: <\/strong>Presencial<\/p>\n<\/li>\n<li data-start=\"544\" data-end=\"615\">\n<p data-start=\"546\" data-end=\"615\"><strong data-start=\"546\" data-end=\"559\">Duraci\u00f3n: <\/strong>3 d\u00edas de formaci\u00f3n intensiva<\/p>\n<\/li>\n<li data-start=\"617\" data-end=\"787\">\n<p data-start=\"619\" data-end=\"787\"><strong data-start=\"619\" data-end=\"631\">Incluye: <\/strong>Diploma oficial, gu\u00eda de estudio y acceso a la plataforma privada de estudiantes<\/p>\n<\/li>\n<\/ul>\n<p>&nbsp;<\/p>\n<hr data-start=\"1516\" data-end=\"1519\" \/>\n<h4 data-start=\"1521\" data-end=\"1537\">\ud83d\udcb0 Inversi\u00f3n y formas de pago.-<\/h4>\n<ul>\n<li><strong data-start=\"1272\" data-end=\"1329\">\u2705 <\/strong><strong data-start=\"1334\" data-end=\"1345\">650 US d\u00f3lares <\/strong>\u00a0en total.<\/li>\n<li>Reserva con $150 US Dolares y liquida en efectivo lo restante el d\u00eda del curso.<\/li>\n<\/ul>\n<p>&nbsp;<\/p>\n<hr data-start=\"1421\" data-end=\"1424\" \/>\n<h4 data-start=\"1426\" data-end=\"1456\">\ud83d\udd39 Para reservar tu lugar:<\/h4>\n<p data-start=\"1458\" data-end=\"1530\"><strong data-start=\"1458\" data-end=\"1530\">Paso 1: Realiza una transferencia de 150 US d\u00f3lares a los siguientes datos:<\/strong><\/p>\n<ul data-start=\"1532\" data-end=\"1690\">\n<li data-start=\"1532\" data-end=\"1570\">\n<p data-start=\"1534\" data-end=\"1570\"><strong data-start=\"1534\" data-end=\"1545\">Nombre:<\/strong> Mat\u00edas Fernando Chahab<\/p>\n<\/li>\n<li data-start=\"1571\" data-end=\"1593\">\n<p data-start=\"1573\" data-end=\"1593\"><strong data-start=\"1573\" data-end=\"1583\">Banco:<\/strong> Galicia<\/p>\n<\/li>\n<li data-start=\"1594\" data-end=\"1630\">\n<p data-start=\"1596\" data-end=\"1630\"><strong data-start=\"1596\" data-end=\"1604\">CBU:<\/strong> 00701286-31004007568183<\/p>\n<\/li>\n<li data-start=\"1631\" data-end=\"1664\">\n<p data-start=\"1633\" data-end=\"1664\"><strong data-start=\"1633\" data-end=\"1643\">ALIAS:<\/strong> CUEVA.CEREAL.NOGAL<\/p>\n<\/li>\n<li data-start=\"1665\" data-end=\"1690\">\n<p data-start=\"1667\" data-end=\"1690\"><strong data-start=\"1667\" data-end=\"1676\">CUIL:<\/strong> 20-28279125-1<\/p>\n<\/li>\n<\/ul>\n<p data-start=\"1692\" data-end=\"1810\"><strong data-start=\"1692\" data-end=\"1703\">Paso 2:<\/strong> Env\u00eda el comprobante de tu reserva a <a class=\"cursor-pointer\" rel=\"noopener\" data-start=\"1741\" data-end=\"1810\">pvmt@polyvagalbodyworkers.com<\/a><\/p>\n<p>&nbsp;<\/p>\n<hr data-start=\"1812\" data-end=\"1815\" \/>\n<h4 data-start=\"1817\" data-end=\"1888\">\ud83d\udcb5 El resto del valor se abona en efectivo el primer d\u00eda del curso:<\/h4>\n<ul data-start=\"1890\" data-end=\"1994\">\n<li data-start=\"1940\" data-end=\"1994\">\n<p data-start=\"1942\" data-end=\"1994\"><strong data-start=\"1946\" data-end=\"1953\">500 USD d\u00f3lares<\/strong> .<\/p>\n<\/li>\n<\/ul>\n<p>&nbsp;<\/p>\n<hr data-start=\"1706\" data-end=\"1709\" \/>\n<h4 data-start=\"1711\" data-end=\"1728\">\u26a0\ufe0f Importante<\/h4>\n<ul data-start=\"1730\" data-end=\"1952\">\n<li data-start=\"1730\" data-end=\"1750\">\n<p data-start=\"1732\" data-end=\"1750\">Cupos limitados.<\/p>\n<\/li>\n<li data-start=\"1751\" data-end=\"1834\">\n<p data-start=\"1753\" data-end=\"1834\">Recomendamos no reservar alojamiento ni vuelos hasta recibir confirmaci\u00f3n oficial del curso.<\/p>\n<\/li>\n<li data-start=\"1835\" data-end=\"1952\">\n<p data-start=\"1837\" data-end=\"1952\">Env\u00eda el comprobante de pago de tu reserva a: <strong><a class=\"cursor-pointer\" rel=\"noopener\" data-start=\"1883\" data-end=\"1952\">pvmt@polyvagalbodyworkers.com<\/a><\/strong><\/p>\n<\/li>\n<\/ul>\n<p>&nbsp;<\/p>\n<hr data-start=\"1954\" data-end=\"1957\" \/>\n<h4 data-start=\"1959\" data-end=\"1980\">\ud83d\udd17 Enlaces \u00fatiles<\/h4>\n<ul data-start=\"1982\" data-end=\"2153\">\n<li data-start=\"1982\" data-end=\"2083\">\n<p data-start=\"1984\" data-end=\"2083\"><a class=\"cursor-pointer\" href=\"https:\/\/polyvagalbodyworkers.com\/faq-items\/que-es-la-terapia-manual-polivagal-y-como-puede-ayudarte\/\" rel=\"noopener\" data-start=\"1984\" data-end=\"2081\">\u00bfQu\u00e9 es la Terapia Manual Polivagal?<\/a><\/p>\n<\/li>\n<li data-start=\"2084\" data-end=\"2153\">\n<p data-start=\"2086\" data-end=\"2153\"><a class=\"\" href=\"https:\/\/www.stephenporges.com\/\" target=\"_new\" rel=\"noopener\" data-start=\"2086\" data-end=\"2153\">Stephen Porges \u2013 Teor\u00eda Polivagal<\/a><\/p>\n<\/li>\n<li data-start=\"2084\" data-end=\"2153\"><a href=\"https:\/\/polyvagalbodyworkers.com\/reembolso_devoluciones\/\">Pol\u00edtica de Devoluciones y Reembolsos.<\/a>\u00a0 \/ \u00a0<a href=\"https:\/\/polyvagalbodyworkers.com\/terminos-y-condiciones\/\">T\u00e9rminos y Condiciones.<\/a><\/li>\n<\/ul>\n<p>&nbsp;<\/p>\n<hr data-start=\"2155\" data-end=\"2158\" \/>\n<h4 data-start=\"2160\" data-end=\"2188\">\u2705 Reserva ahora tu lugar<\/h4>\n<p data-start=\"2190\" data-end=\"2450\">No dejes pasar esta oportunidad de formarte en <strong data-start=\"2237\" data-end=\"2272\">Terapia Manual Polivagal Cordoba (Argentina)<\/strong>\u00a0con el equipo de <strong data-start=\"2290\" data-end=\"2315\">Polyvagal Bodyworkers<\/strong>. Transforma tu pr\u00e1ctica, ampl\u00eda tus herramientas terap\u00e9uticas y acompa\u00f1a de forma m\u00e1s profunda los procesos de salud de tus pacientes.<\/p>\n","protected":false},"excerpt":{"rendered":"<p data-start=\"45\" data-end=\"343\">Profundiza en la Terapia Manual Polivagal 2 con este curso avanzado en Cordoba. Aprende a intervenir estructuras clave del sistema nervioso aut\u00f3nomo y mejora tus resultados cl\u00ednicos. Exclusivo para quienes completaron PVMT1. \u00a1Reserva tu lugar ahora!<\/p>\n","protected":false},"featured_media":3540,"template":"","meta":[],"product_brand":[],"product_cat":[56,47],"product_tag":[61,80],"class_list":{"0":"post-3561","1":"product","2":"type-product","3":"status-publish","4":"has-post-thumbnail","6":"product_cat-cursos-argentina","7":"product_cat-pvmt2","8":"product_tag-argentina","9":"product_tag-pvmt2","11":"first","12":"instock","13":"featured","14":"taxable","15":"shipping-taxable","16":"purchasable","17":"product-type-simple"},"yoast_head":"<!-- This site is optimized with the Yoast SEO plugin v27.3 - https:\/\/yoast.com\/product\/yoast-seo-wordpress\/ -->\n<title>Terapia Manual Polivagal PVMT2 Cordoba- Abril 2026<\/title>\n<meta name=\"description\" content=\"Curso PVMT2 de Terapia Manual Polivagal en Cordoba. Aprende a intervenir el sistema nervioso craneal. Inscr\u00edbete y transforma tu pr\u00e1ctica.\" \/>\n<meta name=\"robots\" content=\"index, follow, max-snippet:-1, max-image-preview:large, max-video-preview:-1\" \/>\n<link rel=\"canonical\" href=\"https:\/\/polyvagalbodyworkers.com\/_es\/producto\/reserva-pvmt2-cordoba-argentina\/\" \/>\n<meta property=\"og:locale\" content=\"es_ES\" \/>\n<meta property=\"og:type\" content=\"article\" \/>\n<meta property=\"og:title\" content=\"Terapia Manual Polivagal PVMT2 Cordoba- Abril 2026\" \/>\n<meta property=\"og:description\" content=\"Curso PVMT2 de Terapia Manual Polivagal en Cordoba. Aprende a intervenir el sistema nervioso craneal. Inscr\u00edbete y transforma tu pr\u00e1ctica.\" \/>\n<meta property=\"og:url\" content=\"https:\/\/polyvagalbodyworkers.com\/_es\/producto\/reserva-pvmt2-cordoba-argentina\/\" \/>\n<meta property=\"og:site_name\" content=\"Polivagal Bodyworkers\" \/>\n<meta property=\"article:modified_time\" content=\"2026-03-15T20:15:34+00:00\" \/>\n<meta property=\"og:image\" content=\"https:\/\/polyvagalbodyworkers.com\/wp-content\/uploads\/2025\/11\/PVMT2-Cordoba-Abril.webp\" \/>\n\t<meta property=\"og:image:width\" content=\"940\" \/>\n\t<meta property=\"og:image:height\" content=\"788\" \/>\n\t<meta property=\"og:image:type\" content=\"image\/webp\" \/>\n<meta name=\"twitter:card\" content=\"summary_large_image\" \/>\n<meta name=\"twitter:label1\" content=\"Tiempo de lectura\" \/>\n\t<meta name=\"twitter:data1\" content=\"2 minutos\" \/>\n<script type=\"application\/ld+json\" class=\"yoast-schema-graph\">{\"@context\":\"https:\\\/\\\/schema.org\",\"@graph\":[{\"@type\":\"WebPage\",\"@id\":\"https:\\\/\\\/polyvagalbodyworkers.com\\\/producto\\\/reserva-pvmt2-cordoba-argentina\\\/\",\"url\":\"https:\\\/\\\/polyvagalbodyworkers.com\\\/producto\\\/reserva-pvmt2-cordoba-argentina\\\/\",\"name\":\"Terapia Manual Polivagal PVMT2 Cordoba- Abril 2026\",\"isPartOf\":{\"@id\":\"https:\\\/\\\/polyvagalbodyworkers.com\\\/#website\"},\"primaryImageOfPage\":{\"@id\":\"https:\\\/\\\/polyvagalbodyworkers.com\\\/producto\\\/reserva-pvmt2-cordoba-argentina\\\/#primaryimage\"},\"image\":{\"@id\":\"https:\\\/\\\/polyvagalbodyworkers.com\\\/producto\\\/reserva-pvmt2-cordoba-argentina\\\/#primaryimage\"},\"thumbnailUrl\":\"https:\\\/\\\/polyvagalbodyworkers.com\\\/wp-content\\\/uploads\\\/2025\\\/11\\\/PVMT2-Cordoba-Abril.webp\",\"datePublished\":\"2026-02-21T22:52:28+00:00\",\"dateModified\":\"2026-03-15T20:15:34+00:00\",\"description\":\"Curso PVMT2 de Terapia Manual Polivagal en Cordoba. Aprende a intervenir el sistema nervioso craneal. Inscr\u00edbete y transforma tu pr\u00e1ctica.\",\"breadcrumb\":{\"@id\":\"https:\\\/\\\/polyvagalbodyworkers.com\\\/producto\\\/reserva-pvmt2-cordoba-argentina\\\/#breadcrumb\"},\"inLanguage\":\"es\",\"potentialAction\":[{\"@type\":\"ReadAction\",\"target\":[\"https:\\\/\\\/polyvagalbodyworkers.com\\\/producto\\\/reserva-pvmt2-cordoba-argentina\\\/\"]}]},{\"@type\":\"ImageObject\",\"inLanguage\":\"es\",\"@id\":\"https:\\\/\\\/polyvagalbodyworkers.com\\\/producto\\\/reserva-pvmt2-cordoba-argentina\\\/#primaryimage\",\"url\":\"https:\\\/\\\/polyvagalbodyworkers.com\\\/wp-content\\\/uploads\\\/2025\\\/11\\\/PVMT2-Cordoba-Abril.webp\",\"contentUrl\":\"https:\\\/\\\/polyvagalbodyworkers.com\\\/wp-content\\\/uploads\\\/2025\\\/11\\\/PVMT2-Cordoba-Abril.webp\",\"width\":940,\"height\":788},{\"@type\":\"BreadcrumbList\",\"@id\":\"https:\\\/\\\/polyvagalbodyworkers.com\\\/producto\\\/reserva-pvmt2-cordoba-argentina\\\/#breadcrumb\",\"itemListElement\":[{\"@type\":\"ListItem\",\"position\":1,\"name\":\"Portada\",\"item\":\"https:\\\/\\\/polyvagalbodyworkers.com\\\/_es\\\/\"},{\"@type\":\"ListItem\",\"position\":2,\"name\":\"Tienda\",\"item\":\"https:\\\/\\\/polyvagalbodyworkers.com\\\/_es\\\/tienda\\\/\"},{\"@type\":\"ListItem\",\"position\":3,\"name\":\"PVMT2 | C\u00f3rdoba\"}]},{\"@type\":\"WebSite\",\"@id\":\"https:\\\/\\\/polyvagalbodyworkers.com\\\/#website\",\"url\":\"https:\\\/\\\/polyvagalbodyworkers.com\\\/\",\"name\":\"Polivagal Bodyworkers\",\"description\":\"Instituto de Formaci\u00f3n Polivagal para Bodyworkers\",\"publisher\":{\"@id\":\"https:\\\/\\\/polyvagalbodyworkers.com\\\/#organization\"},\"potentialAction\":[{\"@type\":\"SearchAction\",\"target\":{\"@type\":\"EntryPoint\",\"urlTemplate\":\"https:\\\/\\\/polyvagalbodyworkers.com\\\/?s={search_term_string}\"},\"query-input\":{\"@type\":\"PropertyValueSpecification\",\"valueRequired\":true,\"valueName\":\"search_term_string\"}}],\"inLanguage\":\"es\"},{\"@type\":\"Organization\",\"@id\":\"https:\\\/\\\/polyvagalbodyworkers.com\\\/#organization\",\"name\":\"POLYVAGAL BODYWORKERS\",\"url\":\"https:\\\/\\\/polyvagalbodyworkers.com\\\/\",\"logo\":{\"@type\":\"ImageObject\",\"inLanguage\":\"es\",\"@id\":\"https:\\\/\\\/polyvagalbodyworkers.com\\\/#\\\/schema\\\/logo\\\/image\\\/\",\"url\":\"https:\\\/\\\/polyvagalbodyworkers.com\\\/wp-content\\\/uploads\\\/2025\\\/01\\\/Polyvagal-Bodyworkers-LOGO.webp\",\"contentUrl\":\"https:\\\/\\\/polyvagalbodyworkers.com\\\/wp-content\\\/uploads\\\/2025\\\/01\\\/Polyvagal-Bodyworkers-LOGO.webp\",\"width\":1350,\"height\":1350,\"caption\":\"POLYVAGAL BODYWORKERS\"},\"image\":{\"@id\":\"https:\\\/\\\/polyvagalbodyworkers.com\\\/#\\\/schema\\\/logo\\\/image\\\/\"}}]}<\/script>\n<!-- \/ Yoast SEO plugin. -->","yoast_head_json":{"title":"Terapia Manual Polivagal PVMT2 Cordoba- Abril 2026","description":"Curso PVMT2 de Terapia Manual Polivagal en Cordoba. Aprende a intervenir el sistema nervioso craneal. Inscr\u00edbete y transforma tu pr\u00e1ctica.","robots":{"index":"index","follow":"follow","max-snippet":"max-snippet:-1","max-image-preview":"max-image-preview:large","max-video-preview":"max-video-preview:-1"},"canonical":"https:\/\/polyvagalbodyworkers.com\/_es\/producto\/reserva-pvmt2-cordoba-argentina\/","og_locale":"es_ES","og_type":"article","og_title":"Terapia Manual Polivagal PVMT2 Cordoba- Abril 2026","og_description":"Curso PVMT2 de Terapia Manual Polivagal en Cordoba. Aprende a intervenir el sistema nervioso craneal. Inscr\u00edbete y transforma tu pr\u00e1ctica.","og_url":"https:\/\/polyvagalbodyworkers.com\/_es\/producto\/reserva-pvmt2-cordoba-argentina\/","og_site_name":"Polivagal Bodyworkers","article_modified_time":"2026-03-15T20:15:34+00:00","og_image":[{"width":940,"height":788,"url":"https:\/\/polyvagalbodyworkers.com\/wp-content\/uploads\/2025\/11\/PVMT2-Cordoba-Abril.webp","type":"image\/webp"}],"twitter_card":"summary_large_image","twitter_misc":{"Tiempo de lectura":"2 minutos"},"schema":{"@context":"https:\/\/schema.org","@graph":[{"@type":"WebPage","@id":"https:\/\/polyvagalbodyworkers.com\/producto\/reserva-pvmt2-cordoba-argentina\/","url":"https:\/\/polyvagalbodyworkers.com\/producto\/reserva-pvmt2-cordoba-argentina\/","name":"Terapia Manual Polivagal PVMT2 Cordoba- Abril 2026","isPartOf":{"@id":"https:\/\/polyvagalbodyworkers.com\/#website"},"primaryImageOfPage":{"@id":"https:\/\/polyvagalbodyworkers.com\/producto\/reserva-pvmt2-cordoba-argentina\/#primaryimage"},"image":{"@id":"https:\/\/polyvagalbodyworkers.com\/producto\/reserva-pvmt2-cordoba-argentina\/#primaryimage"},"thumbnailUrl":"https:\/\/polyvagalbodyworkers.com\/wp-content\/uploads\/2025\/11\/PVMT2-Cordoba-Abril.webp","datePublished":"2026-02-21T22:52:28+00:00","dateModified":"2026-03-15T20:15:34+00:00","description":"Curso PVMT2 de Terapia Manual Polivagal en Cordoba. Aprende a intervenir el sistema nervioso craneal. Inscr\u00edbete y transforma tu pr\u00e1ctica.","breadcrumb":{"@id":"https:\/\/polyvagalbodyworkers.com\/producto\/reserva-pvmt2-cordoba-argentina\/#breadcrumb"},"inLanguage":"es","potentialAction":[{"@type":"ReadAction","target":["https:\/\/polyvagalbodyworkers.com\/producto\/reserva-pvmt2-cordoba-argentina\/"]}]},{"@type":"ImageObject","inLanguage":"es","@id":"https:\/\/polyvagalbodyworkers.com\/producto\/reserva-pvmt2-cordoba-argentina\/#primaryimage","url":"https:\/\/polyvagalbodyworkers.com\/wp-content\/uploads\/2025\/11\/PVMT2-Cordoba-Abril.webp","contentUrl":"https:\/\/polyvagalbodyworkers.com\/wp-content\/uploads\/2025\/11\/PVMT2-Cordoba-Abril.webp","width":940,"height":788},{"@type":"BreadcrumbList","@id":"https:\/\/polyvagalbodyworkers.com\/producto\/reserva-pvmt2-cordoba-argentina\/#breadcrumb","itemListElement":[{"@type":"ListItem","position":1,"name":"Portada","item":"https:\/\/polyvagalbodyworkers.com\/_es\/"},{"@type":"ListItem","position":2,"name":"Tienda","item":"https:\/\/polyvagalbodyworkers.com\/_es\/tienda\/"},{"@type":"ListItem","position":3,"name":"PVMT2 | C\u00f3rdoba"}]},{"@type":"WebSite","@id":"https:\/\/polyvagalbodyworkers.com\/#website","url":"https:\/\/polyvagalbodyworkers.com\/","name":"Polivagal Bodyworkers","description":"Instituto de Formaci\u00f3n Polivagal para Bodyworkers","publisher":{"@id":"https:\/\/polyvagalbodyworkers.com\/#organization"},"potentialAction":[{"@type":"SearchAction","target":{"@type":"EntryPoint","urlTemplate":"https:\/\/polyvagalbodyworkers.com\/?s={search_term_string}"},"query-input":{"@type":"PropertyValueSpecification","valueRequired":true,"valueName":"search_term_string"}}],"inLanguage":"es"},{"@type":"Organization","@id":"https:\/\/polyvagalbodyworkers.com\/#organization","name":"POLYVAGAL BODYWORKERS","url":"https:\/\/polyvagalbodyworkers.com\/","logo":{"@type":"ImageObject","inLanguage":"es","@id":"https:\/\/polyvagalbodyworkers.com\/#\/schema\/logo\/image\/","url":"https:\/\/polyvagalbodyworkers.com\/wp-content\/uploads\/2025\/01\/Polyvagal-Bodyworkers-LOGO.webp","contentUrl":"https:\/\/polyvagalbodyworkers.com\/wp-content\/uploads\/2025\/01\/Polyvagal-Bodyworkers-LOGO.webp","width":1350,"height":1350,"caption":"POLYVAGAL BODYWORKERS"},"image":{"@id":"https:\/\/polyvagalbodyworkers.com\/#\/schema\/logo\/image\/"}}]}},"_links":{"self":[{"href":"https:\/\/polyvagalbodyworkers.com\/_es\/wp-json\/wp\/v2\/product\/3561","targetHints":{"allow":["GET"]}}],"collection":[{"href":"https:\/\/polyvagalbodyworkers.com\/_es\/wp-json\/wp\/v2\/product"}],"about":[{"href":"https:\/\/polyvagalbodyworkers.com\/_es\/wp-json\/wp\/v2\/types\/product"}],"wp:featuredmedia":[{"embeddable":true,"href":"https:\/\/polyvagalbodyworkers.com\/_es\/wp-json\/wp\/v2\/media\/3540"}],"wp:attachment":[{"href":"https:\/\/polyvagalbodyworkers.com\/_es\/wp-json\/wp\/v2\/media?parent=3561"}],"wp:term":[{"taxonomy":"product_brand","embeddable":true,"href":"https:\/\/polyvagalbodyworkers.com\/_es\/wp-json\/wp\/v2\/product_brand?post=3561"},{"taxonomy":"product_cat","embeddable":true,"href":"https:\/\/polyvagalbodyworkers.com\/_es\/wp-json\/wp\/v2\/product_cat?post=3561"},{"taxonomy":"product_tag","embeddable":true,"href":"https:\/\/polyvagalbodyworkers.com\/_es\/wp-json\/wp\/v2\/product_tag?post=3561"}],"curies":[{"name":"wp","href":"https:\/\/api.w.org\/{rel}","templated":true}]}}