{"id":3562,"date":"2026-02-21T22:57:28","date_gmt":"2026-02-21T22:57:28","guid":{"rendered":"https:\/\/polyvagalbodyworkers.com\/?post_type=product&#038;p=3562"},"modified":"2026-03-15T19:02:56","modified_gmt":"2026-03-15T19:02:56","slug":"reserva-pvmt4-cordoba-argentina","status":"publish","type":"product","link":"https:\/\/polyvagalbodyworkers.com\/_es\/producto\/reserva-pvmt4-cordoba-argentina\/","title":{"rendered":"PVMT4 | C\u00f3rdoba"},"content":{"rendered":"<h2 data-start=\"200\" data-end=\"263\">\ud83e\udde0 Terapia Manual Polivagal PVMT4 C\u00f3rdoba, Argentina<\/h2>\n<p data-start=\"265\" data-end=\"637\"><strong data-start=\"265\" data-end=\"309\">Terapia Manual Polivagal PVMT4 C\u00f3rdoba<\/strong>\u00a0es el cuarto nivel de la formaci\u00f3n y se centra en el abordaje manual y emocional del <strong data-start=\"395\" data-end=\"427\">sistema parasimp\u00e1tico sacral<\/strong>, los <strong data-start=\"433\" data-end=\"453\">\u00f3rganos p\u00e9lvicos<\/strong> y el impacto de los <strong data-start=\"474\" data-end=\"507\">traumas sexuales y culturales <\/strong>sobre la fisiolog\u00eda humana. Es un m\u00f3dulo profundamente cl\u00ednico y transformador, exclusivo para quienes hayan completado el PVMT3.<\/p>\n<p data-start=\"639\" data-end=\"1035\">Durante la <strong data-start=\"650\" data-end=\"704\">formaci\u00f3n Terapia Manual Polivagal PVMT4 C\u00f3rdoba<\/strong>, estudiar\u00e1s c\u00f3mo el sistema nervioso aut\u00f3nomo expresa bloqueos a trav\u00e9s del aparato reproductivo, la zona p\u00e9lvica, la sexualidad y la memoria emocional. Se integran herramientas cl\u00ednicas para comprender y abordar los traumas vinculados al contacto \u00edntimo, la cultura, la historia personal y las emociones almacenadas en el cuerpo.<\/p>\n<p data-start=\"1037\" data-end=\"1264\">Explorar\u00e1s el papel de los sentimientos en la construcci\u00f3n de la memoria, el rol del terapeuta manual en el acompa\u00f1amiento psicol\u00f3gico del paciente, la homeostasis cultural, y el uso de la suplementaci\u00f3n como apoyo terap\u00e9utico.<\/p>\n<p>&nbsp;<\/p>\n<hr data-start=\"1266\" data-end=\"1269\" \/>\n<h4 data-start=\"1271\" data-end=\"1301\">\ud83d\udd2c Tratamientos Destacados<\/h4>\n<ul data-start=\"1303\" data-end=\"1693\">\n<li data-start=\"1303\" data-end=\"1354\">\n<p data-start=\"1305\" data-end=\"1354\">Regulaci\u00f3n del <strong data-start=\"1320\" data-end=\"1352\">sistema parasimp\u00e1tico sacral<\/strong><\/p>\n<\/li>\n<li data-start=\"1355\" data-end=\"1379\">\n<p data-start=\"1357\" data-end=\"1379\">Zona <strong data-start=\"1362\" data-end=\"1377\">Cannon-B\u00f6hm<\/strong><\/p>\n<\/li>\n<li data-start=\"1380\" data-end=\"1435\">\n<p data-start=\"1382\" data-end=\"1435\"><strong data-start=\"1382\" data-end=\"1403\">Flexura espl\u00e9nica<\/strong>, colon descendente, sigmoideo<\/p>\n<\/li>\n<li data-start=\"1436\" data-end=\"1484\">\n<p data-start=\"1438\" data-end=\"1484\">Plexo espl\u00e1cnico sacral y <strong data-start=\"1464\" data-end=\"1482\">nervio ci\u00e1tico<\/strong><\/p>\n<\/li>\n<li data-start=\"1485\" data-end=\"1540\">\n<p data-start=\"1487\" data-end=\"1540\"><strong data-start=\"1487\" data-end=\"1517\">Nervios cluneales mediales<\/strong> y <strong data-start=\"1520\" data-end=\"1538\">nervio pudendo<\/strong><\/p>\n<\/li>\n<li data-start=\"1541\" data-end=\"1596\">\n<p data-start=\"1543\" data-end=\"1596\">Tratamiento neurol\u00f3gico de los <strong data-start=\"1574\" data-end=\"1594\">\u00f3rganos p\u00e9lvicos<\/strong><\/p>\n<\/li>\n<li data-start=\"1597\" data-end=\"1626\">\n<p data-start=\"1599\" data-end=\"1626\"><strong data-start=\"1599\" data-end=\"1624\">Plexos sacro y lumbar<\/strong><\/p>\n<\/li>\n<li data-start=\"1627\" data-end=\"1693\">\n<p data-start=\"1629\" data-end=\"1693\"><strong data-start=\"1629\" data-end=\"1669\">Tratamiento emocional y sentimental:<\/strong> estimulaci\u00f3n y descarga<\/p>\n<\/li>\n<\/ul>\n<p>&nbsp;<\/p>\n<hr data-start=\"1695\" data-end=\"1698\" \/>\n<h4 data-start=\"183\" data-end=\"211\">\ud83d\udcc5 Informaci\u00f3n del Curso<\/h4>\n<ul data-start=\"213\" data-end=\"787\">\n<li data-start=\"213\" data-end=\"279\">\n<p data-start=\"215\" data-end=\"279\"><strong data-start=\"215\" data-end=\"226\">Fechas: <\/strong>19, 20 y 21 de abril de 2026<\/p>\n<\/li>\n<li data-start=\"281\" data-end=\"428\">\n<p data-start=\"283\" data-end=\"428\"><strong data-start=\"283\" data-end=\"295\">Horario: <\/strong>De 9:00 a 13:00 y de 14:30 a 17:30 h<br data-start=\"358\" data-end=\"361\" \/>\u00a0\u00a0\u00a0\u00a0<em data-start=\"385\" data-end=\"428\">(Registro el primer d\u00eda a las 8:30 a.\u202fm.)<\/em><\/p>\n<\/li>\n<li data-start=\"430\" data-end=\"487\">\n<p data-start=\"432\" data-end=\"487\"><strong data-start=\"432\" data-end=\"446\">Ubicaci\u00f3n: <\/strong>C\u00f3rdoba, Argentina.<\/p>\n<\/li>\n<li data-start=\"489\" data-end=\"542\">\n<p data-start=\"491\" data-end=\"542\"><strong data-start=\"491\" data-end=\"505\">Modalidad: <\/strong>Presencial<\/p>\n<\/li>\n<li data-start=\"544\" data-end=\"615\">\n<p data-start=\"546\" data-end=\"615\"><strong data-start=\"546\" data-end=\"559\">Duraci\u00f3n: <\/strong>3 d\u00edas de formaci\u00f3n intensiva<\/p>\n<\/li>\n<li data-start=\"617\" data-end=\"787\">\n<p data-start=\"619\" data-end=\"787\"><strong data-start=\"619\" data-end=\"631\">Incluye: <\/strong>Diploma oficial, gu\u00eda de estudio y acceso a la plataforma privada de estudiantes.<\/p>\n<\/li>\n<\/ul>\n<p>&nbsp;<\/p>\n<hr data-start=\"1964\" data-end=\"1967\" \/>\n<h4 data-start=\"2158\" data-end=\"2176\">\ud83d\udc68\u200d\ud83c\udfeb Profesor<\/h4>\n<ul data-start=\"2178\" data-end=\"2276\">\n<li data-start=\"2178\" data-end=\"2276\">\n<p data-start=\"2180\" data-end=\"2276\"><strong data-start=\"2180\" data-end=\"2197\">Mat\u00edas Chahab<\/strong>, PT, DO, BI-D, PVMT<br data-start=\"2217\" data-end=\"2220\" \/>Creador y desarrollador de la Terapia Manual Polivagal<\/p>\n<\/li>\n<\/ul>\n<p>&nbsp;<\/p>\n<hr data-start=\"1516\" data-end=\"1519\" \/>\n<h4 data-start=\"1521\" data-end=\"1537\">\ud83d\udcb0 Inversi\u00f3n y formas de pago<\/h4>\n<ul>\n<li><strong data-start=\"1272\" data-end=\"1329\">\u00a0\u2705 <\/strong><strong data-start=\"1334\" data-end=\"1345\">650 US d\u00f3lares <\/strong>\u00a0en total.<\/li>\n<\/ul>\n<p>&nbsp;<\/p>\n<hr data-start=\"1421\" data-end=\"1424\" \/>\n<h4 data-start=\"1426\" data-end=\"1456\">\ud83d\udd39 Para reservar tu lugar:<\/h4>\n<p data-start=\"1458\" data-end=\"1530\"><strong data-start=\"1458\" data-end=\"1530\">Paso 1: Realiza una transferencia de 150 US d\u00f3lares a los siguientes datos:<\/strong><\/p>\n<ul data-start=\"1532\" data-end=\"1690\">\n<li data-start=\"1532\" data-end=\"1570\">\n<p data-start=\"1534\" data-end=\"1570\"><strong data-start=\"1534\" data-end=\"1545\">Nombre:<\/strong> Mat\u00edas Fernando Chahab<\/p>\n<\/li>\n<li data-start=\"1571\" data-end=\"1593\">\n<p data-start=\"1573\" data-end=\"1593\"><strong data-start=\"1573\" data-end=\"1583\">Banco:<\/strong> Galicia<\/p>\n<\/li>\n<li data-start=\"1594\" data-end=\"1630\">\n<p data-start=\"1596\" data-end=\"1630\"><strong data-start=\"1596\" data-end=\"1604\">CBU:<\/strong> 00701286-31004007568183<\/p>\n<\/li>\n<li data-start=\"1631\" data-end=\"1664\">\n<p data-start=\"1633\" data-end=\"1664\"><strong data-start=\"1633\" data-end=\"1643\">ALIAS:<\/strong> CUEVA.CEREAL.NOGAL<\/p>\n<\/li>\n<li data-start=\"1665\" data-end=\"1690\">\n<p data-start=\"1667\" data-end=\"1690\"><strong data-start=\"1667\" data-end=\"1676\">CUIL:<\/strong> 20-28279125-1<\/p>\n<\/li>\n<\/ul>\n<p data-start=\"1692\" data-end=\"1810\"><strong data-start=\"1692\" data-end=\"1703\">Paso 2:<\/strong> Env\u00eda el comprobante de tu reserva a <a class=\"cursor-pointer\" rel=\"noopener\" data-start=\"1741\" data-end=\"1810\">pvmt@polyvagalbodyworkers.com<\/a><\/p>\n<p>&nbsp;<\/p>\n<hr data-start=\"1812\" data-end=\"1815\" \/>\n<h4 data-start=\"1817\" data-end=\"1888\">\ud83d\udcb5 El resto del valor se abona en efectivo el primer d\u00eda del curso:<\/h4>\n<ul data-start=\"1890\" data-end=\"1994\">\n<li data-start=\"1890\" data-end=\"1939\">\n<p data-start=\"1892\" data-end=\"1939\"><strong data-start=\"1896\" data-end=\"1903\">$500 US d\u00f3lares.\u00a0<\/strong><\/p>\n<\/li>\n<\/ul>\n<p>&nbsp;<\/p>\n<hr data-start=\"2480\" data-end=\"2483\" \/>\n<h4 data-start=\"2140\" data-end=\"2157\">\u26a0\ufe0f Importante<\/h4>\n<ul data-start=\"2159\" data-end=\"2428\">\n<li data-start=\"2159\" data-end=\"2217\">\n<p data-start=\"2161\" data-end=\"2217\">Curso exclusivo para quienes hayan completado el PVMT3<\/p>\n<\/li>\n<li data-start=\"2218\" data-end=\"2237\">\n<p data-start=\"2220\" data-end=\"2237\">Cupos limitados<\/p>\n<\/li>\n<li data-start=\"2238\" data-end=\"2310\">\n<p data-start=\"2240\" data-end=\"2310\">No reserves alojamiento ni vuelos hasta recibir confirmaci\u00f3n oficial<\/p>\n<\/li>\n<li data-start=\"2311\" data-end=\"2428\">\n<p data-start=\"2313\" data-end=\"2428\">Env\u00eda el comprobante de pago de tu reserva a: <a class=\"cursor-pointer\" rel=\"noopener\" data-start=\"2359\" data-end=\"2428\">pvmt@polyvagalbodyworkers.com<\/a><\/p>\n<\/li>\n<\/ul>\n<p>&nbsp;<\/p>\n<hr data-start=\"2430\" data-end=\"2433\" \/>\n<h4 data-start=\"2435\" data-end=\"2456\">\ud83d\udd17 Enlaces \u00fatiles<\/h4>\n<ul data-start=\"2458\" data-end=\"2702\">\n<li data-start=\"2458\" data-end=\"2559\">\n<p data-start=\"2460\" data-end=\"2559\"><a class=\"cursor-pointer\" target=\"_new\" rel=\"noopener\" data-start=\"2460\" data-end=\"2557\">\u00bfQu\u00e9 es la Terapia Manual Polivagal?<\/a><\/p>\n<\/li>\n<li data-start=\"2560\" data-end=\"2631\">\n<p data-start=\"2562\" data-end=\"2631\"><a class=\"\" href=\"https:\/\/www.stephenporges.com\/\" target=\"_new\" rel=\"noopener\" data-start=\"2562\" data-end=\"2629\">Stephen Porges \u2013 Teor\u00eda Polivagal<\/a><\/p>\n<\/li>\n<li data-start=\"2632\" data-end=\"2702\">\n<p data-start=\"2634\" data-end=\"2702\"><a class=\"\" href=\"#\" rel=\"noopener\" data-start=\"2634\" data-end=\"2702\">Pol\u00edtica de Reembolsos y Cancelaciones \/ T\u00e9rminos y Condiciones<\/a><\/p>\n<\/li>\n<\/ul>\n<p>&nbsp;<\/p>\n<hr data-start=\"2704\" data-end=\"2707\" \/>\n<h4 data-start=\"2709\" data-end=\"2737\">\u2705 Reserva ahora tu lugar<\/h4>\n<p><strong data-start=\"2739\" data-end=\"2783\">Terapia Manual Polivagal PVMT4 C\u00f3rdoba<\/strong>\u00a0es un m\u00f3dulo decisivo para abordar la sexualidad, el trauma emocional y la regulaci\u00f3n profunda del sistema nervioso aut\u00f3nomo desde el cuerpo. Aprende a acompa\u00f1ar procesos \u00edntimos con respeto, precisi\u00f3n y herramientas cl\u00ednicas eficaces.<\/p>\n","protected":false},"excerpt":{"rendered":"<p>Curso avanzado de Terapia Manual Polivagal en C\u00f3rdoba. Aprende a intervenir el sistema parasimp\u00e1tico sacral, \u00f3rganos p\u00e9lvicos y memorias emocionales. Solo para quienes completaron PVMT3.<\/p>\n","protected":false},"featured_media":3543,"template":"","meta":[],"product_brand":[],"product_cat":[56,74,75,77],"product_tag":[61,79],"class_list":{"0":"post-3562","1":"product","2":"type-product","3":"status-publish","4":"has-post-thumbnail","6":"product_cat-cursos-argentina","7":"product_cat-pvmt3","8":"product_cat-pvmt4","9":"product_cat-pvmt5","10":"product_tag-argentina","11":"product_tag-pvmt4","13":"first","14":"instock","15":"featured","16":"taxable","17":"shipping-taxable","18":"purchasable","19":"product-type-simple"},"yoast_head":"<!-- This site is optimized with the Yoast SEO plugin v27.3 - https:\/\/yoast.com\/product\/yoast-seo-wordpress\/ -->\n<title>Terapia Manual Polivagal PVMT4 C\u00f3rdoba - curso presencial<\/title>\n<meta name=\"description\" content=\"Curso PVMT4 en C\u00f3rdoba. Sistema parasimp\u00e1tico sacral, \u00f3rganos p\u00e9lvicos y trauma emocional. Terapia Manual Polivagal avanzada. Reserva tu lugar.\" \/>\n<meta name=\"robots\" content=\"index, follow, max-snippet:-1, max-image-preview:large, max-video-preview:-1\" \/>\n<link rel=\"canonical\" href=\"https:\/\/polyvagalbodyworkers.com\/_es\/producto\/reserva-pvmt4-cordoba-argentina\/\" \/>\n<meta property=\"og:locale\" content=\"es_ES\" \/>\n<meta property=\"og:type\" content=\"article\" \/>\n<meta property=\"og:title\" content=\"Terapia Manual Polivagal PVMT4 C\u00f3rdoba - curso presencial\" \/>\n<meta property=\"og:description\" content=\"Curso PVMT4 en C\u00f3rdoba. Sistema parasimp\u00e1tico sacral, \u00f3rganos p\u00e9lvicos y trauma emocional. Terapia Manual Polivagal avanzada. Reserva tu lugar.\" \/>\n<meta property=\"og:url\" content=\"https:\/\/polyvagalbodyworkers.com\/_es\/producto\/reserva-pvmt4-cordoba-argentina\/\" \/>\n<meta property=\"og:site_name\" content=\"Polivagal Bodyworkers\" \/>\n<meta property=\"article:modified_time\" content=\"2026-03-15T19:02:56+00:00\" \/>\n<meta property=\"og:image\" content=\"https:\/\/polyvagalbodyworkers.com\/wp-content\/uploads\/2025\/11\/PVMT4-Cordoba-2026.webp\" \/>\n\t<meta property=\"og:image:width\" content=\"940\" \/>\n\t<meta property=\"og:image:height\" content=\"788\" \/>\n\t<meta property=\"og:image:type\" content=\"image\/webp\" \/>\n<meta name=\"twitter:card\" content=\"summary_large_image\" \/>\n<meta name=\"twitter:label1\" content=\"Tiempo de lectura\" \/>\n\t<meta name=\"twitter:data1\" content=\"3 minutos\" \/>\n<script type=\"application\/ld+json\" class=\"yoast-schema-graph\">{\"@context\":\"https:\\\/\\\/schema.org\",\"@graph\":[{\"@type\":\"WebPage\",\"@id\":\"https:\\\/\\\/polyvagalbodyworkers.com\\\/producto\\\/reserva-pvmt4-cordoba-argentina\\\/\",\"url\":\"https:\\\/\\\/polyvagalbodyworkers.com\\\/producto\\\/reserva-pvmt4-cordoba-argentina\\\/\",\"name\":\"Terapia Manual Polivagal PVMT4 C\u00f3rdoba - curso presencial\",\"isPartOf\":{\"@id\":\"https:\\\/\\\/polyvagalbodyworkers.com\\\/#website\"},\"primaryImageOfPage\":{\"@id\":\"https:\\\/\\\/polyvagalbodyworkers.com\\\/producto\\\/reserva-pvmt4-cordoba-argentina\\\/#primaryimage\"},\"image\":{\"@id\":\"https:\\\/\\\/polyvagalbodyworkers.com\\\/producto\\\/reserva-pvmt4-cordoba-argentina\\\/#primaryimage\"},\"thumbnailUrl\":\"https:\\\/\\\/polyvagalbodyworkers.com\\\/wp-content\\\/uploads\\\/2025\\\/11\\\/PVMT4-Cordoba-2026.webp\",\"datePublished\":\"2026-02-21T22:57:28+00:00\",\"dateModified\":\"2026-03-15T19:02:56+00:00\",\"description\":\"Curso PVMT4 en C\u00f3rdoba. Sistema parasimp\u00e1tico sacral, \u00f3rganos p\u00e9lvicos y trauma emocional. Terapia Manual Polivagal avanzada. Reserva tu lugar.\",\"breadcrumb\":{\"@id\":\"https:\\\/\\\/polyvagalbodyworkers.com\\\/producto\\\/reserva-pvmt4-cordoba-argentina\\\/#breadcrumb\"},\"inLanguage\":\"es\",\"potentialAction\":[{\"@type\":\"ReadAction\",\"target\":[\"https:\\\/\\\/polyvagalbodyworkers.com\\\/producto\\\/reserva-pvmt4-cordoba-argentina\\\/\"]}]},{\"@type\":\"ImageObject\",\"inLanguage\":\"es\",\"@id\":\"https:\\\/\\\/polyvagalbodyworkers.com\\\/producto\\\/reserva-pvmt4-cordoba-argentina\\\/#primaryimage\",\"url\":\"https:\\\/\\\/polyvagalbodyworkers.com\\\/wp-content\\\/uploads\\\/2025\\\/11\\\/PVMT4-Cordoba-2026.webp\",\"contentUrl\":\"https:\\\/\\\/polyvagalbodyworkers.com\\\/wp-content\\\/uploads\\\/2025\\\/11\\\/PVMT4-Cordoba-2026.webp\",\"width\":940,\"height\":788},{\"@type\":\"BreadcrumbList\",\"@id\":\"https:\\\/\\\/polyvagalbodyworkers.com\\\/producto\\\/reserva-pvmt4-cordoba-argentina\\\/#breadcrumb\",\"itemListElement\":[{\"@type\":\"ListItem\",\"position\":1,\"name\":\"Portada\",\"item\":\"https:\\\/\\\/polyvagalbodyworkers.com\\\/_es\\\/\"},{\"@type\":\"ListItem\",\"position\":2,\"name\":\"Tienda\",\"item\":\"https:\\\/\\\/polyvagalbodyworkers.com\\\/_es\\\/tienda\\\/\"},{\"@type\":\"ListItem\",\"position\":3,\"name\":\"PVMT4 | C\u00f3rdoba\"}]},{\"@type\":\"WebSite\",\"@id\":\"https:\\\/\\\/polyvagalbodyworkers.com\\\/#website\",\"url\":\"https:\\\/\\\/polyvagalbodyworkers.com\\\/\",\"name\":\"Polivagal Bodyworkers\",\"description\":\"Instituto de Formaci\u00f3n Polivagal para Bodyworkers\",\"publisher\":{\"@id\":\"https:\\\/\\\/polyvagalbodyworkers.com\\\/#organization\"},\"potentialAction\":[{\"@type\":\"SearchAction\",\"target\":{\"@type\":\"EntryPoint\",\"urlTemplate\":\"https:\\\/\\\/polyvagalbodyworkers.com\\\/?s={search_term_string}\"},\"query-input\":{\"@type\":\"PropertyValueSpecification\",\"valueRequired\":true,\"valueName\":\"search_term_string\"}}],\"inLanguage\":\"es\"},{\"@type\":\"Organization\",\"@id\":\"https:\\\/\\\/polyvagalbodyworkers.com\\\/#organization\",\"name\":\"POLYVAGAL BODYWORKERS\",\"url\":\"https:\\\/\\\/polyvagalbodyworkers.com\\\/\",\"logo\":{\"@type\":\"ImageObject\",\"inLanguage\":\"es\",\"@id\":\"https:\\\/\\\/polyvagalbodyworkers.com\\\/#\\\/schema\\\/logo\\\/image\\\/\",\"url\":\"https:\\\/\\\/polyvagalbodyworkers.com\\\/wp-content\\\/uploads\\\/2025\\\/01\\\/Polyvagal-Bodyworkers-LOGO.webp\",\"contentUrl\":\"https:\\\/\\\/polyvagalbodyworkers.com\\\/wp-content\\\/uploads\\\/2025\\\/01\\\/Polyvagal-Bodyworkers-LOGO.webp\",\"width\":1350,\"height\":1350,\"caption\":\"POLYVAGAL BODYWORKERS\"},\"image\":{\"@id\":\"https:\\\/\\\/polyvagalbodyworkers.com\\\/#\\\/schema\\\/logo\\\/image\\\/\"}}]}<\/script>\n<!-- \/ Yoast SEO plugin. -->","yoast_head_json":{"title":"Terapia Manual Polivagal PVMT4 C\u00f3rdoba - curso presencial","description":"Curso PVMT4 en C\u00f3rdoba. Sistema parasimp\u00e1tico sacral, \u00f3rganos p\u00e9lvicos y trauma emocional. Terapia Manual Polivagal avanzada. Reserva tu lugar.","robots":{"index":"index","follow":"follow","max-snippet":"max-snippet:-1","max-image-preview":"max-image-preview:large","max-video-preview":"max-video-preview:-1"},"canonical":"https:\/\/polyvagalbodyworkers.com\/_es\/producto\/reserva-pvmt4-cordoba-argentina\/","og_locale":"es_ES","og_type":"article","og_title":"Terapia Manual Polivagal PVMT4 C\u00f3rdoba - curso presencial","og_description":"Curso PVMT4 en C\u00f3rdoba. Sistema parasimp\u00e1tico sacral, \u00f3rganos p\u00e9lvicos y trauma emocional. Terapia Manual Polivagal avanzada. Reserva tu lugar.","og_url":"https:\/\/polyvagalbodyworkers.com\/_es\/producto\/reserva-pvmt4-cordoba-argentina\/","og_site_name":"Polivagal Bodyworkers","article_modified_time":"2026-03-15T19:02:56+00:00","og_image":[{"width":940,"height":788,"url":"https:\/\/polyvagalbodyworkers.com\/wp-content\/uploads\/2025\/11\/PVMT4-Cordoba-2026.webp","type":"image\/webp"}],"twitter_card":"summary_large_image","twitter_misc":{"Tiempo de lectura":"3 minutos"},"schema":{"@context":"https:\/\/schema.org","@graph":[{"@type":"WebPage","@id":"https:\/\/polyvagalbodyworkers.com\/producto\/reserva-pvmt4-cordoba-argentina\/","url":"https:\/\/polyvagalbodyworkers.com\/producto\/reserva-pvmt4-cordoba-argentina\/","name":"Terapia Manual Polivagal PVMT4 C\u00f3rdoba - curso presencial","isPartOf":{"@id":"https:\/\/polyvagalbodyworkers.com\/#website"},"primaryImageOfPage":{"@id":"https:\/\/polyvagalbodyworkers.com\/producto\/reserva-pvmt4-cordoba-argentina\/#primaryimage"},"image":{"@id":"https:\/\/polyvagalbodyworkers.com\/producto\/reserva-pvmt4-cordoba-argentina\/#primaryimage"},"thumbnailUrl":"https:\/\/polyvagalbodyworkers.com\/wp-content\/uploads\/2025\/11\/PVMT4-Cordoba-2026.webp","datePublished":"2026-02-21T22:57:28+00:00","dateModified":"2026-03-15T19:02:56+00:00","description":"Curso PVMT4 en C\u00f3rdoba. Sistema parasimp\u00e1tico sacral, \u00f3rganos p\u00e9lvicos y trauma emocional. Terapia Manual Polivagal avanzada. Reserva tu lugar.","breadcrumb":{"@id":"https:\/\/polyvagalbodyworkers.com\/producto\/reserva-pvmt4-cordoba-argentina\/#breadcrumb"},"inLanguage":"es","potentialAction":[{"@type":"ReadAction","target":["https:\/\/polyvagalbodyworkers.com\/producto\/reserva-pvmt4-cordoba-argentina\/"]}]},{"@type":"ImageObject","inLanguage":"es","@id":"https:\/\/polyvagalbodyworkers.com\/producto\/reserva-pvmt4-cordoba-argentina\/#primaryimage","url":"https:\/\/polyvagalbodyworkers.com\/wp-content\/uploads\/2025\/11\/PVMT4-Cordoba-2026.webp","contentUrl":"https:\/\/polyvagalbodyworkers.com\/wp-content\/uploads\/2025\/11\/PVMT4-Cordoba-2026.webp","width":940,"height":788},{"@type":"BreadcrumbList","@id":"https:\/\/polyvagalbodyworkers.com\/producto\/reserva-pvmt4-cordoba-argentina\/#breadcrumb","itemListElement":[{"@type":"ListItem","position":1,"name":"Portada","item":"https:\/\/polyvagalbodyworkers.com\/_es\/"},{"@type":"ListItem","position":2,"name":"Tienda","item":"https:\/\/polyvagalbodyworkers.com\/_es\/tienda\/"},{"@type":"ListItem","position":3,"name":"PVMT4 | C\u00f3rdoba"}]},{"@type":"WebSite","@id":"https:\/\/polyvagalbodyworkers.com\/#website","url":"https:\/\/polyvagalbodyworkers.com\/","name":"Polivagal Bodyworkers","description":"Instituto de Formaci\u00f3n Polivagal para Bodyworkers","publisher":{"@id":"https:\/\/polyvagalbodyworkers.com\/#organization"},"potentialAction":[{"@type":"SearchAction","target":{"@type":"EntryPoint","urlTemplate":"https:\/\/polyvagalbodyworkers.com\/?s={search_term_string}"},"query-input":{"@type":"PropertyValueSpecification","valueRequired":true,"valueName":"search_term_string"}}],"inLanguage":"es"},{"@type":"Organization","@id":"https:\/\/polyvagalbodyworkers.com\/#organization","name":"POLYVAGAL BODYWORKERS","url":"https:\/\/polyvagalbodyworkers.com\/","logo":{"@type":"ImageObject","inLanguage":"es","@id":"https:\/\/polyvagalbodyworkers.com\/#\/schema\/logo\/image\/","url":"https:\/\/polyvagalbodyworkers.com\/wp-content\/uploads\/2025\/01\/Polyvagal-Bodyworkers-LOGO.webp","contentUrl":"https:\/\/polyvagalbodyworkers.com\/wp-content\/uploads\/2025\/01\/Polyvagal-Bodyworkers-LOGO.webp","width":1350,"height":1350,"caption":"POLYVAGAL BODYWORKERS"},"image":{"@id":"https:\/\/polyvagalbodyworkers.com\/#\/schema\/logo\/image\/"}}]}},"_links":{"self":[{"href":"https:\/\/polyvagalbodyworkers.com\/_es\/wp-json\/wp\/v2\/product\/3562","targetHints":{"allow":["GET"]}}],"collection":[{"href":"https:\/\/polyvagalbodyworkers.com\/_es\/wp-json\/wp\/v2\/product"}],"about":[{"href":"https:\/\/polyvagalbodyworkers.com\/_es\/wp-json\/wp\/v2\/types\/product"}],"wp:featuredmedia":[{"embeddable":true,"href":"https:\/\/polyvagalbodyworkers.com\/_es\/wp-json\/wp\/v2\/media\/3543"}],"wp:attachment":[{"href":"https:\/\/polyvagalbodyworkers.com\/_es\/wp-json\/wp\/v2\/media?parent=3562"}],"wp:term":[{"taxonomy":"product_brand","embeddable":true,"href":"https:\/\/polyvagalbodyworkers.com\/_es\/wp-json\/wp\/v2\/product_brand?post=3562"},{"taxonomy":"product_cat","embeddable":true,"href":"https:\/\/polyvagalbodyworkers.com\/_es\/wp-json\/wp\/v2\/product_cat?post=3562"},{"taxonomy":"product_tag","embeddable":true,"href":"https:\/\/polyvagalbodyworkers.com\/_es\/wp-json\/wp\/v2\/product_tag?post=3562"}],"curies":[{"name":"wp","href":"https:\/\/api.w.org\/{rel}","templated":true}]}}