{"id":3734,"date":"2026-03-10T23:49:38","date_gmt":"2026-03-10T23:49:38","guid":{"rendered":"https:\/\/polyvagalbodyworkers.com\/?post_type=product&#038;p=3734"},"modified":"2026-04-11T01:24:56","modified_gmt":"2026-04-11T01:24:56","slug":"reserva-pvmt1-tijuana-mexico","status":"publish","type":"product","link":"https:\/\/polyvagalbodyworkers.com\/_es\/producto\/reserva-pvmt1-tijuana-mexico\/","title":{"rendered":"PVMT1 | Tijuana"},"content":{"rendered":"<h2 data-start=\"201\" data-end=\"266\">\ud83e\udde0 Curso Terapia Manual Polivagal Tijuana \u2013 PVMT1 | Septiembre 2026<\/h2>\n<p data-start=\"268\" data-end=\"386\"><strong data-start=\"268\" data-end=\"303\">Terapia Manual Polivagal Tijuana<\/strong>\u00a0\u2013 Curso presencial intensivo para terapeutas manuales y profesionales de la salud.<\/p>\n<p data-start=\"388\" data-end=\"790\">Esta formaci\u00f3n en Terapia Manual Polivagal est\u00e1 dise\u00f1ada para ayudarte a integrar la <strong data-start=\"473\" data-end=\"493\">Teor\u00eda Polivagal<\/strong> con t\u00e9cnicas manuales espec\u00edficas, no invasivas y efectivas, enfocadas en la evaluaci\u00f3n y regulaci\u00f3n del <strong data-start=\"599\" data-end=\"628\">sistema nervioso aut\u00f3nomo\u00a0<\/strong>desde el cuerpo. Es una propuesta innovadora y transformadora que conecta el trabajo manual de alta precisi\u00f3n con los fundamentos neurofisiol\u00f3gicos m\u00e1s actuales.<\/p>\n<p data-start=\"792\" data-end=\"1096\">Durante tres d\u00edas, recibir\u00e1s entrenamiento intensivo en abordajes terap\u00e9uticos aplicables a disfunciones f\u00edsicas, emocionales y auton\u00f3micas. Aprender\u00e1s a identificar bloqueos, intervenir con precisi\u00f3n y acompa\u00f1ar procesos cl\u00ednicos complejos desde un enfoque integrador, seguro y respetuoso con el cuerpo.<\/p>\n<p data-start=\"1098\" data-end=\"1301\">Al finalizar el curso, habr\u00e1s desarrollado una mirada m\u00e1s profunda sobre el sistema nervioso, sus estados, su relaci\u00f3n con la salud integral y el impacto de la terapia manual en la regulaci\u00f3n auton\u00f3mica.<\/p>\n<p>&nbsp;<\/p>\n<hr data-start=\"1303\" data-end=\"1306\" \/>\n<h4 data-start=\"1308\" data-end=\"1336\">\ud83d\udcc5 Informaci\u00f3n del Curso<\/h4>\n<ul data-start=\"213\" data-end=\"787\">\n<li data-start=\"213\" data-end=\"279\">\n<p data-start=\"215\" data-end=\"279\"><strong data-start=\"215\" data-end=\"226\">Fechas: <\/strong>4, 5 y 6 de septiembre de 2026<\/p>\n<\/li>\n<li data-start=\"281\" data-end=\"428\">\n<p data-start=\"283\" data-end=\"428\"><strong data-start=\"283\" data-end=\"295\">Horario: <\/strong>De 9:00 a 13:00 y de 14:30 a 17:30 h<br data-start=\"358\" data-end=\"361\" \/>\u00a0\u00a0\u00a0\u00a0<em data-start=\"385\" data-end=\"428\">(Registro el primer d\u00eda a las 8:30 a.\u202fm.)<\/em><\/p>\n<\/li>\n<li data-start=\"430\" data-end=\"487\">\n<p data-start=\"432\" data-end=\"487\"><strong data-start=\"432\" data-end=\"446\">Ubicaci\u00f3n: <\/strong>Tijuana, M\u00e9xico<\/p>\n<\/li>\n<li data-start=\"489\" data-end=\"542\">\n<p data-start=\"491\" data-end=\"542\"><strong data-start=\"491\" data-end=\"505\">Modalidad: <\/strong>Presencial<\/p>\n<\/li>\n<li data-start=\"544\" data-end=\"615\">\n<p data-start=\"546\" data-end=\"615\"><strong data-start=\"546\" data-end=\"559\">Duraci\u00f3n: <\/strong>3 d\u00edas de formaci\u00f3n intensiva<\/p>\n<\/li>\n<li data-start=\"617\" data-end=\"787\">\n<p data-start=\"619\" data-end=\"787\"><strong data-start=\"619\" data-end=\"631\">Incluye: <\/strong>Diploma oficial, gu\u00eda de estudio y acceso a la plataforma privada de estudiantes.<\/p>\n<\/li>\n<\/ul>\n<p>&nbsp;<\/p>\n<hr data-start=\"1677\" data-end=\"1680\" \/>\n<h4 data-start=\"1682\" data-end=\"1700\">\ud83d\udc68\u200d\ud83c\udfeb Profesor<\/h4>\n<p data-start=\"1702\" data-end=\"1796\"><strong data-start=\"1702\" data-end=\"1719\">Mat\u00edas Chahab<\/strong>, PT, DO, BI-D, PVMT<br data-start=\"1739\" data-end=\"1742\" \/>Creador y desarrollador de la Terapia Manual Polivagal<\/p>\n<p>&nbsp;<\/p>\n<hr data-start=\"1798\" data-end=\"1801\" \/>\n<h4 data-start=\"1803\" data-end=\"1836\">\ud83d\udcb0 Inversi\u00f3n y formas de pago<\/h4>\n<p data-start=\"1838\" data-end=\"1927\"><strong data-start=\"1838\" data-end=\"1854\">Valor total:<\/strong> $12,760 MXN<br data-start=\"1866\" data-end=\"1869\" \/><strong data-start=\"1869\" data-end=\"1881\">Reserva:<\/strong> $2,760 MXN (por transferencia o Mercado Pago)<\/p>\n<p data-start=\"1929\" data-end=\"1982\"><strong data-start=\"1929\" data-end=\"1982\">Datos para realizar la reserva por transferencia:<\/strong><\/p>\n<ul data-start=\"1984\" data-end=\"2107\">\n<li data-start=\"1984\" data-end=\"2021\">\n<p data-start=\"1986\" data-end=\"2021\"><strong data-start=\"1986\" data-end=\"1997\">Nombre:<\/strong> Polyvagal Bodyworkers<\/p>\n<\/li>\n<li data-start=\"2022\" data-end=\"2041\">\n<p data-start=\"2024\" data-end=\"2041\"><strong data-start=\"2024\" data-end=\"2034\">Banco:<\/strong> BBVA<\/p>\n<\/li>\n<li data-start=\"2042\" data-end=\"2070\">\n<p data-start=\"2044\" data-end=\"2070\"><strong data-start=\"2044\" data-end=\"2055\">Cuenta:<\/strong> 011 758 8569<\/p>\n<\/li>\n<li data-start=\"2071\" data-end=\"2107\">\n<p data-start=\"2073\" data-end=\"2107\"><strong data-start=\"2073\" data-end=\"2083\">CLABE:<\/strong> 012 691 00117588569 5<\/p>\n<\/li>\n<\/ul>\n<p data-start=\"2109\" data-end=\"2167\"><strong data-start=\"2109\" data-end=\"2119\">Resto:<\/strong> $10,000 MXN en efectivo el primer d\u00eda del curso<\/p>\n<p>&nbsp;<\/p>\n<hr data-start=\"2169\" data-end=\"2172\" \/>\n<h4 data-start=\"2174\" data-end=\"2191\">\u26a0\ufe0f Importante<\/h4>\n<ul data-start=\"2193\" data-end=\"2408\">\n<li data-start=\"2193\" data-end=\"2212\">\n<p data-start=\"2195\" data-end=\"2212\">Cupos limitados<\/p>\n<\/li>\n<li data-start=\"2213\" data-end=\"2298\">\n<p data-start=\"2215\" data-end=\"2298\">No reserves alojamiento ni vuelos hasta recibir la confirmaci\u00f3n oficial del curso<\/p>\n<\/li>\n<li data-start=\"2299\" data-end=\"2408\">\n<p data-start=\"2301\" data-end=\"2408\">Env\u00eda el comprobante de tu reserva a: <a class=\"cursor-pointer\" rel=\"noopener\" data-start=\"2339\" data-end=\"2408\">pvmt@polyvagalbodyworkers.com<\/a><\/p>\n<\/li>\n<\/ul>\n<p>&nbsp;<\/p>\n<hr data-start=\"2410\" data-end=\"2413\" \/>\n<h4 data-start=\"2415\" data-end=\"2436\">\ud83d\udd17 Enlaces \u00fatiles<\/h4>\n<ul data-start=\"2438\" data-end=\"2680\">\n<li data-start=\"2438\" data-end=\"2539\">\n<p data-start=\"2440\" data-end=\"2539\"><a class=\"cursor-pointer\" target=\"_new\" rel=\"noopener\" data-start=\"2440\" data-end=\"2537\">\u00bfQu\u00e9 es la Terapia Manual Polivagal?<\/a><\/p>\n<\/li>\n<li data-start=\"2540\" data-end=\"2610\">\n<p data-start=\"2542\" data-end=\"2610\"><a class=\"\" href=\"https:\/\/www.stephenporges.com\/\" target=\"_new\" rel=\"noopener\" data-start=\"2542\" data-end=\"2608\">Stephen Porges \u2013 Teor\u00eda Polivagal<\/a><\/p>\n<\/li>\n<li data-start=\"2611\" data-end=\"2680\">\n<p data-start=\"2613\" data-end=\"2680\"><a class=\"\" href=\"#\" rel=\"noopener\" data-start=\"2613\" data-end=\"2680\">Pol\u00edtica de Devoluciones y Reembolsos \/ T\u00e9rminos y Condiciones<\/a><\/p>\n<\/li>\n<\/ul>\n<p>&nbsp;<\/p>\n<hr data-start=\"2682\" data-end=\"2685\" \/>\n<h4 data-start=\"2687\" data-end=\"2715\">\u2705 Reserva ahora tu lugar<\/h4>\n<p data-start=\"2717\" data-end=\"2977\">No dejes pasar esta oportunidad de formarte en <strong data-start=\"2764\" data-end=\"2799\">Terapia Manual Polivagal Tijuana <\/strong>con el equipo de <strong data-start=\"2817\" data-end=\"2842\">Polyvagal Bodyworkers<\/strong>. Transforma tu pr\u00e1ctica, ampl\u00eda tus herramientas terap\u00e9uticas y acompa\u00f1a de forma m\u00e1s profunda los procesos de salud de tus pacientes.<\/p>\n","protected":false},"excerpt":{"rendered":"<p data-start=\"45\" data-end=\"343\"><strong>Sum\u00e9rgete en la Terapia Manual Polivagal con este curso presencial en Tijuana.<\/strong> Aprende t\u00e9cnicas avanzadas para evaluar y regular el sistema nervioso. Ideal para terapeutas manuales que desean transformar su pr\u00e1ctica. \u00a1Reserva tu lugar ahora!<\/p>\n","protected":false},"featured_media":3766,"template":"","meta":[],"product_brand":[],"product_cat":[58,46],"product_tag":[50,36],"class_list":{"0":"post-3734","1":"product","2":"type-product","3":"status-publish","4":"has-post-thumbnail","6":"product_cat-cursos-mexico","7":"product_cat-pvmt1","8":"product_tag-mexico","9":"product_tag-pvmt1","11":"first","12":"instock","13":"featured","14":"taxable","15":"shipping-taxable","16":"purchasable","17":"product-type-variable"},"yoast_head":"<!-- This site is optimized with the Yoast SEO plugin v27.4 - https:\/\/yoast.com\/product\/yoast-seo-wordpress\/ -->\n<title>Terapia Manual Polivagal Tijuana \u2013 Curso PVMT1 Tijuana 2026<\/title>\n<meta name=\"description\" content=\"Curso de Terapia Manual Polivagal en Tijuana. Aprende a regular el sistema nervioso aut\u00f3nomo desde el cuerpo. \u00a1Reserva tu lugar hoy!\" \/>\n<meta name=\"robots\" content=\"index, follow, max-snippet:-1, max-image-preview:large, max-video-preview:-1\" \/>\n<link rel=\"canonical\" href=\"https:\/\/polyvagalbodyworkers.com\/_es\/producto\/reserva-pvmt1-tijuana-mexico\/\" \/>\n<meta property=\"og:locale\" content=\"es_ES\" \/>\n<meta property=\"og:type\" content=\"article\" \/>\n<meta property=\"og:title\" content=\"Terapia Manual Polivagal Tijuana \u2013 Curso PVMT1 Tijuana 2026\" \/>\n<meta property=\"og:description\" content=\"Curso de Terapia Manual Polivagal en Tijuana. Aprende a regular el sistema nervioso aut\u00f3nomo desde el cuerpo. \u00a1Reserva tu lugar hoy!\" \/>\n<meta property=\"og:url\" content=\"https:\/\/polyvagalbodyworkers.com\/_es\/producto\/reserva-pvmt1-tijuana-mexico\/\" \/>\n<meta property=\"og:site_name\" content=\"Polivagal Bodyworkers\" \/>\n<meta property=\"article:modified_time\" content=\"2026-04-11T01:24:56+00:00\" \/>\n<meta property=\"og:image\" content=\"https:\/\/polyvagalbodyworkers.com\/wp-content\/uploads\/2026\/03\/WhatsApp-Image-2026-03-12-at-14.27.09.webp\" \/>\n\t<meta property=\"og:image:width\" content=\"940\" \/>\n\t<meta property=\"og:image:height\" content=\"788\" \/>\n\t<meta property=\"og:image:type\" content=\"image\/webp\" \/>\n<meta name=\"twitter:card\" content=\"summary_large_image\" \/>\n<meta name=\"twitter:label1\" content=\"Tiempo de lectura\" \/>\n\t<meta name=\"twitter:data1\" content=\"2 minutos\" \/>\n<script type=\"application\/ld+json\" class=\"yoast-schema-graph\">{\"@context\":\"https:\\\/\\\/schema.org\",\"@graph\":[{\"@type\":\"WebPage\",\"@id\":\"https:\\\/\\\/polyvagalbodyworkers.com\\\/producto\\\/reserva-pvmt1-tijuana-mexico\\\/\",\"url\":\"https:\\\/\\\/polyvagalbodyworkers.com\\\/producto\\\/reserva-pvmt1-tijuana-mexico\\\/\",\"name\":\"Terapia Manual Polivagal Tijuana \u2013 Curso PVMT1 Tijuana 2026\",\"isPartOf\":{\"@id\":\"https:\\\/\\\/polyvagalbodyworkers.com\\\/#website\"},\"primaryImageOfPage\":{\"@id\":\"https:\\\/\\\/polyvagalbodyworkers.com\\\/producto\\\/reserva-pvmt1-tijuana-mexico\\\/#primaryimage\"},\"image\":{\"@id\":\"https:\\\/\\\/polyvagalbodyworkers.com\\\/producto\\\/reserva-pvmt1-tijuana-mexico\\\/#primaryimage\"},\"thumbnailUrl\":\"https:\\\/\\\/polyvagalbodyworkers.com\\\/wp-content\\\/uploads\\\/2026\\\/03\\\/WhatsApp-Image-2026-03-12-at-14.27.09.webp\",\"datePublished\":\"2026-03-10T23:49:38+00:00\",\"dateModified\":\"2026-04-11T01:24:56+00:00\",\"description\":\"Curso de Terapia Manual Polivagal en Tijuana. Aprende a regular el sistema nervioso aut\u00f3nomo desde el cuerpo. \u00a1Reserva tu lugar hoy!\",\"breadcrumb\":{\"@id\":\"https:\\\/\\\/polyvagalbodyworkers.com\\\/producto\\\/reserva-pvmt1-tijuana-mexico\\\/#breadcrumb\"},\"inLanguage\":\"es\",\"potentialAction\":[{\"@type\":\"ReadAction\",\"target\":[\"https:\\\/\\\/polyvagalbodyworkers.com\\\/producto\\\/reserva-pvmt1-tijuana-mexico\\\/\"]}]},{\"@type\":\"ImageObject\",\"inLanguage\":\"es\",\"@id\":\"https:\\\/\\\/polyvagalbodyworkers.com\\\/producto\\\/reserva-pvmt1-tijuana-mexico\\\/#primaryimage\",\"url\":\"https:\\\/\\\/polyvagalbodyworkers.com\\\/wp-content\\\/uploads\\\/2026\\\/03\\\/WhatsApp-Image-2026-03-12-at-14.27.09.webp\",\"contentUrl\":\"https:\\\/\\\/polyvagalbodyworkers.com\\\/wp-content\\\/uploads\\\/2026\\\/03\\\/WhatsApp-Image-2026-03-12-at-14.27.09.webp\",\"width\":940,\"height\":788,\"caption\":\"Curso presencial PVMT1 en Tijuana, formaci\u00f3n en Terapia Manual Polivagal\"},{\"@type\":\"BreadcrumbList\",\"@id\":\"https:\\\/\\\/polyvagalbodyworkers.com\\\/producto\\\/reserva-pvmt1-tijuana-mexico\\\/#breadcrumb\",\"itemListElement\":[{\"@type\":\"ListItem\",\"position\":1,\"name\":\"Portada\",\"item\":\"https:\\\/\\\/polyvagalbodyworkers.com\\\/_es\\\/\"},{\"@type\":\"ListItem\",\"position\":2,\"name\":\"Tienda\",\"item\":\"https:\\\/\\\/polyvagalbodyworkers.com\\\/_es\\\/tienda\\\/\"},{\"@type\":\"ListItem\",\"position\":3,\"name\":\"PVMT1 | Tijuana\"}]},{\"@type\":\"WebSite\",\"@id\":\"https:\\\/\\\/polyvagalbodyworkers.com\\\/#website\",\"url\":\"https:\\\/\\\/polyvagalbodyworkers.com\\\/\",\"name\":\"Polivagal Bodyworkers\",\"description\":\"Instituto de Formaci\u00f3n Polivagal para Bodyworkers\",\"publisher\":{\"@id\":\"https:\\\/\\\/polyvagalbodyworkers.com\\\/#organization\"},\"potentialAction\":[{\"@type\":\"SearchAction\",\"target\":{\"@type\":\"EntryPoint\",\"urlTemplate\":\"https:\\\/\\\/polyvagalbodyworkers.com\\\/?s={search_term_string}\"},\"query-input\":{\"@type\":\"PropertyValueSpecification\",\"valueRequired\":true,\"valueName\":\"search_term_string\"}}],\"inLanguage\":\"es\"},{\"@type\":\"Organization\",\"@id\":\"https:\\\/\\\/polyvagalbodyworkers.com\\\/#organization\",\"name\":\"POLYVAGAL BODYWORKERS\",\"url\":\"https:\\\/\\\/polyvagalbodyworkers.com\\\/\",\"logo\":{\"@type\":\"ImageObject\",\"inLanguage\":\"es\",\"@id\":\"https:\\\/\\\/polyvagalbodyworkers.com\\\/#\\\/schema\\\/logo\\\/image\\\/\",\"url\":\"https:\\\/\\\/polyvagalbodyworkers.com\\\/wp-content\\\/uploads\\\/2025\\\/01\\\/Polyvagal-Bodyworkers-LOGO.webp\",\"contentUrl\":\"https:\\\/\\\/polyvagalbodyworkers.com\\\/wp-content\\\/uploads\\\/2025\\\/01\\\/Polyvagal-Bodyworkers-LOGO.webp\",\"width\":1350,\"height\":1350,\"caption\":\"POLYVAGAL BODYWORKERS\"},\"image\":{\"@id\":\"https:\\\/\\\/polyvagalbodyworkers.com\\\/#\\\/schema\\\/logo\\\/image\\\/\"}}]}<\/script>\n<!-- \/ Yoast SEO plugin. -->","yoast_head_json":{"title":"Terapia Manual Polivagal Tijuana \u2013 Curso PVMT1 Tijuana 2026","description":"Curso de Terapia Manual Polivagal en Tijuana. Aprende a regular el sistema nervioso aut\u00f3nomo desde el cuerpo. \u00a1Reserva tu lugar hoy!","robots":{"index":"index","follow":"follow","max-snippet":"max-snippet:-1","max-image-preview":"max-image-preview:large","max-video-preview":"max-video-preview:-1"},"canonical":"https:\/\/polyvagalbodyworkers.com\/_es\/producto\/reserva-pvmt1-tijuana-mexico\/","og_locale":"es_ES","og_type":"article","og_title":"Terapia Manual Polivagal Tijuana \u2013 Curso PVMT1 Tijuana 2026","og_description":"Curso de Terapia Manual Polivagal en Tijuana. Aprende a regular el sistema nervioso aut\u00f3nomo desde el cuerpo. \u00a1Reserva tu lugar hoy!","og_url":"https:\/\/polyvagalbodyworkers.com\/_es\/producto\/reserva-pvmt1-tijuana-mexico\/","og_site_name":"Polivagal Bodyworkers","article_modified_time":"2026-04-11T01:24:56+00:00","og_image":[{"width":940,"height":788,"url":"https:\/\/polyvagalbodyworkers.com\/wp-content\/uploads\/2026\/03\/WhatsApp-Image-2026-03-12-at-14.27.09.webp","type":"image\/webp"}],"twitter_card":"summary_large_image","twitter_misc":{"Tiempo de lectura":"2 minutos"},"schema":{"@context":"https:\/\/schema.org","@graph":[{"@type":"WebPage","@id":"https:\/\/polyvagalbodyworkers.com\/producto\/reserva-pvmt1-tijuana-mexico\/","url":"https:\/\/polyvagalbodyworkers.com\/producto\/reserva-pvmt1-tijuana-mexico\/","name":"Terapia Manual Polivagal Tijuana \u2013 Curso PVMT1 Tijuana 2026","isPartOf":{"@id":"https:\/\/polyvagalbodyworkers.com\/#website"},"primaryImageOfPage":{"@id":"https:\/\/polyvagalbodyworkers.com\/producto\/reserva-pvmt1-tijuana-mexico\/#primaryimage"},"image":{"@id":"https:\/\/polyvagalbodyworkers.com\/producto\/reserva-pvmt1-tijuana-mexico\/#primaryimage"},"thumbnailUrl":"https:\/\/polyvagalbodyworkers.com\/wp-content\/uploads\/2026\/03\/WhatsApp-Image-2026-03-12-at-14.27.09.webp","datePublished":"2026-03-10T23:49:38+00:00","dateModified":"2026-04-11T01:24:56+00:00","description":"Curso de Terapia Manual Polivagal en Tijuana. Aprende a regular el sistema nervioso aut\u00f3nomo desde el cuerpo. \u00a1Reserva tu lugar hoy!","breadcrumb":{"@id":"https:\/\/polyvagalbodyworkers.com\/producto\/reserva-pvmt1-tijuana-mexico\/#breadcrumb"},"inLanguage":"es","potentialAction":[{"@type":"ReadAction","target":["https:\/\/polyvagalbodyworkers.com\/producto\/reserva-pvmt1-tijuana-mexico\/"]}]},{"@type":"ImageObject","inLanguage":"es","@id":"https:\/\/polyvagalbodyworkers.com\/producto\/reserva-pvmt1-tijuana-mexico\/#primaryimage","url":"https:\/\/polyvagalbodyworkers.com\/wp-content\/uploads\/2026\/03\/WhatsApp-Image-2026-03-12-at-14.27.09.webp","contentUrl":"https:\/\/polyvagalbodyworkers.com\/wp-content\/uploads\/2026\/03\/WhatsApp-Image-2026-03-12-at-14.27.09.webp","width":940,"height":788,"caption":"Curso presencial PVMT1 en Tijuana, formaci\u00f3n en Terapia Manual Polivagal"},{"@type":"BreadcrumbList","@id":"https:\/\/polyvagalbodyworkers.com\/producto\/reserva-pvmt1-tijuana-mexico\/#breadcrumb","itemListElement":[{"@type":"ListItem","position":1,"name":"Portada","item":"https:\/\/polyvagalbodyworkers.com\/_es\/"},{"@type":"ListItem","position":2,"name":"Tienda","item":"https:\/\/polyvagalbodyworkers.com\/_es\/tienda\/"},{"@type":"ListItem","position":3,"name":"PVMT1 | Tijuana"}]},{"@type":"WebSite","@id":"https:\/\/polyvagalbodyworkers.com\/#website","url":"https:\/\/polyvagalbodyworkers.com\/","name":"Polivagal Bodyworkers","description":"Instituto de Formaci\u00f3n Polivagal para Bodyworkers","publisher":{"@id":"https:\/\/polyvagalbodyworkers.com\/#organization"},"potentialAction":[{"@type":"SearchAction","target":{"@type":"EntryPoint","urlTemplate":"https:\/\/polyvagalbodyworkers.com\/?s={search_term_string}"},"query-input":{"@type":"PropertyValueSpecification","valueRequired":true,"valueName":"search_term_string"}}],"inLanguage":"es"},{"@type":"Organization","@id":"https:\/\/polyvagalbodyworkers.com\/#organization","name":"POLYVAGAL BODYWORKERS","url":"https:\/\/polyvagalbodyworkers.com\/","logo":{"@type":"ImageObject","inLanguage":"es","@id":"https:\/\/polyvagalbodyworkers.com\/#\/schema\/logo\/image\/","url":"https:\/\/polyvagalbodyworkers.com\/wp-content\/uploads\/2025\/01\/Polyvagal-Bodyworkers-LOGO.webp","contentUrl":"https:\/\/polyvagalbodyworkers.com\/wp-content\/uploads\/2025\/01\/Polyvagal-Bodyworkers-LOGO.webp","width":1350,"height":1350,"caption":"POLYVAGAL BODYWORKERS"},"image":{"@id":"https:\/\/polyvagalbodyworkers.com\/#\/schema\/logo\/image\/"}}]}},"_links":{"self":[{"href":"https:\/\/polyvagalbodyworkers.com\/_es\/wp-json\/wp\/v2\/product\/3734","targetHints":{"allow":["GET"]}}],"collection":[{"href":"https:\/\/polyvagalbodyworkers.com\/_es\/wp-json\/wp\/v2\/product"}],"about":[{"href":"https:\/\/polyvagalbodyworkers.com\/_es\/wp-json\/wp\/v2\/types\/product"}],"wp:featuredmedia":[{"embeddable":true,"href":"https:\/\/polyvagalbodyworkers.com\/_es\/wp-json\/wp\/v2\/media\/3766"}],"wp:attachment":[{"href":"https:\/\/polyvagalbodyworkers.com\/_es\/wp-json\/wp\/v2\/media?parent=3734"}],"wp:term":[{"taxonomy":"product_brand","embeddable":true,"href":"https:\/\/polyvagalbodyworkers.com\/_es\/wp-json\/wp\/v2\/product_brand?post=3734"},{"taxonomy":"product_cat","embeddable":true,"href":"https:\/\/polyvagalbodyworkers.com\/_es\/wp-json\/wp\/v2\/product_cat?post=3734"},{"taxonomy":"product_tag","embeddable":true,"href":"https:\/\/polyvagalbodyworkers.com\/_es\/wp-json\/wp\/v2\/product_tag?post=3734"}],"curies":[{"name":"wp","href":"https:\/\/api.w.org\/{rel}","templated":true}]}}