{"id":4311,"date":"2026-03-27T17:42:31","date_gmt":"2026-03-27T17:42:31","guid":{"rendered":"https:\/\/polyvagalbodyworkers.com\/?post_type=product&#038;p=4311"},"modified":"2026-05-12T16:51:42","modified_gmt":"2026-05-12T16:51:42","slug":"cans-2-caba","status":"publish","type":"product","link":"https:\/\/polyvagalbodyworkers.com\/_es\/producto\/cans-2-caba\/","title":{"rendered":"CANS 2 | CABA"},"content":{"rendered":"<h2 data-start=\"242\" data-end=\"299\">\ud83e\udde0 Terapia Manual Polivagal CANS 2 CABA\u2013 Octubre 2026<\/h2>\n<p data-start=\"179\" data-end=\"642\"><strong data-start=\"179\" data-end=\"230\">Terapia Manual Polivagal CANS 2 CABA, Argentina<\/strong> es una formaci\u00f3n avanzada de tres d\u00edas que profundiza el <strong data-start=\"292\" data-end=\"350\">abordaje cl\u00ednico del sistema nervioso aut\u00f3nomo craneal<\/strong>, integrando de manera m\u00e1s precisa la interacci\u00f3n entre <strong data-start=\"406\" data-end=\"458\">estructuras vasculares, neurol\u00f3gicas y fasciales<\/strong>.<\/p>\n<p data-start=\"644\" data-end=\"1071\">Durante la formaci\u00f3n <strong data-start=\"665\" data-end=\"694\">CANS 2 en CABA, Argentina<\/strong>, se avanzar\u00e1 en la intervenci\u00f3n sobre <strong data-start=\"733\" data-end=\"768\">circuitos auton\u00f3micos complejos<\/strong>, refinando la capacidad de percepci\u00f3n y tratamiento a trav\u00e9s de la <strong data-start=\"836\" data-end=\"859\">escucha diferencial<\/strong>. Se profundiza en la coordinaci\u00f3n entre la <strong data-start=\"903\" data-end=\"943\">regulaci\u00f3n simp\u00e1tica y parasimp\u00e1tica<\/strong>, incorporando abordajes m\u00e1s integrativos que permiten trabajar <strong data-start=\"1007\" data-end=\"1049\">patrones disfuncionales m\u00e1s arraigados<\/strong> del sistema nervioso.<\/p>\n<p data-start=\"1073\" data-end=\"1438\">Esta formaci\u00f3n potencia la <strong data-start=\"1100\" data-end=\"1135\">capacidad cl\u00ednica del terapeuta<\/strong> para abordar cuadros m\u00e1s complejos y persistentes, facilitando procesos de <strong data-start=\"1211\" data-end=\"1234\">regulaci\u00f3n profunda<\/strong> en s\u00edntomas asociados al <strong data-start=\"1260\" data-end=\"1313\">estr\u00e9s cr\u00f3nico, trauma, disfunciones neurol\u00f3gicas<\/strong> y alteraciones del <strong data-start=\"1333\" data-end=\"1363\">equilibrio neurovegetativo<\/strong>, desde un enfoque <strong data-start=\"1382\" data-end=\"1437\">preciso, respetuoso y basado en la Teor\u00eda Polivagal<\/strong>.<\/p>\n<hr data-start=\"1440\" data-end=\"1443\" \/>\n<h4 data-start=\"1445\" data-end=\"1476\">\ud83e\udde0 TRATAMIENTOS PRINCIPALES<\/h4>\n<ul data-start=\"1478\" data-end=\"1830\">\n<li data-start=\"1756\" data-end=\"1830\">\n<p data-start=\"1475\" data-end=\"1554\">Intervenci\u00f3n avanzada sobre circuitos auton\u00f3micos craneales complejos<\/p>\n<\/li>\n<li data-start=\"1756\" data-end=\"1830\">\n<p data-start=\"1475\" data-end=\"1554\">Integraci\u00f3n funcional entre plexos, ganglios y sistema vascular cerebral<\/p>\n<\/li>\n<li data-start=\"1756\" data-end=\"1830\">\n<p data-start=\"1475\" data-end=\"1554\">Profundizaci\u00f3n en la regulaci\u00f3n del nervio vago y sus conexiones<\/p>\n<\/li>\n<li data-start=\"1756\" data-end=\"1830\">\n<p data-start=\"1475\" data-end=\"1554\">Escucha diferencial refinada en arterias encef\u00e1licas y din\u00e1micas de flujo<\/p>\n<\/li>\n<li data-start=\"1756\" data-end=\"1830\">\n<p data-start=\"1475\" data-end=\"1554\">Abordaje de patrones disfuncionales cr\u00f3nicos del sistema nervioso aut\u00f3nomo<\/p>\n<\/li>\n<li data-start=\"1756\" data-end=\"1830\">\n<p data-start=\"1475\" data-end=\"1554\">Aplicaci\u00f3n cl\u00ednica integrada de la ley de la arteria en contextos complejos<\/p>\n<\/li>\n<\/ul>\n<p>&nbsp;<\/p>\n<hr data-start=\"1832\" data-end=\"1835\" \/>\n<h4 data-start=\"1308\" data-end=\"1336\">\ud83d\udcc5 Informaci\u00f3n del Curso<\/h4>\n<ul data-start=\"213\" data-end=\"787\">\n<li data-start=\"213\" data-end=\"279\">\n<p data-start=\"215\" data-end=\"279\"><strong data-start=\"215\" data-end=\"226\">Fechas: <\/strong>15, 16 y 17 de octubre de 2026.<\/p>\n<\/li>\n<li data-start=\"281\" data-end=\"428\">\n<p data-start=\"283\" data-end=\"428\"><strong data-start=\"283\" data-end=\"295\">Horario: <\/strong>De 9:00 a 13:00 y de 14:30 a 17:30 h<br data-start=\"358\" data-end=\"361\" \/>\u00a0\u00a0\u00a0\u00a0<em data-start=\"385\" data-end=\"428\">(Registro el primer d\u00eda a las 8:30 a.\u202fm.)<\/em><\/p>\n<\/li>\n<li data-start=\"430\" data-end=\"487\">\n<p data-start=\"432\" data-end=\"487\"><strong data-start=\"432\" data-end=\"446\">Ubicaci\u00f3n: <\/strong>CABA, Argentina.<\/p>\n<\/li>\n<li data-start=\"489\" data-end=\"542\">\n<p data-start=\"491\" data-end=\"542\"><strong data-start=\"491\" data-end=\"505\">Modalidad: <\/strong>Presencial.<\/p>\n<\/li>\n<li data-start=\"544\" data-end=\"615\">\n<p data-start=\"546\" data-end=\"615\"><strong data-start=\"546\" data-end=\"559\">Duraci\u00f3n: <\/strong>3 d\u00edas de formaci\u00f3n intensiva.<\/p>\n<\/li>\n<li data-start=\"617\" data-end=\"787\">\n<p data-start=\"619\" data-end=\"787\"><strong data-start=\"619\" data-end=\"631\">Incluye: <\/strong>Diploma oficial y gu\u00eda de estudio.<\/p>\n<\/li>\n<\/ul>\n<p>&nbsp;<\/p>\n<hr data-start=\"2153\" data-end=\"2156\" \/>\n<h4 data-start=\"2158\" data-end=\"2176\">\ud83d\udc68\u200d\ud83c\udfeb Profesor<\/h4>\n<ul data-start=\"2178\" data-end=\"2276\">\n<li data-start=\"2178\" data-end=\"2276\">\n<p data-start=\"2180\" data-end=\"2276\"><strong data-start=\"2180\" data-end=\"2197\">Mat\u00edas Chahab<\/strong>, PT, DO, BI-D, PVMT<br data-start=\"2217\" data-end=\"2220\" \/>Creador y desarrollador de la Terapia Manual Polivagal<\/p>\n<\/li>\n<\/ul>\n<p>&nbsp;<\/p>\n<hr data-start=\"1516\" data-end=\"1519\" \/>\n<h4 data-start=\"1521\" data-end=\"1537\">\ud83d\udcb0 Inversi\u00f3n:<\/h4>\n<p>Valor total: $650 D\u00f3lares .<\/p>\n<p>Reserva:\u00a0$150 Dolares (transferencia).<\/p>\n<hr \/>\n<h4 class=\"fusion-responsive-typography-calculated\" data-start=\"1426\" data-end=\"1456\" data-fontsize=\"32\" data-lineheight=\"48px\">\ud83d\udd39 Para reservar tu lugar:<\/h4>\n<p data-start=\"1458\" data-end=\"1530\"><strong data-start=\"1458\" data-end=\"1530\">Paso 1: Realiza una transferencia de 150 US d\u00f3lares a los siguientes datos:<\/strong><\/p>\n<ul data-start=\"1532\" data-end=\"1690\">\n<li data-start=\"1532\" data-end=\"1570\">\n<p data-start=\"1534\" data-end=\"1570\"><strong data-start=\"1534\" data-end=\"1545\">Nombre:<\/strong>\u00a0Mat\u00edas Fernando Chahab<\/p>\n<\/li>\n<li data-start=\"1571\" data-end=\"1593\">\n<p data-start=\"1573\" data-end=\"1593\"><strong data-start=\"1573\" data-end=\"1583\">Banco:<\/strong>\u00a0Galicia<\/p>\n<\/li>\n<li data-start=\"1594\" data-end=\"1630\">\n<p data-start=\"1596\" data-end=\"1630\"><strong data-start=\"1596\" data-end=\"1604\">CBU:<\/strong>\u00a000701286-31004007568183<\/p>\n<\/li>\n<li data-start=\"1631\" data-end=\"1664\">\n<p data-start=\"1633\" data-end=\"1664\"><strong data-start=\"1633\" data-end=\"1643\">ALIAS:<\/strong>\u00a0CUEVA.CEREAL.NOGAL<\/p>\n<\/li>\n<li data-start=\"1665\" data-end=\"1690\">\n<p data-start=\"1667\" data-end=\"1690\"><strong data-start=\"1667\" data-end=\"1676\">CUIL:<\/strong>\u00a020-28279125-1<\/p>\n<\/li>\n<\/ul>\n<p data-start=\"1692\" data-end=\"1810\"><strong data-start=\"1692\" data-end=\"1703\">Paso 2:<\/strong>\u00a0Env\u00eda el comprobante de tu reserva a\u00a0<a class=\"cursor-pointer\" rel=\"noopener\" data-start=\"1741\" data-end=\"1810\">pvmt@polyvagalbodyworkers.com<\/a><\/p>\n<hr data-start=\"2480\" data-end=\"2483\" \/>\n<h4 data-start=\"2485\" data-end=\"2502\">\u26a0\ufe0f Importante<\/h4>\n<ul data-start=\"2504\" data-end=\"2810\">\n<li data-start=\"2504\" data-end=\"2586\">\n<p data-start=\"2506\" data-end=\"2586\">Curso exclusivo para oste\u00f3patas o terapeutas con formaci\u00f3n en abordaje craneal.<\/p>\n<\/li>\n<li data-start=\"2587\" data-end=\"2606\">\n<p data-start=\"2589\" data-end=\"2606\">Cupos limitados.<\/p>\n<\/li>\n<li data-start=\"2607\" data-end=\"2692\">\n<p data-start=\"2609\" data-end=\"2692\">No reserves alojamiento ni vuelos hasta recibir la confirmaci\u00f3n oficial del curso.<\/p>\n<\/li>\n<li data-start=\"2693\" data-end=\"2810\">\n<p data-start=\"2695\" data-end=\"2810\"><strong>Env\u00eda el comprobante de pago de tu reserva a: <a class=\"cursor-pointer\" rel=\"noopener\" data-start=\"2741\" data-end=\"2810\">pvmt@polyvagalbodyworkers.com<\/a><\/strong><\/p>\n<\/li>\n<\/ul>\n<p>&nbsp;<\/p>\n<hr data-start=\"2812\" data-end=\"2815\" \/>\n<h4 data-start=\"2817\" data-end=\"2838\">\ud83d\udd17 Enlaces \u00fatiles<\/h4>\n<ul data-start=\"2840\" data-end=\"3084\">\n<li data-start=\"2840\" data-end=\"2941\">\n<p data-start=\"2842\" data-end=\"2941\"><a class=\"cursor-pointer\" href=\"https:\/\/polyvagalbodyworkers.com\/cans\/\" rel=\"noopener\" data-start=\"2842\" data-end=\"2939\">Curso CANS<\/a><\/p>\n<\/li>\n<li data-start=\"2942\" data-end=\"3013\">\n<p data-start=\"2944\" data-end=\"3013\"><a class=\"\" href=\"https:\/\/www.stephenporges.com\/\" target=\"_new\" rel=\"noopener\" data-start=\"2944\" data-end=\"3011\">Stephen Porges \u2013 Teor\u00eda Polivagal<\/a><\/p>\n<\/li>\n<li data-start=\"3014\" data-end=\"3084\">\n<p data-start=\"3016\" data-end=\"3084\"><a class=\"\" href=\"#\" rel=\"noopener\" data-start=\"3016\" data-end=\"3084\">Pol\u00edtica de Reembolsos y Cancelaciones \/ T\u00e9rminos y Condiciones<\/a><\/p>\n<\/li>\n<\/ul>\n<p>&nbsp;<\/p>\n<hr data-start=\"3086\" data-end=\"3089\" \/>\n<h4 data-start=\"3091\" data-end=\"3119\">\u2705 Reserva ahora tu lugar<\/h4>\n<p data-start=\"3121\" data-end=\"3411\"><strong data-start=\"3005\" data-end=\"3048\">Terapia Manual Polivagal CANS 2 en CABA<\/strong> es una oportunidad para llevar tu pr\u00e1ctica cl\u00ednica a un nivel m\u00e1s profundo y preciso. Integra, refina y potencia tu capacidad de intervenci\u00f3n sobre el sistema nervioso aut\u00f3nomo, abordando patrones complejos desde una perspectiva avanzada, respetuosa y cient\u00edficamente fundamentada.<\/p>\n","protected":false},"excerpt":{"rendered":"<p data-start=\"45\" data-end=\"343\">Formaci\u00f3n avanzada en Terapia Manual Polivagal centrada en el sistema nervioso aut\u00f3nomo craneal. Curso intensivo en CABA con Mat\u00edas Chahab. Precisi\u00f3n cl\u00ednica, neuroregulaci\u00f3n y t\u00e9cnicas manuales profundas. Solo para profesionales con experiencia en terapia craneal.<\/p>\n","protected":false},"featured_media":4337,"template":"","meta":[],"product_brand":[],"product_cat":[76,96,56],"product_tag":[61,98,89,97],"class_list":{"0":"post-4311","1":"product","2":"type-product","3":"status-publish","4":"has-post-thumbnail","6":"product_cat-cans","7":"product_cat-cans-2","8":"product_cat-cursos-argentina","9":"product_tag-argentina","10":"product_tag-caba","11":"product_tag-cans","12":"product_tag-cans-2","14":"first","15":"instock","16":"featured","17":"taxable","18":"shipping-taxable","19":"purchasable","20":"product-type-variable"},"yoast_head":"<!-- This site is optimized with the Yoast SEO plugin v27.5 - https:\/\/yoast.com\/product\/yoast-seo-wordpress\/ -->\n<title>Terapia Manual Polivagal CANS CABA \u2013 Junio 2026<\/title>\n<meta name=\"description\" content=\"Curso CANS en CABA. Sistema nervioso craneal, plexos y arterias. Formaci\u00f3n avanzada en Terapia Manual Polivagal. Reserva tu lugar hoy.\" \/>\n<meta name=\"robots\" content=\"index, follow, max-snippet:-1, max-image-preview:large, max-video-preview:-1\" \/>\n<link rel=\"canonical\" href=\"https:\/\/polyvagalbodyworkers.com\/_es\/producto\/cans-2-caba\/\" \/>\n<meta property=\"og:locale\" content=\"es_ES\" \/>\n<meta property=\"og:type\" content=\"article\" \/>\n<meta property=\"og:title\" content=\"Terapia Manual Polivagal CANS CABA \u2013 Junio 2026\" \/>\n<meta property=\"og:description\" content=\"Curso CANS en CABA. Sistema nervioso craneal, plexos y arterias. Formaci\u00f3n avanzada en Terapia Manual Polivagal. Reserva tu lugar hoy.\" \/>\n<meta property=\"og:url\" content=\"https:\/\/polyvagalbodyworkers.com\/_es\/producto\/cans-2-caba\/\" \/>\n<meta property=\"og:site_name\" content=\"Polivagal Bodyworkers\" \/>\n<meta property=\"article:modified_time\" content=\"2026-05-12T16:51:42+00:00\" \/>\n<meta property=\"og:image\" content=\"https:\/\/polyvagalbodyworkers.com\/wp-content\/uploads\/2026\/03\/Diseno-sin-titulo.webp\" \/>\n\t<meta property=\"og:image:width\" content=\"940\" \/>\n\t<meta property=\"og:image:height\" content=\"788\" \/>\n\t<meta property=\"og:image:type\" content=\"image\/webp\" \/>\n<meta name=\"twitter:card\" content=\"summary_large_image\" \/>\n<meta name=\"twitter:label1\" content=\"Tiempo de lectura\" \/>\n\t<meta name=\"twitter:data1\" content=\"3 minutos\" \/>\n<script type=\"application\/ld+json\" class=\"yoast-schema-graph\">{\"@context\":\"https:\\\/\\\/schema.org\",\"@graph\":[{\"@type\":\"WebPage\",\"@id\":\"https:\\\/\\\/polyvagalbodyworkers.com\\\/producto\\\/cans-2-caba\\\/\",\"url\":\"https:\\\/\\\/polyvagalbodyworkers.com\\\/producto\\\/cans-2-caba\\\/\",\"name\":\"Terapia Manual Polivagal CANS CABA \u2013 Junio 2026\",\"isPartOf\":{\"@id\":\"https:\\\/\\\/polyvagalbodyworkers.com\\\/#website\"},\"primaryImageOfPage\":{\"@id\":\"https:\\\/\\\/polyvagalbodyworkers.com\\\/producto\\\/cans-2-caba\\\/#primaryimage\"},\"image\":{\"@id\":\"https:\\\/\\\/polyvagalbodyworkers.com\\\/producto\\\/cans-2-caba\\\/#primaryimage\"},\"thumbnailUrl\":\"https:\\\/\\\/polyvagalbodyworkers.com\\\/wp-content\\\/uploads\\\/2026\\\/03\\\/Diseno-sin-titulo.webp\",\"datePublished\":\"2026-03-27T17:42:31+00:00\",\"dateModified\":\"2026-05-12T16:51:42+00:00\",\"description\":\"Curso CANS en CABA. Sistema nervioso craneal, plexos y arterias. Formaci\u00f3n avanzada en Terapia Manual Polivagal. Reserva tu lugar hoy.\",\"breadcrumb\":{\"@id\":\"https:\\\/\\\/polyvagalbodyworkers.com\\\/producto\\\/cans-2-caba\\\/#breadcrumb\"},\"inLanguage\":\"es\",\"potentialAction\":[{\"@type\":\"ReadAction\",\"target\":[\"https:\\\/\\\/polyvagalbodyworkers.com\\\/producto\\\/cans-2-caba\\\/\"]}]},{\"@type\":\"ImageObject\",\"inLanguage\":\"es\",\"@id\":\"https:\\\/\\\/polyvagalbodyworkers.com\\\/producto\\\/cans-2-caba\\\/#primaryimage\",\"url\":\"https:\\\/\\\/polyvagalbodyworkers.com\\\/wp-content\\\/uploads\\\/2026\\\/03\\\/Diseno-sin-titulo.webp\",\"contentUrl\":\"https:\\\/\\\/polyvagalbodyworkers.com\\\/wp-content\\\/uploads\\\/2026\\\/03\\\/Diseno-sin-titulo.webp\",\"width\":940,\"height\":788,\"caption\":\"CANS2 Octubre 2026 CABA\"},{\"@type\":\"BreadcrumbList\",\"@id\":\"https:\\\/\\\/polyvagalbodyworkers.com\\\/producto\\\/cans-2-caba\\\/#breadcrumb\",\"itemListElement\":[{\"@type\":\"ListItem\",\"position\":1,\"name\":\"Portada\",\"item\":\"https:\\\/\\\/polyvagalbodyworkers.com\\\/_es\\\/\"},{\"@type\":\"ListItem\",\"position\":2,\"name\":\"Tienda\",\"item\":\"https:\\\/\\\/polyvagalbodyworkers.com\\\/_es\\\/tienda\\\/\"},{\"@type\":\"ListItem\",\"position\":3,\"name\":\"CANS 2 | CABA\"}]},{\"@type\":\"WebSite\",\"@id\":\"https:\\\/\\\/polyvagalbodyworkers.com\\\/#website\",\"url\":\"https:\\\/\\\/polyvagalbodyworkers.com\\\/\",\"name\":\"Polivagal Bodyworkers\",\"description\":\"Instituto de Formaci\u00f3n Polivagal para Bodyworkers\",\"publisher\":{\"@id\":\"https:\\\/\\\/polyvagalbodyworkers.com\\\/#organization\"},\"potentialAction\":[{\"@type\":\"SearchAction\",\"target\":{\"@type\":\"EntryPoint\",\"urlTemplate\":\"https:\\\/\\\/polyvagalbodyworkers.com\\\/?s={search_term_string}\"},\"query-input\":{\"@type\":\"PropertyValueSpecification\",\"valueRequired\":true,\"valueName\":\"search_term_string\"}}],\"inLanguage\":\"es\"},{\"@type\":\"Organization\",\"@id\":\"https:\\\/\\\/polyvagalbodyworkers.com\\\/#organization\",\"name\":\"POLYVAGAL BODYWORKERS\",\"url\":\"https:\\\/\\\/polyvagalbodyworkers.com\\\/\",\"logo\":{\"@type\":\"ImageObject\",\"inLanguage\":\"es\",\"@id\":\"https:\\\/\\\/polyvagalbodyworkers.com\\\/#\\\/schema\\\/logo\\\/image\\\/\",\"url\":\"https:\\\/\\\/polyvagalbodyworkers.com\\\/wp-content\\\/uploads\\\/2025\\\/01\\\/Polyvagal-Bodyworkers-LOGO.webp\",\"contentUrl\":\"https:\\\/\\\/polyvagalbodyworkers.com\\\/wp-content\\\/uploads\\\/2025\\\/01\\\/Polyvagal-Bodyworkers-LOGO.webp\",\"width\":1350,\"height\":1350,\"caption\":\"POLYVAGAL BODYWORKERS\"},\"image\":{\"@id\":\"https:\\\/\\\/polyvagalbodyworkers.com\\\/#\\\/schema\\\/logo\\\/image\\\/\"}}]}<\/script>\n<!-- \/ Yoast SEO plugin. -->","yoast_head_json":{"title":"Terapia Manual Polivagal CANS CABA \u2013 Junio 2026","description":"Curso CANS en CABA. Sistema nervioso craneal, plexos y arterias. Formaci\u00f3n avanzada en Terapia Manual Polivagal. Reserva tu lugar hoy.","robots":{"index":"index","follow":"follow","max-snippet":"max-snippet:-1","max-image-preview":"max-image-preview:large","max-video-preview":"max-video-preview:-1"},"canonical":"https:\/\/polyvagalbodyworkers.com\/_es\/producto\/cans-2-caba\/","og_locale":"es_ES","og_type":"article","og_title":"Terapia Manual Polivagal CANS CABA \u2013 Junio 2026","og_description":"Curso CANS en CABA. Sistema nervioso craneal, plexos y arterias. Formaci\u00f3n avanzada en Terapia Manual Polivagal. Reserva tu lugar hoy.","og_url":"https:\/\/polyvagalbodyworkers.com\/_es\/producto\/cans-2-caba\/","og_site_name":"Polivagal Bodyworkers","article_modified_time":"2026-05-12T16:51:42+00:00","og_image":[{"width":940,"height":788,"url":"https:\/\/polyvagalbodyworkers.com\/wp-content\/uploads\/2026\/03\/Diseno-sin-titulo.webp","type":"image\/webp"}],"twitter_card":"summary_large_image","twitter_misc":{"Tiempo de lectura":"3 minutos"},"schema":{"@context":"https:\/\/schema.org","@graph":[{"@type":"WebPage","@id":"https:\/\/polyvagalbodyworkers.com\/producto\/cans-2-caba\/","url":"https:\/\/polyvagalbodyworkers.com\/producto\/cans-2-caba\/","name":"Terapia Manual Polivagal CANS CABA \u2013 Junio 2026","isPartOf":{"@id":"https:\/\/polyvagalbodyworkers.com\/#website"},"primaryImageOfPage":{"@id":"https:\/\/polyvagalbodyworkers.com\/producto\/cans-2-caba\/#primaryimage"},"image":{"@id":"https:\/\/polyvagalbodyworkers.com\/producto\/cans-2-caba\/#primaryimage"},"thumbnailUrl":"https:\/\/polyvagalbodyworkers.com\/wp-content\/uploads\/2026\/03\/Diseno-sin-titulo.webp","datePublished":"2026-03-27T17:42:31+00:00","dateModified":"2026-05-12T16:51:42+00:00","description":"Curso CANS en CABA. Sistema nervioso craneal, plexos y arterias. Formaci\u00f3n avanzada en Terapia Manual Polivagal. Reserva tu lugar hoy.","breadcrumb":{"@id":"https:\/\/polyvagalbodyworkers.com\/producto\/cans-2-caba\/#breadcrumb"},"inLanguage":"es","potentialAction":[{"@type":"ReadAction","target":["https:\/\/polyvagalbodyworkers.com\/producto\/cans-2-caba\/"]}]},{"@type":"ImageObject","inLanguage":"es","@id":"https:\/\/polyvagalbodyworkers.com\/producto\/cans-2-caba\/#primaryimage","url":"https:\/\/polyvagalbodyworkers.com\/wp-content\/uploads\/2026\/03\/Diseno-sin-titulo.webp","contentUrl":"https:\/\/polyvagalbodyworkers.com\/wp-content\/uploads\/2026\/03\/Diseno-sin-titulo.webp","width":940,"height":788,"caption":"CANS2 Octubre 2026 CABA"},{"@type":"BreadcrumbList","@id":"https:\/\/polyvagalbodyworkers.com\/producto\/cans-2-caba\/#breadcrumb","itemListElement":[{"@type":"ListItem","position":1,"name":"Portada","item":"https:\/\/polyvagalbodyworkers.com\/_es\/"},{"@type":"ListItem","position":2,"name":"Tienda","item":"https:\/\/polyvagalbodyworkers.com\/_es\/tienda\/"},{"@type":"ListItem","position":3,"name":"CANS 2 | CABA"}]},{"@type":"WebSite","@id":"https:\/\/polyvagalbodyworkers.com\/#website","url":"https:\/\/polyvagalbodyworkers.com\/","name":"Polivagal Bodyworkers","description":"Instituto de Formaci\u00f3n Polivagal para Bodyworkers","publisher":{"@id":"https:\/\/polyvagalbodyworkers.com\/#organization"},"potentialAction":[{"@type":"SearchAction","target":{"@type":"EntryPoint","urlTemplate":"https:\/\/polyvagalbodyworkers.com\/?s={search_term_string}"},"query-input":{"@type":"PropertyValueSpecification","valueRequired":true,"valueName":"search_term_string"}}],"inLanguage":"es"},{"@type":"Organization","@id":"https:\/\/polyvagalbodyworkers.com\/#organization","name":"POLYVAGAL BODYWORKERS","url":"https:\/\/polyvagalbodyworkers.com\/","logo":{"@type":"ImageObject","inLanguage":"es","@id":"https:\/\/polyvagalbodyworkers.com\/#\/schema\/logo\/image\/","url":"https:\/\/polyvagalbodyworkers.com\/wp-content\/uploads\/2025\/01\/Polyvagal-Bodyworkers-LOGO.webp","contentUrl":"https:\/\/polyvagalbodyworkers.com\/wp-content\/uploads\/2025\/01\/Polyvagal-Bodyworkers-LOGO.webp","width":1350,"height":1350,"caption":"POLYVAGAL BODYWORKERS"},"image":{"@id":"https:\/\/polyvagalbodyworkers.com\/#\/schema\/logo\/image\/"}}]}},"_links":{"self":[{"href":"https:\/\/polyvagalbodyworkers.com\/_es\/wp-json\/wp\/v2\/product\/4311","targetHints":{"allow":["GET"]}}],"collection":[{"href":"https:\/\/polyvagalbodyworkers.com\/_es\/wp-json\/wp\/v2\/product"}],"about":[{"href":"https:\/\/polyvagalbodyworkers.com\/_es\/wp-json\/wp\/v2\/types\/product"}],"wp:featuredmedia":[{"embeddable":true,"href":"https:\/\/polyvagalbodyworkers.com\/_es\/wp-json\/wp\/v2\/media\/4337"}],"wp:attachment":[{"href":"https:\/\/polyvagalbodyworkers.com\/_es\/wp-json\/wp\/v2\/media?parent=4311"}],"wp:term":[{"taxonomy":"product_brand","embeddable":true,"href":"https:\/\/polyvagalbodyworkers.com\/_es\/wp-json\/wp\/v2\/product_brand?post=4311"},{"taxonomy":"product_cat","embeddable":true,"href":"https:\/\/polyvagalbodyworkers.com\/_es\/wp-json\/wp\/v2\/product_cat?post=4311"},{"taxonomy":"product_tag","embeddable":true,"href":"https:\/\/polyvagalbodyworkers.com\/_es\/wp-json\/wp\/v2\/product_tag?post=4311"}],"curies":[{"name":"wp","href":"https:\/\/api.w.org\/{rel}","templated":true}]}}